{"id":177,"date":"2014-04-10T14:14:29","date_gmt":"2014-04-10T14:14:29","guid":{"rendered":"http:\/\/wordpress.educom.pt\/TIC-Portugal-14\/?page_id=177"},"modified":"2014-04-16T12:28:38","modified_gmt":"2014-04-16T12:28:38","slug":"informacoes-uteis-aveiro","status":"publish","type":"page","link":"https:\/\/wordpress.educom.pt\/TIC-Portugal-14\/?page_id=177","title":{"rendered":"Informa\u00e7\u00f5es \u00fateis em Aveiro"},"content":{"rendered":"<h3>Contactos<\/h3>\n<p><span style=\"font-family: verdana, sans-serif;\">Centro de Compet\u00eancia TIC da Universidade de Aveiro<\/span><\/p>\n<p>Departamento de Educa\u00e7\u00e3o, Campus de Santiago<br \/>\n3810-193 AVEIRO, PORTUGAL<\/p>\n<p>n\u00ba interno <strong>22807<\/strong><br \/>\nn\u00ba gabinete\u00a0<strong>234 378 155<\/strong><br \/>\nn\u00ba telem\u00f3vel\u00a0<strong>91 9399018<\/strong><\/p>\n<p>&nbsp;<\/p>\n<p>CFAE de Arouca, Vale de Cambra e Oliveira de Azem\u00e9is<\/p>\n<div>Escola Secund\u00e1ria Soares Basto<br \/>\nRua General Humberto Delgado<\/div>\n<div>3720 &#8211; 240 OLIVEIRA DE AZEM\u00c9IS<\/div>\n<div>n\u00ba telefone <strong>256 600 599 \u00a0<\/strong><br \/>\nn\u00ba telem\u00f3vel\u00a0<strong>963 688 637<\/strong><\/div>\n<div><\/div>\n<div><\/div>\n<h3>Localiza\u00e7\u00e3o<\/h3>\n<p><span style=\"font-family: verdana, sans-serif;\">LOCAL &#8211; ESPA\u00c7OS DO ENCONTRO<\/span><\/p>\n<p><strong>OLIVEIRA DE AZEM\u00c9IS<\/strong><\/p>\n<div>Escola Secund\u00e1ria Soares Basto<br \/>\nRua General Humberto Delgado<\/div>\n<div>3720 &#8211; 240 OLIVEIRA DE AZEM\u00c9IS<\/div>\n<div><\/div>\n<div><\/div>\n<div><\/div>\n<p><iframe loading=\"lazy\" src=\"https:\/\/maps.google.pt\/maps?f=q&amp;source=s_q&amp;hl=pt-PT&amp;geocode=&amp;q=Escola+secund%C3%A1ria+Soares+de+Basto+Oliveira+de+Azemeis&amp;aq=&amp;sll=38.995438,-9.141194&amp;sspn=1.285035,2.463684&amp;t=h&amp;ie=UTF8&amp;hq=&amp;hnear=&amp;ll=40.835926,-8.482036&amp;spn=0.006295,0.006295&amp;iwloc=A&amp;output=embed\" height=\"350\" width=\"425\" frameborder=\"0\" marginwidth=\"0\" marginheight=\"0\" scrolling=\"no\"><\/iframe><br \/>\n<small><a style=\"color: #0000ff; text-align: left;\" href=\"https:\/\/maps.google.pt\/maps?f=q&amp;source=embed&amp;hl=pt-PT&amp;geocode=&amp;q=Escola+secund%C3%A1ria+Soares+de+Basto+Oliveira+de+Azemeis&amp;aq=&amp;sll=38.995438,-9.141194&amp;sspn=1.285035,2.463684&amp;t=h&amp;ie=UTF8&amp;hq=&amp;hnear=&amp;ll=40.835926,-8.482036&amp;spn=0.006295,0.006295&amp;iwloc=A\">Ver mapa maior<\/a><\/small><br \/>\n<b><span style=\"font-family: verdana, sans-serif;\">\u00a0<\/span><\/b><\/p>\n<h3><a href=\"https:\/\/wordpress.educom.pt\/TIC-Portugal-14\/wp-content\/uploads\/2014\/04\/15769776_RJm6F.jpeg\"><img decoding=\"async\" loading=\"lazy\" alt=\"15769776_RJm6F\" src=\"https:\/\/wordpress.educom.pt\/TIC-Portugal-14\/wp-content\/uploads\/2014\/04\/15769776_RJm6F.jpeg\" width=\"257\" height=\"131\" \/><\/a>\u00a0<a href=\"https:\/\/wordpress.educom.pt\/TIC-Portugal-14\/wp-content\/uploads\/2014\/04\/avcoa_brc_300-2.png\"><img decoding=\"async\" loading=\"lazy\" alt=\"avcoa_brc_300-2\" src=\"https:\/\/wordpress.educom.pt\/TIC-Portugal-14\/wp-content\/uploads\/2014\/04\/avcoa_brc_300-2-300x104.png\" width=\"300\" height=\"104\" \/><\/a><a href=\"https:\/\/wordpress.educom.pt\/TIC-Portugal-14\/wp-content\/uploads\/2014\/04\/aesb_logo_drupal_448.png\"><img decoding=\"async\" loading=\"lazy\" alt=\"aesb_logo_drupal_448\" src=\"https:\/\/wordpress.educom.pt\/TIC-Portugal-14\/wp-content\/uploads\/2014\/04\/aesb_logo_drupal_448-300x92.png\" width=\"300\" height=\"92\" \/><\/a><\/h3>\n","protected":false},"excerpt":{"rendered":"<p>Contactos Centro de Compet\u00eancia TIC da Universidade de Aveiro Departamento de Educa\u00e7\u00e3o, Campus de Santiago 3810-193 AVEIRO, PORTUGAL n\u00ba interno 22807 n\u00ba gabinete\u00a0234 378 155 n\u00ba telem\u00f3vel\u00a091 9399018 &nbsp; CFAE de Arouca, Vale de Cambra e Oliveira de Azem\u00e9is Escola Secund\u00e1ria Soares Basto Rua General Humberto Delgado 3720 &#8211; 240 OLIVEIRA DE AZEM\u00c9IS n\u00ba telefone [&hellip;]<\/p>\n","protected":false},"author":2,"featured_media":0,"parent":0,"menu_order":0,"comment_status":"closed","ping_status":"open","template":"","meta":[],"_links":{"self":[{"href":"https:\/\/wordpress.educom.pt\/TIC-Portugal-14\/index.php?rest_route=\/wp\/v2\/pages\/177"}],"collection":[{"href":"https:\/\/wordpress.educom.pt\/TIC-Portugal-14\/index.php?rest_route=\/wp\/v2\/pages"}],"about":[{"href":"https:\/\/wordpress.educom.pt\/TIC-Portugal-14\/index.php?rest_route=\/wp\/v2\/types\/page"}],"author":[{"embeddable":true,"href":"https:\/\/wordpress.educom.pt\/TIC-Portugal-14\/index.php?rest_route=\/wp\/v2\/users\/2"}],"replies":[{"embeddable":true,"href":"https:\/\/wordpress.educom.pt\/TIC-Portugal-14\/index.php?rest_route=%2Fwp%2Fv2%2Fcomments&post=177"}],"version-history":[{"count":8,"href":"https:\/\/wordpress.educom.pt\/TIC-Portugal-14\/index.php?rest_route=\/wp\/v2\/pages\/177\/revisions"}],"predecessor-version":[{"id":286,"href":"https:\/\/wordpress.educom.pt\/TIC-Portugal-14\/index.php?rest_route=\/wp\/v2\/pages\/177\/revisions\/286"}],"wp:attachment":[{"href":"https:\/\/wordpress.educom.pt\/TIC-Portugal-14\/index.php?rest_route=%2Fwp%2Fv2%2Fmedia&parent=177"}],"curies":[{"name":"wp","href":"https:\/\/api.w.org\/{rel}","templated":true}]}}