{"id":183,"date":"2014-04-10T14:21:36","date_gmt":"2014-04-10T14:21:36","guid":{"rendered":"http:\/\/wordpress.educom.pt\/TIC-Portugal-14\/?page_id=183"},"modified":"2014-06-23T11:43:45","modified_gmt":"2014-06-23T11:43:45","slug":"informacoes-uteis-no-monte-da-caparica","status":"publish","type":"page","link":"https:\/\/wordpress.educom.pt\/TIC-Portugal-14\/?page_id=183","title":{"rendered":"Informa\u00e7\u00f5es \u00fateis no Monte da Caparica"},"content":{"rendered":"<h3>Contacto<\/h3>\n<p><span style=\"font-family: verdana, sans-serif;\">Email<\/span><b><span style=\"font-family: verdana, sans-serif;\">\u00a0<\/span><\/b><strong><span class=\"Apple-style-span\" style=\"font-family: verdana, sans-serif;\">tic.portugal14@gmail.com <\/span><\/strong><\/p>\n<div><span style=\"font-family: verdana, sans-serif;\">Tm<\/span><b><span style=\"font-family: verdana, sans-serif;\">\u00a0<\/span><\/b><strong><span class=\"Apple-style-span\" style=\"font-family: verdana, sans-serif;\">967301886; 966491170<\/span><\/strong><\/div>\n<p>&nbsp;<\/p>\n<h3><\/h3>\n<h3>Localiza\u00e7\u00e3o<\/h3>\n<p><span style=\"font-family: verdana, sans-serif;\">LOCAL &#8211; ESPA\u00c7OS DO ENCONTRO<\/span><\/p>\n<div><span style=\"font-family: verdana, sans-serif;\"><b>MONTE DA CAPARICA<\/b><\/span><\/div>\n<div><span style=\"font-family: verdana, sans-serif;\">\u00a0<\/span><\/div>\n<div><span style=\"font-family: verdana, sans-serif;\">Faculdade de Ci\u00eancias e Tecnologia da Universidade Nova de Lisboa<\/span><\/div>\n<div><span style=\"font-family: verdana, sans-serif;\">Campus Universit\u00e1rio<\/span><\/div>\n<div><span style=\"font-family: verdana, sans-serif;\">2829-516 Caparica<\/span><\/div>\n<div><\/div>\n<p><iframe loading=\"lazy\" src=\"https:\/\/maps.google.com\/maps?t=h&amp;hl=pt-PT&amp;gl=US&amp;mapclient=embed&amp;ie=UTF8&amp;ll=38.661512,-9.206661&amp;spn=0.010087,0.019248&amp;z=16&amp;iwloc=lyrftr:m,17074790283072940631,,&amp;output=embed\" width=\"425\" height=\"350\" frameborder=\"0\" marginwidth=\"0\" marginheight=\"0\" scrolling=\"no\"><\/iframe><br \/>\n<small><a style=\"color: #0000ff; text-align: left;\" href=\"https:\/\/maps.google.com\/maps?t=h&amp;hl=pt-PT&amp;gl=US&amp;mapclient=embed&amp;ie=UTF8&amp;ll=38.661512,-9.206661&amp;spn=0.010087,0.019248&amp;z=16&amp;iwloc=lyrftr:m,17074790283072940631,,&amp;source=embed\">Ver mapa maior<\/a><\/small><\/p>\n<h3>Indica\u00e7\u00f5es de pagamento (Monte da Caparica):<\/h3>\n<div><\/div>\n<p>Para efetuar o pagamento, dever\u00e1 proceder \u00e0 transfer\u00eancia do valor correspondente \u00e0 sua situa\u00e7\u00e3o, utilizando para tal os seguintes dados:<\/p>\n<p><b>NIB:<\/b>\u00a00035 0506 00000599330 07\u00a0CGD<\/p>\n<p><b>NIF<\/b>: 503593761<\/p>\n<p>Dever\u00e1 guardar um comprovativo da opera\u00e7\u00e3o, a enviar posteriormente junto com os restantes dados da inscri\u00e7\u00e3o.<\/p>\n<p>Nota: Para formalizar a inscri\u00e7\u00e3o \u00e9 necess\u00e1rio o preenchimento e envio do formul\u00e1rio juntamente com o pagamento.<\/p>\n<p>O comprovativo deve ser submetido atrav\u00e9s do formul\u00e1rio de inscri\u00e7\u00e3o ou entregue no secretariado do evento, no pr\u00f3prio dia.<\/p>\n<h3><\/h3>\n<div>\n<h3><a href=\"https:\/\/wordpress.educom.pt\/TIC-Portugal-14\/wp-content\/uploads\/2014\/03\/logo-educom-ccTIC-1.jpg\"><img decoding=\"async\" loading=\"lazy\" src=\"https:\/\/wordpress.educom.pt\/TIC-Portugal-14\/wp-content\/uploads\/2014\/03\/logo-educom-ccTIC-1.jpg\" alt=\"logo-educom-ccTIC-1\" width=\"157\" height=\"65\" \/><\/a>\u00a0 \u00a0 \u00a0\u00a0<a href=\"https:\/\/wordpress.educom.pt\/TIC-Portugal-14\/wp-content\/uploads\/2014\/05\/fctunl_web.jpg\"><img decoding=\"async\" loading=\"lazy\" class=\"alignnone wp-image-479 size-full\" src=\"https:\/\/wordpress.educom.pt\/TIC-Portugal-14\/wp-content\/uploads\/2014\/05\/fctunl_web.jpg\" alt=\"fctunl_web\" width=\"124\" height=\"94\" \/><\/a><\/h3>\n<\/div>\n","protected":false},"excerpt":{"rendered":"<p>Contacto Email\u00a0tic.portugal14@gmail.com Tm\u00a0967301886; 966491170 &nbsp; Localiza\u00e7\u00e3o LOCAL &#8211; ESPA\u00c7OS DO ENCONTRO MONTE DA CAPARICA \u00a0 Faculdade de Ci\u00eancias e Tecnologia da Universidade Nova de Lisboa Campus Universit\u00e1rio 2829-516 Caparica Ver mapa maior Indica\u00e7\u00f5es de pagamento (Monte da Caparica): Para efetuar o pagamento, dever\u00e1 proceder \u00e0 transfer\u00eancia do valor correspondente \u00e0 sua situa\u00e7\u00e3o, utilizando para tal [&hellip;]<\/p>\n","protected":false},"author":2,"featured_media":0,"parent":0,"menu_order":0,"comment_status":"closed","ping_status":"open","template":"","meta":[],"_links":{"self":[{"href":"https:\/\/wordpress.educom.pt\/TIC-Portugal-14\/index.php?rest_route=\/wp\/v2\/pages\/183"}],"collection":[{"href":"https:\/\/wordpress.educom.pt\/TIC-Portugal-14\/index.php?rest_route=\/wp\/v2\/pages"}],"about":[{"href":"https:\/\/wordpress.educom.pt\/TIC-Portugal-14\/index.php?rest_route=\/wp\/v2\/types\/page"}],"author":[{"embeddable":true,"href":"https:\/\/wordpress.educom.pt\/TIC-Portugal-14\/index.php?rest_route=\/wp\/v2\/users\/2"}],"replies":[{"embeddable":true,"href":"https:\/\/wordpress.educom.pt\/TIC-Portugal-14\/index.php?rest_route=%2Fwp%2Fv2%2Fcomments&post=183"}],"version-history":[{"count":7,"href":"https:\/\/wordpress.educom.pt\/TIC-Portugal-14\/index.php?rest_route=\/wp\/v2\/pages\/183\/revisions"}],"predecessor-version":[{"id":567,"href":"https:\/\/wordpress.educom.pt\/TIC-Portugal-14\/index.php?rest_route=\/wp\/v2\/pages\/183\/revisions\/567"}],"wp:attachment":[{"href":"https:\/\/wordpress.educom.pt\/TIC-Portugal-14\/index.php?rest_route=%2Fwp%2Fv2%2Fmedia&parent=183"}],"curies":[{"name":"wp","href":"https:\/\/api.w.org\/{rel}","templated":true}]}}