{"id":491,"date":"2014-06-11T20:56:28","date_gmt":"2014-06-11T20:56:28","guid":{"rendered":"http:\/\/wordpress.educom.pt\/TIC-Portugal-14\/?page_id=491"},"modified":"2014-07-02T10:24:58","modified_gmt":"2014-07-02T10:24:58","slug":"ws5-producao-de-video-interativo-na-sala-de-aula-com-korsakow","status":"publish","type":"page","link":"https:\/\/wordpress.educom.pt\/TIC-Portugal-14\/?page_id=491","title":{"rendered":"WS5 \u2013 Produ\u00e7\u00e3o de v\u00eddeo interativo na sala de aula com Korsakow"},"content":{"rendered":"<p>Neste workshop prop\u00f5e-se a utiliza\u00e7\u00e3o em sala de aula da aplica\u00e7\u00e3o <em>Korsakow<\/em> para a cria\u00e7\u00e3o multim\u00e9dia. Exploram-se temas associados \u00e0 cria\u00e7\u00e3o de v\u00eddeo interativo para a internet (e.g. <em>Web 2.0<\/em> e <em>Web Sem\u00e2ntica<\/em>) explorando din\u00e2micas de jogo e de narrativas multilineares, considerando a sua aplica\u00e7\u00e3o no ensino secund\u00e1rio e universit\u00e1rio.<\/p>\n<p>Formador: Ant\u00f3nio Maneira<\/p>\n<h5>Requisitos para participa\u00e7\u00e3o<\/h5>\n<p>Os participantes devem trazer os seus computadores port\u00e1teis.<br \/>\nIdealmente dever\u00e3o fazer download do <em>Korsakow<\/em> a partir da p\u00e1gina da comunidade que mant\u00e9m a aplica\u00e7\u00e3o (<a href=\"http:\/\/korsakow.org\/download\/\" target=\"_blank\">http:\/\/korsakow.org\/download\/<\/a>) e realizar a instala\u00e7\u00e3o da mesma assim como actualizar o <em>Java<\/em> e o <em>Flash Player<\/em> essenciais para que a aplica\u00e7\u00e3o funcione devidamente. <span style=\"color: #222222;\">Sugerimos tamb\u00e9m o download do ficheiro\u00a0<\/span><a href=\"http:\/\/www.korsakow.org\/downloads\/PanoramaKorsakow.zip\" target=\"_blank\">Free starter pack of video clips and previews<\/a>.<\/p>\n<p>Estas ac\u00e7\u00f5es ser\u00e3o no entanto revistas e acompanhadas por quem n\u00e3o tenha tido oportunidade de o fazer antes do in\u00edcio do workshop.<\/p>\n","protected":false},"excerpt":{"rendered":"<p>Neste workshop prop\u00f5e-se a utiliza\u00e7\u00e3o em sala de aula da aplica\u00e7\u00e3o Korsakow para a cria\u00e7\u00e3o multim\u00e9dia. Exploram-se temas associados \u00e0 cria\u00e7\u00e3o de v\u00eddeo interativo para a internet (e.g. Web 2.0 e Web Sem\u00e2ntica) explorando din\u00e2micas de jogo e de narrativas multilineares, considerando a sua aplica\u00e7\u00e3o no ensino secund\u00e1rio e universit\u00e1rio. Formador: Ant\u00f3nio Maneira Requisitos para [&hellip;]<\/p>\n","protected":false},"author":2,"featured_media":0,"parent":0,"menu_order":0,"comment_status":"closed","ping_status":"open","template":"","meta":[],"_links":{"self":[{"href":"https:\/\/wordpress.educom.pt\/TIC-Portugal-14\/index.php?rest_route=\/wp\/v2\/pages\/491"}],"collection":[{"href":"https:\/\/wordpress.educom.pt\/TIC-Portugal-14\/index.php?rest_route=\/wp\/v2\/pages"}],"about":[{"href":"https:\/\/wordpress.educom.pt\/TIC-Portugal-14\/index.php?rest_route=\/wp\/v2\/types\/page"}],"author":[{"embeddable":true,"href":"https:\/\/wordpress.educom.pt\/TIC-Portugal-14\/index.php?rest_route=\/wp\/v2\/users\/2"}],"replies":[{"embeddable":true,"href":"https:\/\/wordpress.educom.pt\/TIC-Portugal-14\/index.php?rest_route=%2Fwp%2Fv2%2Fcomments&post=491"}],"version-history":[{"count":5,"href":"https:\/\/wordpress.educom.pt\/TIC-Portugal-14\/index.php?rest_route=\/wp\/v2\/pages\/491\/revisions"}],"predecessor-version":[{"id":645,"href":"https:\/\/wordpress.educom.pt\/TIC-Portugal-14\/index.php?rest_route=\/wp\/v2\/pages\/491\/revisions\/645"}],"wp:attachment":[{"href":"https:\/\/wordpress.educom.pt\/TIC-Portugal-14\/index.php?rest_route=%2Fwp%2Fv2%2Fmedia&parent=491"}],"curies":[{"name":"wp","href":"https:\/\/api.w.org\/{rel}","templated":true}]}}