{"id":8,"date":"2014-03-18T16:42:47","date_gmt":"2014-03-18T16:42:47","guid":{"rendered":"http:\/\/wordpress.educom.pt\/TIC-Portugal-14\/?page_id=8"},"modified":"2014-04-25T15:04:03","modified_gmt":"2014-04-25T15:04:03","slug":"home","status":"publish","type":"page","link":"https:\/\/wordpress.educom.pt\/TIC-Portugal-14\/?page_id=8","title":{"rendered":"Apresenta\u00e7\u00e3o"},"content":{"rendered":"<p><span style=\"color: #222222;\">No pr\u00f3ximo dia\u00a0<\/span><strong style=\"color: #222222;\">4 julho de 2014<\/strong><span style=\"color: #222222;\">, numa iniciativa da Associa\u00e7\u00e3o EDUCOM\/APTE (Associa\u00e7\u00e3o Portuguesa de Telem\u00e1tica Educativa), atrav\u00e9s do seu Centro de Compet\u00eancia TIC \u2013 EDUCOM, \u00a0realizar-se-\u00e1 o Encontro\u00a0<\/span><strong style=\"color: #222222;\">TIC@Portugal\u2019 2014<\/strong><span style=\"color: #222222;\">, que tem por objetivo refletir sobre as pr\u00e1ticas de uso das TIC na Educa\u00e7\u00e3o.<\/span><\/p>\n<p>Este evento, que decorre dos anteriores TIC@Algarve (seis edi\u00e7\u00f5es realizadas) e que desde o ano passado assumiu um car\u00e1ter nacional, mas descentralizado, e foi levado a cabo em colabora\u00e7\u00e3o com diversos Centros de Compet\u00eancia TIC da ERTE\/Dire\u00e7\u00e3o-Geral da Educa\u00e7\u00e3o do Minist\u00e9rio da Educa\u00e7\u00e3o e Ci\u00eancia, (localizados em\u00a0<b>Coimbra, Santar\u00e9m, Set\u00fabal e Viseu<\/b>)\u00a0\u00a0que integraram, com\u00a0<b>sess\u00f5es locais e por v\u00eddeo-confer\u00eancia<\/b>, a iniciativa\u00a0<b>TIC@Portugal&#8217;13<\/b>\u00a0que decorreu em\u00a0<b>Faro e no Monte de Caparica<\/b>\u00a0<b>no dia 5 de julho<\/b>.<\/p>\n<p>Este ano, retoma-se a excelente experi\u00eancia dos TIC@Algarve e do TIC@Portugal\u201913, para benef\u00edcio de toda a comunidade educativa do pa\u00eds. Haver\u00e1 um espa\u00e7o distribu\u00eddo e um tempo partilhado (por v\u00eddeo-confer\u00eancia) de reflex\u00e3o em torno das pr\u00e1ticas com as TIC nas escolas. Pretende-se que seja uma oportunidade para os professores apresentarem e discutirem a utiliza\u00e7\u00e3o das TIC nos processos de ensino e de aprendizagem este ano com especial enfoque na utiliza\u00e7\u00e3o de dispositivos m\u00f3veis na educa\u00e7\u00e3o.<\/p>\n","protected":false},"excerpt":{"rendered":"<p>No pr\u00f3ximo dia\u00a04 julho de 2014, numa iniciativa da Associa\u00e7\u00e3o EDUCOM\/APTE (Associa\u00e7\u00e3o Portuguesa de Telem\u00e1tica Educativa), atrav\u00e9s do seu Centro de Compet\u00eancia TIC \u2013 EDUCOM, \u00a0realizar-se-\u00e1 o Encontro\u00a0TIC@Portugal\u2019 2014, que tem por objetivo refletir sobre as pr\u00e1ticas de uso das TIC na Educa\u00e7\u00e3o. Este evento, que decorre dos anteriores TIC@Algarve (seis edi\u00e7\u00f5es realizadas) e que [&hellip;]<\/p>\n","protected":false},"author":1,"featured_media":0,"parent":0,"menu_order":0,"comment_status":"closed","ping_status":"open","template":"","meta":[],"_links":{"self":[{"href":"https:\/\/wordpress.educom.pt\/TIC-Portugal-14\/index.php?rest_route=\/wp\/v2\/pages\/8"}],"collection":[{"href":"https:\/\/wordpress.educom.pt\/TIC-Portugal-14\/index.php?rest_route=\/wp\/v2\/pages"}],"about":[{"href":"https:\/\/wordpress.educom.pt\/TIC-Portugal-14\/index.php?rest_route=\/wp\/v2\/types\/page"}],"author":[{"embeddable":true,"href":"https:\/\/wordpress.educom.pt\/TIC-Portugal-14\/index.php?rest_route=\/wp\/v2\/users\/1"}],"replies":[{"embeddable":true,"href":"https:\/\/wordpress.educom.pt\/TIC-Portugal-14\/index.php?rest_route=%2Fwp%2Fv2%2Fcomments&post=8"}],"version-history":[{"count":4,"href":"https:\/\/wordpress.educom.pt\/TIC-Portugal-14\/index.php?rest_route=\/wp\/v2\/pages\/8\/revisions"}],"predecessor-version":[{"id":383,"href":"https:\/\/wordpress.educom.pt\/TIC-Portugal-14\/index.php?rest_route=\/wp\/v2\/pages\/8\/revisions\/383"}],"wp:attachment":[{"href":"https:\/\/wordpress.educom.pt\/TIC-Portugal-14\/index.php?rest_route=%2Fwp%2Fv2%2Fmedia&parent=8"}],"curies":[{"name":"wp","href":"https:\/\/api.w.org\/{rel}","templated":true}]}}