{"id":87,"date":"2014-03-26T18:01:34","date_gmt":"2014-03-26T18:01:34","guid":{"rendered":"http:\/\/wordpress.educom.pt\/TIC-Portugal-14\/?page_id=87"},"modified":"2014-06-12T09:39:13","modified_gmt":"2014-06-12T09:39:13","slug":"informacoes-uteis-em-faro","status":"publish","type":"page","link":"https:\/\/wordpress.educom.pt\/TIC-Portugal-14\/?page_id=87","title":{"rendered":"Informa\u00e7\u00f5es \u00fateis em Faro"},"content":{"rendered":"<h3>Contacto<\/h3>\n<p><span style=\"font-family: verdana, sans-serif;\">Email<\/span><b><span style=\"font-family: verdana, sans-serif;\">\u00a0<\/span><\/b><strong><span class=\"Apple-style-span\" style=\"font-family: verdana, sans-serif;\">tic.portugal14@gmail.com<\/span><\/strong><\/p>\n<div><span style=\"font-family: verdana, sans-serif;\">Tm<\/span><b><span style=\"font-family: verdana, sans-serif;\">\u00a0<\/span><\/b><strong><span class=\"Apple-style-span\" style=\"font-family: verdana, sans-serif;\">967301886;\u00a0966491170<\/span><\/strong><\/div>\n<p>&nbsp;<\/p>\n<p>&nbsp;<\/p>\n<h3>Localiza\u00e7\u00e3o<\/h3>\n<p><span style=\"font-family: verdana, sans-serif;\">LOCAL &#8211; ESPA\u00c7OS DO ENCONTRO<\/span><\/p>\n<p><b><span style=\"font-family: verdana, sans-serif;\">FARO<\/span><\/b><\/p>\n<div><span style=\"font-family: verdana, sans-serif;\">Escola Secund\u00e1ria de Tom\u00e1s Cabreira<\/span><\/div>\n<div><span style=\"font-family: verdana, sans-serif;\">Rua Dr. Manuel de Arriaga 2<\/span><\/div>\n<div><span style=\"font-family: verdana, sans-serif;\">8000 Faro<\/span><\/div>\n<div><\/div>\n<div><\/div>\n<p><iframe loading=\"lazy\" src=\"https:\/\/maps.google.pt\/maps?ie=UTF8&amp;cid=12933095314008102005&amp;q=Escola+Secund%C3%A1ria+de+Tom%C3%A1s+Cabreira&amp;gl=PT&amp;hl=pt-PT&amp;hq=&amp;hnear=&amp;ll=37.016607,-7.927749&amp;spn=0.006295,0.006295&amp;t=h&amp;output=embed\" width=\"425\" height=\"350\" frameborder=\"0\" marginwidth=\"0\" marginheight=\"0\" scrolling=\"no\"><\/iframe><br \/>\n<small><a style=\"color: #0000ff; text-align: left;\" href=\"https:\/\/maps.google.pt\/maps?ie=UTF8&amp;cid=12933095314008102005&amp;q=Escola+Secund%C3%A1ria+de+Tom%C3%A1s+Cabreira&amp;gl=PT&amp;hl=pt-PT&amp;hq=&amp;hnear=&amp;ll=37.016607,-7.927749&amp;spn=0.006295,0.006295&amp;t=h&amp;source=embed\">Ver mapa maior<\/a><\/small><\/p>\n<p><small><\/small><span class=\"Apple-style-span\" style=\"font-family: Bitter, Georgia, serif; font-size: 22px; font-weight: bold; line-height: 28px;\"><span class=\"Apple-style-span\" style=\"font-family: 'Source Sans Pro', Helvetica, sans-serif; font-size: 16px; line-height: 24px; font-weight: normal;\">\u00a0<\/span><\/span><\/p>\n<h3>Indica\u00e7\u00f5es de pagamento (Faro):<\/h3>\n<div><\/div>\n<p>Para efetuar o pagamento, dever\u00e1 proceder \u00e0 transfer\u00eancia do valor correspondente \u00e0 sua situa\u00e7\u00e3o, utilizando para tal os seguintes dados:<\/p>\n<p><b>NIB:<\/b>\u00a00035 0506 00000599330 07\u00a0CGD<\/p>\n<p><b>NIF<\/b>: 503593761<\/p>\n<p>Dever\u00e1 guardar um comprovativo da opera\u00e7\u00e3o, a enviar posteriormente junto com os restantes dados da inscri\u00e7\u00e3o.<\/p>\n<p>Nota: Para formalizar a inscri\u00e7\u00e3o \u00e9 necess\u00e1rio o preenchimento e envio do formul\u00e1rio juntamente com o pagamento.<\/p>\n<p>O comprovativo deve ser submetido atrav\u00e9s do formul\u00e1rio de inscri\u00e7\u00e3o ou entregue no secretariado do evento, no pr\u00f3prio dia.<\/p>\n<h3><a href=\"https:\/\/wordpress.educom.pt\/TIC-Portugal-14\/wp-content\/uploads\/2014\/03\/logo-educom-ccTIC-1.jpg\"><img decoding=\"async\" loading=\"lazy\" src=\"https:\/\/wordpress.educom.pt\/TIC-Portugal-14\/wp-content\/uploads\/2014\/03\/logo-educom-ccTIC-1.jpg\" alt=\"logo-educom-ccTIC-1\" width=\"157\" height=\"65\" \/><\/a>\u00a0 \u00a0 \u00a0\u00a0<img decoding=\"async\" loading=\"lazy\" src=\"https:\/\/wordpress.educom.pt\/TIC-Portugal-14\/wp-content\/uploads\/2014\/03\/tomas_cabreira1.png\" alt=\"tomas_cabreira\" width=\"240\" height=\"90\" \/><\/h3>\n","protected":false},"excerpt":{"rendered":"<p>Contacto Email\u00a0tic.portugal14@gmail.com Tm\u00a0967301886;\u00a0966491170 &nbsp; &nbsp; Localiza\u00e7\u00e3o LOCAL &#8211; ESPA\u00c7OS DO ENCONTRO FARO Escola Secund\u00e1ria de Tom\u00e1s Cabreira Rua Dr. Manuel de Arriaga 2 8000 Faro Ver mapa maior \u00a0 Indica\u00e7\u00f5es de pagamento (Faro): Para efetuar o pagamento, dever\u00e1 proceder \u00e0 transfer\u00eancia do valor correspondente \u00e0 sua situa\u00e7\u00e3o, utilizando para tal os seguintes dados: NIB:\u00a00035 0506 [&hellip;]<\/p>\n","protected":false},"author":2,"featured_media":0,"parent":0,"menu_order":0,"comment_status":"closed","ping_status":"open","template":"","meta":[],"_links":{"self":[{"href":"https:\/\/wordpress.educom.pt\/TIC-Portugal-14\/index.php?rest_route=\/wp\/v2\/pages\/87"}],"collection":[{"href":"https:\/\/wordpress.educom.pt\/TIC-Portugal-14\/index.php?rest_route=\/wp\/v2\/pages"}],"about":[{"href":"https:\/\/wordpress.educom.pt\/TIC-Portugal-14\/index.php?rest_route=\/wp\/v2\/types\/page"}],"author":[{"embeddable":true,"href":"https:\/\/wordpress.educom.pt\/TIC-Portugal-14\/index.php?rest_route=\/wp\/v2\/users\/2"}],"replies":[{"embeddable":true,"href":"https:\/\/wordpress.educom.pt\/TIC-Portugal-14\/index.php?rest_route=%2Fwp%2Fv2%2Fcomments&post=87"}],"version-history":[{"count":17,"href":"https:\/\/wordpress.educom.pt\/TIC-Portugal-14\/index.php?rest_route=\/wp\/v2\/pages\/87\/revisions"}],"predecessor-version":[{"id":496,"href":"https:\/\/wordpress.educom.pt\/TIC-Portugal-14\/index.php?rest_route=\/wp\/v2\/pages\/87\/revisions\/496"}],"wp:attachment":[{"href":"https:\/\/wordpress.educom.pt\/TIC-Portugal-14\/index.php?rest_route=%2Fwp%2Fv2%2Fmedia&parent=87"}],"curies":[{"name":"wp","href":"https:\/\/api.w.org\/{rel}","templated":true}]}}