{"id":11,"date":"2015-10-22T23:55:36","date_gmt":"2015-10-22T23:55:36","guid":{"rendered":"http:\/\/wordpress.educom.pt\/TIC-Portugal-16\/?page_id=11"},"modified":"2016-06-24T14:26:30","modified_gmt":"2016-06-24T14:26:30","slug":"inscricao","status":"publish","type":"page","link":"https:\/\/wordpress.educom.pt\/TIC-Portugal-16\/inscricao\/","title":{"rendered":"Inscri\u00e7\u00e3o"},"content":{"rendered":"<p>Este evento \u00e9 de inscri\u00e7\u00e3o obrigat\u00f3ria.<\/p>\n<p><strong>A inscri\u00e7\u00e3o dever\u00e1 ser efetuada nos diversos locais seguindo os links abaixo indicados:<\/strong><\/p>\n<p style=\"padding-left: 30px;\"><strong>Inscri\u00e7\u00e3o no Monte de Caparica\u00a0<\/strong>(Inscri\u00e7\u00f5es encerradas)<\/p>\n<p style=\"padding-left: 30px;\"><strong>Inscri\u00e7\u00e3o em\u00a0Vila Real de Santo Ant\u00f3nio\u00a0<\/strong>(Inscri\u00e7\u00f5es encerradas)<\/p>\n<p style=\"padding-left: 30px;\"><strong><a href=\"http:\/\/goo.gl\/forms\/6FMLvil4DZLBNgf63\">Inscri\u00e7\u00e3o\u00a0em\u00a0Braga<\/a><\/strong><\/p>\n<p style=\"padding-left: 30px;\"><strong><a href=\"https:\/\/ticportugal16braganca.wordpress.com\/inscricao\/\">Inscri\u00e7\u00e3o em\u00a0Bragan\u00e7a<\/a><\/strong><\/p>\n<p style=\"padding-left: 30px;\"><strong>Inscri\u00e7\u00e3o\u00a0em\u00a0Coimbra <\/strong>(Atingiu o limite de participantes)<\/p>\n<p style=\"padding-left: 30px;\"><strong>Inscri\u00e7\u00e3o em \u00c9vora\u00a0<\/strong>(o evento foi cancelado por decis\u00e3o da organiza\u00e7\u00e3o local, em caso de d\u00favidas contacte a entidade\u00a0<strong>minerva@uevora.pt<\/strong>)<\/p>\n<p style=\"padding-left: 30px;\"><strong>Inscri\u00e7\u00e3o em Lisboa\u00a0<\/strong>(o evento foi cancelado por decis\u00e3o da organiza\u00e7\u00e3o local, em caso de d\u00favidas contacte a entidade <strong>c2ti@ie.ulisboa.pt<\/strong>)<\/p>\n<p style=\"padding-left: 30px;\"><strong><a href=\"http:\/\/goo.gl\/forms\/EDF0Nti7hw\">Inscri\u00e7\u00e3o\u00a0em\u00a0Mangualde<\/a><\/strong><\/p>\n<p style=\"padding-left: 30px;\"><strong><a href=\"https:\/\/docs.google.com\/forms\/d\/1Nq3mv0RYFFB3dRwsjSr9v3OhVnVinjjYY5dzwCQw6Gg\/viewform\">Inscri\u00e7\u00e3o em\u00a0Santar\u00e9m<\/a><\/strong><\/p>\n<p style=\"padding-left: 30px;\"><strong><a href=\"http:\/\/goo.gl\/forms\/j1cjuuynuv\">Inscri\u00e7\u00e3o em\u00a0Set\u00fabal<\/a><\/strong><\/p>\n","protected":false},"excerpt":{"rendered":"<p>Este evento \u00e9 de inscri\u00e7\u00e3o obrigat\u00f3ria. A inscri\u00e7\u00e3o dever\u00e1 ser efetuada nos diversos locais seguindo os links abaixo indicados: Inscri\u00e7\u00e3o no Monte de Caparica\u00a0(Inscri\u00e7\u00f5es encerradas) Inscri\u00e7\u00e3o em\u00a0Vila Real de Santo Ant\u00f3nio\u00a0(Inscri\u00e7\u00f5es encerradas) Inscri\u00e7\u00e3o\u00a0em\u00a0Braga Inscri\u00e7\u00e3o em\u00a0Bragan\u00e7a Inscri\u00e7\u00e3o\u00a0em\u00a0Coimbra (Atingiu o limite de participantes) Inscri\u00e7\u00e3o em \u00c9vora\u00a0(o evento foi cancelado por decis\u00e3o da organiza\u00e7\u00e3o local, em caso de &hellip; <a href=\"https:\/\/wordpress.educom.pt\/TIC-Portugal-16\/inscricao\/\" class=\"more-link\">Continuar a ler <span class=\"screen-reader-text\">Inscri\u00e7\u00e3o<\/span> <span class=\"meta-nav\">&rarr;<\/span><\/a><\/p>\n","protected":false},"author":1,"featured_media":0,"parent":0,"menu_order":0,"comment_status":"closed","ping_status":"closed","template":"","meta":[],"_links":{"self":[{"href":"https:\/\/wordpress.educom.pt\/TIC-Portugal-16\/wp-json\/wp\/v2\/pages\/11"}],"collection":[{"href":"https:\/\/wordpress.educom.pt\/TIC-Portugal-16\/wp-json\/wp\/v2\/pages"}],"about":[{"href":"https:\/\/wordpress.educom.pt\/TIC-Portugal-16\/wp-json\/wp\/v2\/types\/page"}],"author":[{"embeddable":true,"href":"https:\/\/wordpress.educom.pt\/TIC-Portugal-16\/wp-json\/wp\/v2\/users\/1"}],"replies":[{"embeddable":true,"href":"https:\/\/wordpress.educom.pt\/TIC-Portugal-16\/wp-json\/wp\/v2\/comments?post=11"}],"version-history":[{"count":17,"href":"https:\/\/wordpress.educom.pt\/TIC-Portugal-16\/wp-json\/wp\/v2\/pages\/11\/revisions"}],"predecessor-version":[{"id":8506,"href":"https:\/\/wordpress.educom.pt\/TIC-Portugal-16\/wp-json\/wp\/v2\/pages\/11\/revisions\/8506"}],"wp:attachment":[{"href":"https:\/\/wordpress.educom.pt\/TIC-Portugal-16\/wp-json\/wp\/v2\/media?parent=11"}],"curies":[{"name":"wp","href":"https:\/\/api.w.org\/{rel}","templated":true}]}}