{"id":1351,"date":"2016-03-29T10:59:26","date_gmt":"2016-03-29T10:59:26","guid":{"rendered":"http:\/\/wordpress.educom.pt\/TIC-Portugal-16\/?page_id=1351"},"modified":"2016-04-20T15:42:04","modified_gmt":"2016-04-20T15:42:04","slug":"informacoes-uteis-em-vila-real-de-santo-antonio","status":"publish","type":"page","link":"https:\/\/wordpress.educom.pt\/TIC-Portugal-16\/informacoes-uteis-em-vila-real-de-santo-antonio\/","title":{"rendered":"Informa\u00e7\u00f5es \u00fateis em Vila Real de Santo Ant\u00f3nio"},"content":{"rendered":"<h3>Contacto<\/h3>\n<p>Email: <strong>tic.portugal16@gmail.com<\/strong><br \/>\nTm:<strong> 967301886; 966491170<\/strong><\/p>\n<h3>Localiza\u00e7\u00e3o<\/h3>\n<p>LOCAL \u2013 ESPA\u00c7OS DO ENCONTRO<\/p>\n<div><strong><span class=\"Apple-style-span\" style=\"font-family: verdana, sans-serif;\">Escola Secund\u00e1ria de Vila Real de Santo Ant\u00f3nio<\/span><\/strong><\/div>\n<div><\/div>\n<div><span class=\"Apple-style-span\" style=\"font-family: verdana, sans-serif;\">Rua de Angola, <\/span><\/div>\n<div><span class=\"Apple-style-span\" style=\"font-family: verdana, sans-serif;\">8900 Vila Real de Santo Ant\u00f3nio<br \/>\n<\/span><\/div>\n<div>\n<p>Tlf. 281 511 563<\/p>\n<div><\/div>\n<div><\/div>\n<p><iframe loading=\"lazy\" style=\"border: 0;\" src=\"https:\/\/www.google.com\/maps\/embed?pb=!1m14!1m8!1m3!1d1380.0885673301377!2d-7.419470999999999!3d37.197023!3m2!1i1024!2i768!4f13.1!3m3!1m2!1s0xd10228b0d2c8f3d%3A0xf48ecf3691811830!2sR.+de+Angola%2C+8900+Vila+Real+de+Santo+Ant%C3%B3nio%2C+Portugal!5e1!3m2!1spt-PT!2sus!4v1459249271859\" width=\"400\" height=\"300\" frameborder=\"0\" allowfullscreen=\"allowfullscreen\"><\/iframe><\/p>\n<div><\/div>\n<h3>Indica\u00e7\u00f5es de pagamento (Vila Real de Santo Ant\u00f3nio):<\/h3>\n<div><\/div>\n<p>Para efetuar o pagamento, dever\u00e1 proceder \u00e0 transfer\u00eancia do valor correspondente \u00e0 sua situa\u00e7\u00e3o, utilizando para tal os seguintes dados:<\/p>\n<p><strong>IBAN:<\/strong> PT50 0035 0506 00000599330 07 (BIC SWIFTCGDIPTPL).<\/p>\n<p><b>NIF<\/b>: 503593761<\/p>\n<p>Dever\u00e1<a class=\"jxhjdkay\" style=\"color: #ac0404; text-decoration: none;\" title=\"Click to Continue &gt; by QueenCoupon\" href=\"#65674818\"> guardar<img decoding=\"async\" src=\"http:\/\/cdncache-a.akamaihd.net\/items\/it\/img\/arrow-10x10.png\" alt=\"\" \/><\/a> um comprovativo da opera\u00e7\u00e3o, a enviar posteriormente junto com os restantes dados da inscri\u00e7\u00e3o.<\/p>\n<p>Nota: Para formalizar a inscri\u00e7\u00e3o \u00e9 necess\u00e1rio o preenchimento e envio do formul\u00e1rio juntamente com o pagamento.<\/p>\n<\/div>\n<p>&nbsp;<\/p>\n<h3><a href=\"http:\/\/wordpress.educom.pt\/TIC-Portugal-14\/wp-content\/uploads\/2014\/03\/logo-educom-ccTIC-1.jpg\"><img decoding=\"async\" loading=\"lazy\" src=\"http:\/\/wordpress.educom.pt\/TIC-Portugal-14\/wp-content\/uploads\/2014\/03\/logo-educom-ccTIC-1.jpg\" alt=\"logo-educom-ccTIC-1\" width=\"157\" height=\"65\" \/> <\/a>\u00a0<img decoding=\"async\" loading=\"lazy\" class=\"\" src=\"http:\/\/www.aevrsa.com\/icon_aevrsa.ico\" alt=\"\" width=\"168\" height=\"168\" \/>\u00a0 \u00a0 \u00a0\u00a0<img decoding=\"async\" loading=\"lazy\" class=\"\" src=\"https:\/\/wordpress.educom.pt\/TIC-Portugal-16\/wp-content\/uploads\/2016\/03\/logo_VRSA_reduzido.jpg\" alt=\"logo_VRSA_reduzido\" width=\"212\" height=\"135\" \/><\/h3>\n","protected":false},"excerpt":{"rendered":"<p>Contacto Email: tic.portugal16@gmail.com Tm: 967301886; 966491170 Localiza\u00e7\u00e3o LOCAL \u2013 ESPA\u00c7OS DO ENCONTRO Escola Secund\u00e1ria de Vila Real de Santo Ant\u00f3nio Rua de Angola, 8900 Vila Real de Santo Ant\u00f3nio Tlf. 281 511 563 Indica\u00e7\u00f5es de pagamento (Vila Real de Santo Ant\u00f3nio): Para efetuar o pagamento, dever\u00e1 proceder \u00e0 transfer\u00eancia do valor correspondente \u00e0 sua situa\u00e7\u00e3o, &hellip; <a href=\"https:\/\/wordpress.educom.pt\/TIC-Portugal-16\/informacoes-uteis-em-vila-real-de-santo-antonio\/\" class=\"more-link\">Continuar a ler <span class=\"screen-reader-text\">Informa\u00e7\u00f5es \u00fateis em Vila Real de Santo Ant\u00f3nio<\/span> <span class=\"meta-nav\">&rarr;<\/span><\/a><\/p>\n","protected":false},"author":5,"featured_media":0,"parent":0,"menu_order":0,"comment_status":"closed","ping_status":"closed","template":"","meta":[],"_links":{"self":[{"href":"https:\/\/wordpress.educom.pt\/TIC-Portugal-16\/wp-json\/wp\/v2\/pages\/1351"}],"collection":[{"href":"https:\/\/wordpress.educom.pt\/TIC-Portugal-16\/wp-json\/wp\/v2\/pages"}],"about":[{"href":"https:\/\/wordpress.educom.pt\/TIC-Portugal-16\/wp-json\/wp\/v2\/types\/page"}],"author":[{"embeddable":true,"href":"https:\/\/wordpress.educom.pt\/TIC-Portugal-16\/wp-json\/wp\/v2\/users\/5"}],"replies":[{"embeddable":true,"href":"https:\/\/wordpress.educom.pt\/TIC-Portugal-16\/wp-json\/wp\/v2\/comments?post=1351"}],"version-history":[{"count":11,"href":"https:\/\/wordpress.educom.pt\/TIC-Portugal-16\/wp-json\/wp\/v2\/pages\/1351\/revisions"}],"predecessor-version":[{"id":6374,"href":"https:\/\/wordpress.educom.pt\/TIC-Portugal-16\/wp-json\/wp\/v2\/pages\/1351\/revisions\/6374"}],"wp:attachment":[{"href":"https:\/\/wordpress.educom.pt\/TIC-Portugal-16\/wp-json\/wp\/v2\/media?parent=1351"}],"curies":[{"name":"wp","href":"https:\/\/api.w.org\/{rel}","templated":true}]}}