{"id":1355,"date":"2016-03-29T11:22:57","date_gmt":"2016-03-29T11:22:57","guid":{"rendered":"http:\/\/wordpress.educom.pt\/TIC-Portugal-16\/?page_id=1355"},"modified":"2016-04-20T15:44:07","modified_gmt":"2016-04-20T15:44:07","slug":"informacoes-uteis-no-monte-de-caparica","status":"publish","type":"page","link":"https:\/\/wordpress.educom.pt\/TIC-Portugal-16\/informacoes-uteis-no-monte-de-caparica\/","title":{"rendered":"Informa\u00e7\u00f5es \u00fateis no Monte de Caparica"},"content":{"rendered":"<h3>Contacto<\/h3>\n<p>Email: <strong>tic.portugal16@gmail.com<\/strong><br \/>\nTm:<strong> 967301886; 966491170<\/strong><\/p>\n<div><\/div>\n<h3>Localiza\u00e7\u00e3o<\/h3>\n<p>LOCAL \u2013 ESPA\u00c7OS DO ENCONTRO<\/p>\n<div><span style=\"font-family: verdana, sans-serif;\">Faculdade de Ci\u00eancias e Tecnologia da Universidade Nova de Lisboa<\/span><\/div>\n<div><span style=\"font-family: verdana, sans-serif;\">Campus Universit\u00e1rio<\/span><\/div>\n<div>\n<p><span style=\"font-family: verdana, sans-serif;\">2829-516 Caparica<\/span><\/p>\n<div><\/div>\n<div><\/div>\n<p><iframe loading=\"lazy\" src=\"https:\/\/maps.google.com\/maps?t=h&amp;hl=pt-PT&amp;gl=US&amp;mapclient=embed&amp;ie=UTF8&amp;ll=38.661512,-9.206661&amp;spn=0.010087,0.019248&amp;z=16&amp;iwloc=lyrftr:m,17074790283072940631,,&amp;output=embed\" width=\"425\" height=\"350\" frameborder=\"0\" marginwidth=\"0\" marginheight=\"0\" scrolling=\"no\"><\/iframe><br \/>\n<small><a style=\"color: #0000ff; text-align: left;\" href=\"https:\/\/maps.google.com\/maps?t=h&amp;hl=pt-PT&amp;gl=US&amp;mapclient=embed&amp;ie=UTF8&amp;ll=38.661512,-9.206661&amp;spn=0.010087,0.019248&amp;z=16&amp;iwloc=lyrftr:m,17074790283072940631,,&amp;source=embed\">Ver mapa maior<\/a><\/small><\/p>\n<h3>Indica\u00e7\u00f5es de pagamento (Monte da Caparica):<\/h3>\n<div><\/div>\n<p>Para efetuar o pagamento, dever\u00e1 proceder \u00e0 transfer\u00eancia do valor correspondente \u00e0 sua situa\u00e7\u00e3o, utilizando para tal os seguintes dados:<\/p>\n<p><strong>IBAN<\/strong>: PT50 0035 0506 00000599330 07 (BIC SWIFTCGDIPTPL).<\/p>\n<p><b>NIF<\/b>: 503593761<\/p>\n<p>Dever\u00e1 guardar um comprovativo da opera\u00e7\u00e3o, a enviar posteriormente junto com os restantes dados da inscri\u00e7\u00e3o.<\/p>\n<p>Nota: Para formalizar a inscri\u00e7\u00e3o \u00e9 necess\u00e1rio o preenchimento e envio do formul\u00e1rio juntamente com o pagamento.<\/p>\n<p>&nbsp;<\/p>\n<\/div>\n<p><a href=\"http:\/\/wordpress.educom.pt\/TIC-Portugal-14\/wp-content\/uploads\/2014\/03\/logo-educom-ccTIC-1.jpg\"><img decoding=\"async\" loading=\"lazy\" src=\"http:\/\/wordpress.educom.pt\/TIC-Portugal-14\/wp-content\/uploads\/2014\/03\/logo-educom-ccTIC-1.jpg\" alt=\"logo-educom-ccTIC-1\" width=\"157\" height=\"65\" \/><\/a>\u00a0 \u00a0 \u00a0\u00a0<a href=\"http:\/\/wordpress.educom.pt\/TIC-Portugal-14\/wp-content\/uploads\/2014\/05\/fctunl_web.jpg\"><img decoding=\"async\" loading=\"lazy\" class=\"alignnone wp-image-479 size-full\" src=\"http:\/\/wordpress.educom.pt\/TIC-Portugal-14\/wp-content\/uploads\/2014\/05\/fctunl_web.jpg\" alt=\"fctunl_web\" width=\"124\" height=\"94\" \/><\/a><\/p>\n","protected":false},"excerpt":{"rendered":"<p>Contacto Email: tic.portugal16@gmail.com Tm: 967301886; 966491170 Localiza\u00e7\u00e3o LOCAL \u2013 ESPA\u00c7OS DO ENCONTRO Faculdade de Ci\u00eancias e Tecnologia da Universidade Nova de Lisboa Campus Universit\u00e1rio 2829-516 Caparica Ver mapa maior Indica\u00e7\u00f5es de pagamento (Monte da Caparica): Para efetuar o pagamento, dever\u00e1 proceder \u00e0 transfer\u00eancia do valor correspondente \u00e0 sua situa\u00e7\u00e3o, utilizando para tal os seguintes dados: &hellip; <a href=\"https:\/\/wordpress.educom.pt\/TIC-Portugal-16\/informacoes-uteis-no-monte-de-caparica\/\" class=\"more-link\">Continuar a ler <span class=\"screen-reader-text\">Informa\u00e7\u00f5es \u00fateis no Monte de Caparica<\/span> <span class=\"meta-nav\">&rarr;<\/span><\/a><\/p>\n","protected":false},"author":5,"featured_media":0,"parent":0,"menu_order":0,"comment_status":"closed","ping_status":"closed","template":"","meta":[],"_links":{"self":[{"href":"https:\/\/wordpress.educom.pt\/TIC-Portugal-16\/wp-json\/wp\/v2\/pages\/1355"}],"collection":[{"href":"https:\/\/wordpress.educom.pt\/TIC-Portugal-16\/wp-json\/wp\/v2\/pages"}],"about":[{"href":"https:\/\/wordpress.educom.pt\/TIC-Portugal-16\/wp-json\/wp\/v2\/types\/page"}],"author":[{"embeddable":true,"href":"https:\/\/wordpress.educom.pt\/TIC-Portugal-16\/wp-json\/wp\/v2\/users\/5"}],"replies":[{"embeddable":true,"href":"https:\/\/wordpress.educom.pt\/TIC-Portugal-16\/wp-json\/wp\/v2\/comments?post=1355"}],"version-history":[{"count":9,"href":"https:\/\/wordpress.educom.pt\/TIC-Portugal-16\/wp-json\/wp\/v2\/pages\/1355\/revisions"}],"predecessor-version":[{"id":6375,"href":"https:\/\/wordpress.educom.pt\/TIC-Portugal-16\/wp-json\/wp\/v2\/pages\/1355\/revisions\/6375"}],"wp:attachment":[{"href":"https:\/\/wordpress.educom.pt\/TIC-Portugal-16\/wp-json\/wp\/v2\/media?parent=1355"}],"curies":[{"name":"wp","href":"https:\/\/api.w.org\/{rel}","templated":true}]}}