{"id":1375,"date":"2016-03-29T15:21:29","date_gmt":"2016-03-29T15:21:29","guid":{"rendered":"http:\/\/wordpress.educom.pt\/TIC-Portugal-16\/?page_id=1375"},"modified":"2016-06-30T18:20:34","modified_gmt":"2016-06-30T18:20:34","slug":"programa-em-vila-real-de-santo-antonio","status":"publish","type":"page","link":"https:\/\/wordpress.educom.pt\/TIC-Portugal-16\/programa-em-vila-real-de-santo-antonio\/","title":{"rendered":"Programa em Vila Real de Santo Ant\u00f3nio"},"content":{"rendered":"<p style=\"text-align: right;\"><strong><a href=\"https:\/\/wordpress.educom.pt\/TIC-Portugal-16\/wp-content\/uploads\/2016\/03\/programa_vila_real_santo_antonio.pdf\" rel=\"\">Programa em Vila Real de Santo Ant\u00f3nio (para imprimir)<\/a><\/strong><\/p>\n<p>9.00 Rece\u00e7\u00e3o dos participantes<\/p>\n<p><strong>9.30 Sess\u00e3o de Abertura<\/strong><\/p>\n<ul>\n<li>Secret\u00e1rio de Estado da Educa\u00e7\u00e3o, Jo\u00e3o Costa; Director da FCT-UNL, Fernando Santana (a confirmar); Presidente da Educom, Jo\u00e3o Correia de Freitas (a partir do Monte da Caparica).<\/li>\n<li>Delegado Regional do Algarve da Dire\u00e7\u00e3o-Geral dos Estabelecimentos Escolares, Francisco Marques; Diretor da ESVRSA, Vitor Junqueira (a confirmar);Vice-presidente da Educom Maria Jo\u00e3o Horta.<\/li>\n<li>Centros de Compet\u00eancia TIC associados \u00e0 iniciativa (a partir dos diversos Centros).<\/li>\n<\/ul>\n<p><strong>10.00 Confer\u00eancia pelo Professor <a href=\"https:\/\/wordpress.educom.pt\/TIC-Portugal-16\/biografias\/\">Fernando Albuquerque Costa<\/a> do Instituto de Educa\u00e7\u00e3o da Universidade de Lisboa: <em><a href=\"https:\/\/wordpress.educom.pt\/TIC-Portugal-16\/resumo\/\">O Desafio da Inclus\u00e3o Digital dos Adultos em Portugal<\/a>\u00a0<\/em><em>(Sala de Grandes Grupos &#8211; Audit\u00f3rio)<\/em><\/strong><\/p>\n<p><strong>11.00 Intervalo (Coffee break)<\/strong><\/p>\n<p><strong>11.30 Comunica\u00e7\u00f5es e Partilha de Boas Pr\u00e1ticas\u00a0<\/strong><\/p>\n<p><strong>Sala C2\u00a0<\/strong>\u2013 Modera\u00e7\u00e3o: Ana Lu\u00edsa Martins<br \/>\n<strong><em>Livros com hist\u00f3ria&#8230; das palavras de papel ao digital\u00a0<\/em><\/strong>(Cristina Barcoso)<br \/>\n<span data-sheets-value=\"{&quot;1&quot;:2,&quot;2&quot;:&quot;Biblioteca Escolar: transpor limites&quot;}\" data-sheets-userformat=\"{&quot;2&quot;:515,&quot;3&quot;:{&quot;1&quot;:0},&quot;4&quot;:{&quot;1&quot;:2,&quot;2&quot;:65280},&quot;12&quot;:0}\"><strong><em>Biblioteca Escolar: transpor limites<\/em><\/strong> (N\u00e9lia Est\u00eav\u00e3o)<\/span><br \/>\n<strong><em>TIC e Artes como refor\u00e7o de motiva\u00e7\u00e3o para a aprendizagem<\/em><\/strong> (Ana Cristina Matias e Norberto Mestre)<br \/>\n<span data-sheets-value=\"{&quot;1&quot;:2,&quot;2&quot;:&quot;Blogue matem\\u00e1tico \\&quot;Teipematicando\\&quot;&quot;}\" data-sheets-userformat=\"{&quot;2&quot;:513,&quot;3&quot;:{&quot;1&quot;:0},&quot;12&quot;:0}\"><em><strong>Blogue matem\u00e1tico &#8220;Teipematicando&#8221;<\/strong><\/em> (S\u00edlvia Campelo)<\/span><br \/>\n<strong><em>Manuais digitais, e-books e uma rede social no assalto \u00e0 sala de aula\u00a0<\/em><\/strong>\u00a0(Vasco Sousa)<\/p>\n<p><strong>Sala MM\u00a0<\/strong>\u2013\u00a0Modera\u00e7\u00e3o: Maria Cristina Nunes<br \/>\n<strong><em>C\u00f3digo QR e Realidade aumentada<\/em><em> (Quiver)<\/em><\/strong> (Lu\u00eds Amaral)<br \/>\n<strong><em>Projeto &#8220;Introdu\u00e7\u00e3o \u00e0 Programa\u00e7\u00e3o no 1.\u00ba ciclo&#8221;<\/em> <\/strong>(Mafalda Cavaco e Ant\u00f3nio Gomes)<br \/>\n<strong><em>Pequenos programadores: a rob\u00f3tica virtual na aprendizagem transdisciplinar<\/em><\/strong> (Cristina Conchinha, Maria Armanda Leal e Jo\u00e3o Correia de Freitas)<br \/>\n<strong><em>FIRST Lego League &#8211; Rob\u00f3tica, Programa\u00e7\u00e3o e Inova\u00e7\u00e3o<\/em><\/strong> (Rui Murta e Jacinta Moreno)<br \/>\n<span data-sheets-value=\"{&quot;1&quot;:2,&quot;2&quot;:&quot;Programar, aprender e brincar com a rob\\u00f3tica em contexto inclusivo&quot;}\" data-sheets-userformat=\"{&quot;2&quot;:4224,&quot;10&quot;:2,&quot;15&quot;:&quot;arial,sans,sans-serif&quot;}\"><strong><em>Programar, aprender e brincar com a rob\u00f3tica em contexto inclusivo<\/em><\/strong> (Cristina Conchinha, Paulo Louren\u00e7o, Isabel Santos e Jo\u00e3o Correia de Freitas)<\/span><\/p>\n<p><strong>13.00 Almo\u00e7o livre<\/strong><\/p>\n<p><strong>14.00 Workshops\u00a0<\/strong><\/p>\n<p style=\"padding-left: 30px;\"><a href=\"https:\/\/wordpress.educom.pt\/TIC-Portugal-16\/ws-1-vila-real-de-santo-antonio\/\"><strong>WS1 &#8211; <em>Tablets<\/em> e<em> smartphones<\/em> em contexto educativo &#8211; quando? e como?<\/strong><strong>\u00a0(David Costa, Escola E. B. 1 de Marchil &#8211; Faro)<\/strong><\/a> (Sala MM)<\/p>\n<p style=\"padding-left: 30px;\"><strong><a href=\"https:\/\/wordpress.educom.pt\/TIC-Portugal-16\/ws-2-vila-real-de-santo-antonio\/\">WS2 &#8211; Introdu\u00e7\u00e3o \u00e0 rob\u00f3tica virtual e programa\u00e7\u00e3o no ensino b\u00e1sico e secund\u00e1rio\u00a0(Cristina Conchinha, finalista do doutoramento pela FCT da Universidade Nova de Lisboa)<\/a><\/strong> (Sala TIC 1)<\/p>\n<p style=\"padding-left: 30px;\"><a href=\"https:\/\/wordpress.educom.pt\/TIC-Portugal-16\/ws3-vila-real-de-santo-antonio\/\"><strong>WS3 &#8211; O clique entre a educa\u00e7\u00e3o e as tecnologias &#8211; <em>QR Code<\/em>\u00a0(Cl\u00e1udia Teixeira, Escola Secund\u00e1ria de Vila Real de Santo Ant\u00f3nio)<\/strong><\/a> (Sala TIC 2)<\/p>\n<p style=\"padding-left: 30px;\"><a href=\"https:\/\/wordpress.educom.pt\/TIC-Portugal-16\/ws4-vila-real-de-santo-antonio\/\"><strong>WS4 &#8211; Impress\u00e3o 3D para a educa\u00e7\u00e3o\u00a0(M\u00e1rio Saleiro e Bruna do Carmo, uSmart &#8211; Tecnologias Educativas)<\/strong> <\/a>(Sala TIC 3)<\/p>\n<p><strong>17.00 Intervalo (Coffee break)<\/strong><\/p>\n<p><strong>17.30 Mesa Redonda: coordenadores dos CC TIC participantes<\/strong><\/p>\n<p><strong>18.50\/ 19.00 Encerramento<\/strong><\/p>\n<ul>\n<li>Presidente da Educom; Vice-presidente da Educom; Sub-director da FCT Jos\u00e9 J\u00falio Alferes (a confirmar); Diretor Geral da Dire\u00e7\u00e3o-Geral de Educa\u00e7\u00e3o, Jos\u00e9 V\u00edtor Pedroso<\/li>\n<\/ul>\n<p style=\"text-align: right;\"><strong><a href=\"https:\/\/wordpress.educom.pt\/TIC-Portugal-16\/wp-content\/uploads\/2016\/03\/programa_vila_real_santo_antonio.pdf\" rel=\"\">Programa em Vila Real de Santo Ant\u00f3nio (para imprimir)<\/a><\/strong><\/p>\n","protected":false},"excerpt":{"rendered":"<p>Programa em Vila Real de Santo Ant\u00f3nio (para imprimir) 9.00 Rece\u00e7\u00e3o dos participantes 9.30 Sess\u00e3o de Abertura Secret\u00e1rio de Estado da Educa\u00e7\u00e3o, Jo\u00e3o Costa; Director da FCT-UNL, Fernando Santana (a confirmar); Presidente da Educom, Jo\u00e3o Correia de Freitas (a partir do Monte da Caparica). Delegado Regional do Algarve da Dire\u00e7\u00e3o-Geral dos Estabelecimentos Escolares, Francisco Marques; &hellip; <a href=\"https:\/\/wordpress.educom.pt\/TIC-Portugal-16\/programa-em-vila-real-de-santo-antonio\/\" class=\"more-link\">Continuar a ler <span class=\"screen-reader-text\">Programa em Vila Real de Santo Ant\u00f3nio<\/span> <span class=\"meta-nav\">&rarr;<\/span><\/a><\/p>\n","protected":false},"author":5,"featured_media":0,"parent":0,"menu_order":0,"comment_status":"closed","ping_status":"closed","template":"","meta":[],"_links":{"self":[{"href":"https:\/\/wordpress.educom.pt\/TIC-Portugal-16\/wp-json\/wp\/v2\/pages\/1375"}],"collection":[{"href":"https:\/\/wordpress.educom.pt\/TIC-Portugal-16\/wp-json\/wp\/v2\/pages"}],"about":[{"href":"https:\/\/wordpress.educom.pt\/TIC-Portugal-16\/wp-json\/wp\/v2\/types\/page"}],"author":[{"embeddable":true,"href":"https:\/\/wordpress.educom.pt\/TIC-Portugal-16\/wp-json\/wp\/v2\/users\/5"}],"replies":[{"embeddable":true,"href":"https:\/\/wordpress.educom.pt\/TIC-Portugal-16\/wp-json\/wp\/v2\/comments?post=1375"}],"version-history":[{"count":34,"href":"https:\/\/wordpress.educom.pt\/TIC-Portugal-16\/wp-json\/wp\/v2\/pages\/1375\/revisions"}],"predecessor-version":[{"id":8552,"href":"https:\/\/wordpress.educom.pt\/TIC-Portugal-16\/wp-json\/wp\/v2\/pages\/1375\/revisions\/8552"}],"wp:attachment":[{"href":"https:\/\/wordpress.educom.pt\/TIC-Portugal-16\/wp-json\/wp\/v2\/media?parent=1375"}],"curies":[{"name":"wp","href":"https:\/\/api.w.org\/{rel}","templated":true}]}}