{"id":15,"date":"2015-10-23T00:02:31","date_gmt":"2015-10-23T00:02:31","guid":{"rendered":"http:\/\/wordpress.educom.pt\/TIC-Portugal-16\/?page_id=15"},"modified":"2016-04-15T16:04:34","modified_gmt":"2016-04-15T16:04:34","slug":"organizacao","status":"publish","type":"page","link":"https:\/\/wordpress.educom.pt\/TIC-Portugal-16\/organizacao\/","title":{"rendered":"Organiza\u00e7\u00e3o"},"content":{"rendered":"<h3><strong>EDUCOM \u2013 Associa\u00e7\u00e3o Portuguesa de Telem\u00e1tica Educativa<\/strong><\/h3>\n<p style=\"padding-left: 30px;\">Jo\u00e3o Correia de Freitas<br \/>\nMaria Jo\u00e3o Horta<br \/>\nAnt\u00f3nio Maneira<br \/>\nAna Lu\u00edsa Gon\u00e7alves<br \/>\nSofia Batista<br \/>\nAng\u00e9lica Queiroz<br \/>\nCristina Conchinha<br \/>\nJacinta Moreno<br \/>\nDavid Costa<br \/>\nLu\u00eds Valente<br \/>\nPatr\u00edcia Fidalgo<br \/>\nEsmeralda Oliveira<br \/>\nFernando Mendon\u00e7a<br \/>\nCarlos Sousa<\/p>\n<h3>Centros de Compet\u00eancia:<\/h3>\n<p>Centro de Compet\u00eancia da ESE\/IP de Santar\u00e9m<\/p>\n<p>Centro de Compet\u00eancia da ESE\/IP de Set\u00fabal<\/p>\n<p>Centro de Compet\u00eancia da Universidade de Aveiro<\/p>\n<p>Centro de Compet\u00eancia da Universidade de \u00c9vora<\/p>\n<p>Centro de Compet\u00eancia da Universidade do Minho<\/p>\n<p>Centro de Compet\u00eancia do Instituto de Educa\u00e7\u00e3o da Universidade de Lisboa<\/p>\n<p>Centro de Compet\u00eancia Softci\u00eancias<\/p>\n<p>ESE\/IP de Bragan\u00e7a<\/p>\n<h3><strong>Parcerias:<\/strong><\/h3>\n<p style=\"padding-left: 30px;\">ALMADAFORMA<br \/>\nCFAE RIA FORMOSA (FARO)<br \/>\nCFAE LEVANTE ALGARVIO (VRSA)<br \/>\nFCT\/UNL<br \/>\nESCOLA SECUND\u00c1RIA DE VILA REAL DE SANTO ANT\u00d3NIO<\/p>\n","protected":false},"excerpt":{"rendered":"<p>EDUCOM \u2013 Associa\u00e7\u00e3o Portuguesa de Telem\u00e1tica Educativa Jo\u00e3o Correia de Freitas Maria Jo\u00e3o Horta Ant\u00f3nio Maneira Ana Lu\u00edsa Gon\u00e7alves Sofia Batista Ang\u00e9lica Queiroz Cristina Conchinha Jacinta Moreno David Costa Lu\u00eds Valente Patr\u00edcia Fidalgo Esmeralda Oliveira Fernando Mendon\u00e7a Carlos Sousa Centros de Compet\u00eancia: Centro de Compet\u00eancia da ESE\/IP de Santar\u00e9m Centro de Compet\u00eancia da ESE\/IP de &hellip; <a href=\"https:\/\/wordpress.educom.pt\/TIC-Portugal-16\/organizacao\/\" class=\"more-link\">Continuar a ler <span class=\"screen-reader-text\">Organiza\u00e7\u00e3o<\/span> <span class=\"meta-nav\">&rarr;<\/span><\/a><\/p>\n","protected":false},"author":1,"featured_media":0,"parent":0,"menu_order":0,"comment_status":"closed","ping_status":"closed","template":"","meta":[],"_links":{"self":[{"href":"https:\/\/wordpress.educom.pt\/TIC-Portugal-16\/wp-json\/wp\/v2\/pages\/15"}],"collection":[{"href":"https:\/\/wordpress.educom.pt\/TIC-Portugal-16\/wp-json\/wp\/v2\/pages"}],"about":[{"href":"https:\/\/wordpress.educom.pt\/TIC-Portugal-16\/wp-json\/wp\/v2\/types\/page"}],"author":[{"embeddable":true,"href":"https:\/\/wordpress.educom.pt\/TIC-Portugal-16\/wp-json\/wp\/v2\/users\/1"}],"replies":[{"embeddable":true,"href":"https:\/\/wordpress.educom.pt\/TIC-Portugal-16\/wp-json\/wp\/v2\/comments?post=15"}],"version-history":[{"count":8,"href":"https:\/\/wordpress.educom.pt\/TIC-Portugal-16\/wp-json\/wp\/v2\/pages\/15\/revisions"}],"predecessor-version":[{"id":6313,"href":"https:\/\/wordpress.educom.pt\/TIC-Portugal-16\/wp-json\/wp\/v2\/pages\/15\/revisions\/6313"}],"wp:attachment":[{"href":"https:\/\/wordpress.educom.pt\/TIC-Portugal-16\/wp-json\/wp\/v2\/media?parent=15"}],"curies":[{"name":"wp","href":"https:\/\/api.w.org\/{rel}","templated":true}]}}