{"id":17,"date":"2015-10-23T00:03:30","date_gmt":"2015-10-23T00:03:30","guid":{"rendered":"http:\/\/wordpress.educom.pt\/TIC-Portugal-16\/?page_id=17"},"modified":"2016-06-30T18:07:51","modified_gmt":"2016-06-30T18:07:51","slug":"programa","status":"publish","type":"page","link":"https:\/\/wordpress.educom.pt\/TIC-Portugal-16\/programa\/","title":{"rendered":"Programa"},"content":{"rendered":"<p style=\"text-align: right;\"><a href=\"https:\/\/wordpress.educom.pt\/TIC-Portugal-16\/wp-content\/uploads\/2015\/10\/Programa_Geral.pdf\" rel=\"\">Programa Geral (vers\u00e3o para impress\u00e3o)<\/a><\/p>\n<p>&nbsp;<\/p>\n<h6><strong>Programa comum partilhado por videoconfer\u00eancia:<\/strong><\/h6>\n<p>MANH\u00c3 (das 9.30 \u00e0s 11:00) E FINAL DE TARDE (das 17.30 \u00e0s 19.00) EM VIDEOCONFER\u00caNCIA MULTIPONTO<\/p>\n<p><strong>9.30 Sess\u00e3o de Abertura<\/strong><\/p>\n<ul>\n<li>Secret\u00e1rio de Estado da Educa\u00e7\u00e3o, Jo\u00e3o Costa; Director da FCT-UNL, Fernando Santana (a confirmar); Presidente da Educom, Jo\u00e3o Correia de Freitas.<\/li>\n<li>Delegado Regional do Algarve da Dire\u00e7\u00e3o-Geral dos Estabelecimentos Escolares, Francisco Marques; Diretor da ESVRSA, Vitor Junqueira (a confirmar);Vice-presidente da Educom Maria Jo\u00e3o Horta.<\/li>\n<li>Centros de Compet\u00eancia TIC associados \u00e0 iniciativa (a partir dos diversos Centros).<\/li>\n<\/ul>\n<p><strong>10.00 Confer\u00eancia pelo Professor <a href=\"https:\/\/wordpress.educom.pt\/TIC-Portugal-16\/biografias\/\">Fernando Albuquerque Costa<\/a> do Instituto de Educa\u00e7\u00e3o da Universidade de Lisboa: <em><a href=\"https:\/\/wordpress.educom.pt\/TIC-Portugal-16\/resumo\/\">O Desafio da Inclus\u00e3o Digital dos Adultos em Portugal<\/a>.<\/em><\/strong><\/p>\n<p><strong>11.00 Intervalo (Coffee break)<\/strong><\/p>\n<p><strong>11.30 Comunica\u00e7\u00f5es e Partilha de Boas Pr\u00e1ticas (consulte os respetivos programas locais)<\/strong><\/p>\n<p><strong>13.00 Almo\u00e7o livre<\/strong><\/p>\n<p><strong>14.00 Workshops (consulte os respetivos programas locais)<\/strong><\/p>\n<p><strong>17.00 Intervalo (Coffee break)<\/strong><\/p>\n<p><strong>17.30 Mesa Redonda: coordenadores dos CC TIC participantes<\/strong><\/p>\n<p><strong>18.50\/ 19.00 Encerramento<\/strong><\/p>\n<ul>\n<li>Presidente da Educom; Vice-presidente da Educom; Sub-director da FCT Jos\u00e9 J\u00falio Alferes (a confirmar); Diretor Geral da Dire\u00e7\u00e3o-Geral de Educa\u00e7\u00e3o, Jos\u00e9 V\u00edtor Pedroso.<\/li>\n<\/ul>\n<h6><strong>Programas Locais:<\/strong><\/h6>\n<p><a href=\"https:\/\/wordpress.educom.pt\/TIC-Portugal-16\/programa-no-monte-de-caparica-2\/\">Monte de Caparica<\/a><\/p>\n<p><a href=\"https:\/\/wordpress.educom.pt\/TIC-Portugal-16\/programa-em-vila-real-de-santo-antonio\/\">Vila Real de Santo Ant\u00f3nio<\/a><\/p>\n<p><a href=\"https:\/\/wordpress.educom.pt\/TIC-Portugal-16\/programa-em-braga\/\">Braga<\/a><\/p>\n<p><a href=\"https:\/\/ticportugal16braganca.wordpress.com\/programa\/\">Bragan\u00e7a<\/a><\/p>\n<p><a href=\"https:\/\/wordpress.educom.pt\/TIC-Portugal-16\/programa-em-coimbra\/\">Coimbra<\/a><\/p>\n<p><a href=\"https:\/\/wordpress.educom.pt\/TIC-Portugal-16\/programa-em-mangualde\/\">Mangualde<\/a><\/p>\n<p><a href=\"https:\/\/wordpress.educom.pt\/TIC-Portugal-16\/programa-em-santarem\/\">Santar\u00e9m<\/a><\/p>\n<p><a href=\"https:\/\/wordpress.educom.pt\/TIC-Portugal-16\/programa-em-setubal\/\">Set\u00fabal<\/a><\/p>\n<p>&nbsp;<\/p>\n<p>\u00c9vora (o evento foi cancelado por decis\u00e3o da organiza\u00e7\u00e3o local, em caso de d\u00favidas contacte a entidade\u00a0<strong>minerva@uevora.pt <\/strong>)<\/p>\n<p>Lisboa\u00a0(o evento foi cancelado por decis\u00e3o da organiza\u00e7\u00e3o local, em caso de d\u00favidas contacte a entidade<strong> c2ti@ie.ulisboa.pt<\/strong>)<\/p>\n","protected":false},"excerpt":{"rendered":"<p>Programa Geral (vers\u00e3o para impress\u00e3o) &nbsp; Programa comum partilhado por videoconfer\u00eancia: MANH\u00c3 (das 9.30 \u00e0s 11:00) E FINAL DE TARDE (das 17.30 \u00e0s 19.00) EM VIDEOCONFER\u00caNCIA MULTIPONTO 9.30 Sess\u00e3o de Abertura Secret\u00e1rio de Estado da Educa\u00e7\u00e3o, Jo\u00e3o Costa; Director da FCT-UNL, Fernando Santana (a confirmar); Presidente da Educom, Jo\u00e3o Correia de Freitas. Delegado Regional do &hellip; <a href=\"https:\/\/wordpress.educom.pt\/TIC-Portugal-16\/programa\/\" class=\"more-link\">Continuar a ler <span class=\"screen-reader-text\">Programa<\/span> <span class=\"meta-nav\">&rarr;<\/span><\/a><\/p>\n","protected":false},"author":1,"featured_media":0,"parent":0,"menu_order":0,"comment_status":"closed","ping_status":"closed","template":"","meta":[],"_links":{"self":[{"href":"https:\/\/wordpress.educom.pt\/TIC-Portugal-16\/wp-json\/wp\/v2\/pages\/17"}],"collection":[{"href":"https:\/\/wordpress.educom.pt\/TIC-Portugal-16\/wp-json\/wp\/v2\/pages"}],"about":[{"href":"https:\/\/wordpress.educom.pt\/TIC-Portugal-16\/wp-json\/wp\/v2\/types\/page"}],"author":[{"embeddable":true,"href":"https:\/\/wordpress.educom.pt\/TIC-Portugal-16\/wp-json\/wp\/v2\/users\/1"}],"replies":[{"embeddable":true,"href":"https:\/\/wordpress.educom.pt\/TIC-Portugal-16\/wp-json\/wp\/v2\/comments?post=17"}],"version-history":[{"count":27,"href":"https:\/\/wordpress.educom.pt\/TIC-Portugal-16\/wp-json\/wp\/v2\/pages\/17\/revisions"}],"predecessor-version":[{"id":8545,"href":"https:\/\/wordpress.educom.pt\/TIC-Portugal-16\/wp-json\/wp\/v2\/pages\/17\/revisions\/8545"}],"wp:attachment":[{"href":"https:\/\/wordpress.educom.pt\/TIC-Portugal-16\/wp-json\/wp\/v2\/media?parent=17"}],"curies":[{"name":"wp","href":"https:\/\/api.w.org\/{rel}","templated":true}]}}