{"id":19,"date":"2015-10-23T00:05:13","date_gmt":"2015-10-23T00:05:13","guid":{"rendered":"http:\/\/wordpress.educom.pt\/TIC-Portugal-16\/?page_id=19"},"modified":"2016-07-20T10:54:42","modified_gmt":"2016-07-20T10:54:42","slug":"informacoes","status":"publish","type":"page","link":"https:\/\/wordpress.educom.pt\/TIC-Portugal-16\/informacoes\/","title":{"rendered":"Informa\u00e7\u00f5es \u00fateis"},"content":{"rendered":"<p style=\"text-align: left;\"><a href=\"https:\/\/wordpress.educom.pt\/TIC-Portugal-16\/wp-content\/uploads\/2016\/06\/livro_resumos_tic_portugal_16.pdf\">Livro de Resumos<\/a><\/p>\n<p><strong>Contacto<\/strong><\/p>\n<p>Email: <strong>tic.portugal16@gmail.com<\/strong><br \/>\nTm:<strong> 967301886; 966491170<\/strong><\/p>\n<p>&nbsp;<\/p>\n<p><strong>Locais de Participa\u00e7\u00e3o<\/strong><\/p>\n<p><a href=\"https:\/\/wordpress.educom.pt\/TIC-Portugal-16\/informacoes-uteis-no-monte-de-caparica\/\">Informa\u00e7\u00f5es \u00fateis no Monte de Caparica<\/a><\/p>\n<p><a href=\"https:\/\/wordpress.educom.pt\/TIC-Portugal-16\/informacoes-uteis-em-vila-real-de-santo-antonio\/\">Informa\u00e7\u00f5es \u00fateis em Vila Real de Santo Ant\u00f3nio<\/a><\/p>\n<p><a href=\"https:\/\/wordpress.educom.pt\/TIC-Portugal-16\/informacoes-uteis-em-braga\/\">Informa\u00e7\u00f5es \u00fateis em Braga<\/a><\/p>\n<p><a href=\"https:\/\/wordpress.educom.pt\/TIC-Portugal-16\/informacoes-uteis-em-braganca\/\">Informa\u00e7\u00f5es \u00fateis em Bragan\u00e7a<\/a><\/p>\n<p><a href=\"https:\/\/wordpress.educom.pt\/TIC-Portugal-16\/informacoes-uteis-em-coimbra\/\">Informa\u00e7\u00f5es \u00fateis em Coimbra<\/a><\/p>\n<p><a href=\"https:\/\/wordpress.educom.pt\/TIC-Portugal-16\/informacoes-uteis-em-evora\/\">Informa\u00e7\u00f5es \u00fateis em \u00c9vora<\/a><\/p>\n<p><a href=\"https:\/\/wordpress.educom.pt\/TIC-Portugal-16\/informacoes-uteis-em-lisboa\/\">Informa\u00e7\u00f5es \u00fateis em Lisboa<\/a><\/p>\n<p><a href=\"https:\/\/wordpress.educom.pt\/TIC-Portugal-16\/informacoes-uteis-em-mangualdeaveiro\/\">Informa\u00e7\u00f5es \u00fateis em Mangualde<\/a><\/p>\n<p><a href=\"https:\/\/wordpress.educom.pt\/TIC-Portugal-16\/informacoes-uteis-em-santarem\/\">Informa\u00e7\u00f5es \u00fateis em Santar\u00e9m<\/a><\/p>\n<p><a href=\"https:\/\/wordpress.educom.pt\/TIC-Portugal-16\/informacoes-uteis-em-setubal\/\">Informa\u00e7\u00f5es \u00fateis em Set\u00fabal<\/a><\/p>\n<p>&nbsp;<\/p>\n<p><strong>Forma\u00e7\u00e3o Creditada de Curta Dura\u00e7\u00e3o<\/strong><\/p>\n<p>Informamos todos os educadores e professores que o TIC@Portugal\u201916 \u2013 Encontro de Professores sobre Utiliza\u00e7\u00e3o Educativa das TIC est\u00e1 creditado (para as sess\u00f5es a decorrer no\u00a0<strong>Monte da Caparica<\/strong>, em <strong>Vila Real de Santo Ant\u00f3nio<\/strong>,\u00a0em <strong>Bragan\u00e7a <\/strong>e em<strong> Coimbra<\/strong>), na modalidade a\u00e7\u00e3o de curta dura\u00e7\u00e3o.<\/p>\n<p>&nbsp;<\/p>\n<p><strong>Materiais do encontro<\/strong><\/p>\n<p><strong><a href=\"https:\/\/wordpress.educom.pt\/TIC-Portugal-16\/imagens-e-outros-materiais-partilhados\/\">Imagens e outros materiais partilhados<\/a><\/strong><\/p>\n","protected":false},"excerpt":{"rendered":"<p>Livro de Resumos Contacto Email: tic.portugal16@gmail.com Tm: 967301886; 966491170 &nbsp; Locais de Participa\u00e7\u00e3o Informa\u00e7\u00f5es \u00fateis no Monte de Caparica Informa\u00e7\u00f5es \u00fateis em Vila Real de Santo Ant\u00f3nio Informa\u00e7\u00f5es \u00fateis em Braga Informa\u00e7\u00f5es \u00fateis em Bragan\u00e7a Informa\u00e7\u00f5es \u00fateis em Coimbra Informa\u00e7\u00f5es \u00fateis em \u00c9vora Informa\u00e7\u00f5es \u00fateis em Lisboa Informa\u00e7\u00f5es \u00fateis em Mangualde Informa\u00e7\u00f5es \u00fateis em Santar\u00e9m &hellip; <a href=\"https:\/\/wordpress.educom.pt\/TIC-Portugal-16\/informacoes\/\" class=\"more-link\">Continuar a ler <span class=\"screen-reader-text\">Informa\u00e7\u00f5es \u00fateis<\/span> <span class=\"meta-nav\">&rarr;<\/span><\/a><\/p>\n","protected":false},"author":1,"featured_media":0,"parent":0,"menu_order":0,"comment_status":"closed","ping_status":"closed","template":"","meta":[],"_links":{"self":[{"href":"https:\/\/wordpress.educom.pt\/TIC-Portugal-16\/wp-json\/wp\/v2\/pages\/19"}],"collection":[{"href":"https:\/\/wordpress.educom.pt\/TIC-Portugal-16\/wp-json\/wp\/v2\/pages"}],"about":[{"href":"https:\/\/wordpress.educom.pt\/TIC-Portugal-16\/wp-json\/wp\/v2\/types\/page"}],"author":[{"embeddable":true,"href":"https:\/\/wordpress.educom.pt\/TIC-Portugal-16\/wp-json\/wp\/v2\/users\/1"}],"replies":[{"embeddable":true,"href":"https:\/\/wordpress.educom.pt\/TIC-Portugal-16\/wp-json\/wp\/v2\/comments?post=19"}],"version-history":[{"count":26,"href":"https:\/\/wordpress.educom.pt\/TIC-Portugal-16\/wp-json\/wp\/v2\/pages\/19\/revisions"}],"predecessor-version":[{"id":8561,"href":"https:\/\/wordpress.educom.pt\/TIC-Portugal-16\/wp-json\/wp\/v2\/pages\/19\/revisions\/8561"}],"wp:attachment":[{"href":"https:\/\/wordpress.educom.pt\/TIC-Portugal-16\/wp-json\/wp\/v2\/media?parent=19"}],"curies":[{"name":"wp","href":"https:\/\/api.w.org\/{rel}","templated":true}]}}