{"id":2289,"date":"2016-03-30T15:34:26","date_gmt":"2016-03-30T15:34:26","guid":{"rendered":"http:\/\/wordpress.educom.pt\/TIC-Portugal-16\/?page_id=2289"},"modified":"2016-03-31T11:46:17","modified_gmt":"2016-03-31T11:46:17","slug":"imagens-e-outros-materiais-partilhados","status":"publish","type":"page","link":"https:\/\/wordpress.educom.pt\/TIC-Portugal-16\/imagens-e-outros-materiais-partilhados\/","title":{"rendered":"Imagens e outros materiais partilhados"},"content":{"rendered":"<h6 class=\"entry-title\">Imagens para sites:<\/h6>\n<p>Cabe\u00e7alho\u00a0com T\u00edtulo, \u00a0Sub-t\u00edtulo\u00a0e logo EDUCOM<\/p>\n<p><a href=\"https:\/\/wordpress.educom.pt\/TIC-Portugal-16\/wp-content\/uploads\/2016\/03\/banner_completo.png\" rel=\"attachment wp-att-2290\"><img decoding=\"async\" loading=\"lazy\" class=\"alignnone size-medium wp-image-2290\" src=\"https:\/\/wordpress.educom.pt\/TIC-Portugal-16\/wp-content\/uploads\/2016\/03\/banner_completo-300x81.png\" alt=\"banner_completo\" width=\"300\" height=\"81\" srcset=\"https:\/\/wordpress.educom.pt\/TIC-Portugal-16\/wp-content\/uploads\/2016\/03\/banner_completo-300x81.png 300w, https:\/\/wordpress.educom.pt\/TIC-Portugal-16\/wp-content\/uploads\/2016\/03\/banner_completo-768x207.png 768w, https:\/\/wordpress.educom.pt\/TIC-Portugal-16\/wp-content\/uploads\/2016\/03\/banner_completo-1024x277.png 1024w, https:\/\/wordpress.educom.pt\/TIC-Portugal-16\/wp-content\/uploads\/2016\/03\/banner_completo.png 1585w\" sizes=\"(max-width: 300px) 100vw, 300px\" \/><\/a><\/p>\n<p>Cabe\u00e7alho\u00a0com T\u00edtulo, \u00a0Sub-t\u00edtulo\u00a0e logo EDUCOM (Alternativo)<\/p>\n<p><a href=\"https:\/\/wordpress.educom.pt\/TIC-Portugal-16\/wp-content\/uploads\/2016\/03\/banner_completo_alternativo.png\" rel=\"attachment wp-att-2291\"><img decoding=\"async\" loading=\"lazy\" class=\"alignnone size-medium wp-image-2291\" src=\"https:\/\/wordpress.educom.pt\/TIC-Portugal-16\/wp-content\/uploads\/2016\/03\/banner_completo_alternativo-300x27.png\" alt=\"banner_completo_alternativo\" width=\"300\" height=\"27\" srcset=\"https:\/\/wordpress.educom.pt\/TIC-Portugal-16\/wp-content\/uploads\/2016\/03\/banner_completo_alternativo-300x27.png 300w, https:\/\/wordpress.educom.pt\/TIC-Portugal-16\/wp-content\/uploads\/2016\/03\/banner_completo_alternativo-768x69.png 768w, https:\/\/wordpress.educom.pt\/TIC-Portugal-16\/wp-content\/uploads\/2016\/03\/banner_completo_alternativo-1024x92.png 1024w, https:\/\/wordpress.educom.pt\/TIC-Portugal-16\/wp-content\/uploads\/2016\/03\/banner_completo_alternativo.png 1419w\" sizes=\"(max-width: 300px) 100vw, 300px\" \/><\/a><\/p>\n<p>Apenas fundo de cabe\u00e7alho<\/p>\n<p><a href=\"https:\/\/wordpress.educom.pt\/TIC-Portugal-16\/wp-content\/uploads\/2016\/03\/banner_2-1.png\" rel=\"attachment wp-att-2293\"><img decoding=\"async\" loading=\"lazy\" class=\"alignnone size-medium wp-image-2293\" src=\"https:\/\/wordpress.educom.pt\/TIC-Portugal-16\/wp-content\/uploads\/2016\/03\/banner_2-1-300x81.png\" alt=\"banner_2\" width=\"300\" height=\"81\" srcset=\"https:\/\/wordpress.educom.pt\/TIC-Portugal-16\/wp-content\/uploads\/2016\/03\/banner_2-1-300x81.png 300w, https:\/\/wordpress.educom.pt\/TIC-Portugal-16\/wp-content\/uploads\/2016\/03\/banner_2-1-768x207.png 768w, https:\/\/wordpress.educom.pt\/TIC-Portugal-16\/wp-content\/uploads\/2016\/03\/banner_2-1-1024x277.png 1024w, https:\/\/wordpress.educom.pt\/TIC-Portugal-16\/wp-content\/uploads\/2016\/03\/banner_2-1.png 1585w\" sizes=\"(max-width: 300px) 100vw, 300px\" \/><\/a><\/p>\n<h6>Outras imagens:<\/h6>\n<p>Imagens de fundo para apresenta\u00e7\u00f5es ou desktop<\/p>\n<p><a href=\"https:\/\/wordpress.educom.pt\/TIC-Portugal-16\/wp-content\/uploads\/2016\/03\/capa_ppt.png\" rel=\"attachment wp-att-2295\"><img decoding=\"async\" loading=\"lazy\" class=\"alignnone size-medium wp-image-2295\" src=\"https:\/\/wordpress.educom.pt\/TIC-Portugal-16\/wp-content\/uploads\/2016\/03\/capa_ppt-300x214.png\" alt=\"capa_ppt\" width=\"300\" height=\"214\" srcset=\"https:\/\/wordpress.educom.pt\/TIC-Portugal-16\/wp-content\/uploads\/2016\/03\/capa_ppt-300x214.png 300w, https:\/\/wordpress.educom.pt\/TIC-Portugal-16\/wp-content\/uploads\/2016\/03\/capa_ppt-768x549.png 768w, https:\/\/wordpress.educom.pt\/TIC-Portugal-16\/wp-content\/uploads\/2016\/03\/capa_ppt.png 823w\" sizes=\"(max-width: 300px) 100vw, 300px\" \/><\/a><\/p>\n<p>Imagem de fundo A4<\/p>\n<p><a href=\"https:\/\/wordpress.educom.pt\/TIC-Portugal-16\/wp-content\/uploads\/2016\/03\/fundo_A4_completo.png\" rel=\"attachment wp-att-2296\"><img decoding=\"async\" loading=\"lazy\" class=\"alignnone size-medium wp-image-2296\" src=\"https:\/\/wordpress.educom.pt\/TIC-Portugal-16\/wp-content\/uploads\/2016\/03\/fundo_A4_completo-219x300.png\" alt=\"fundo_A4_completo\" width=\"219\" height=\"300\" srcset=\"https:\/\/wordpress.educom.pt\/TIC-Portugal-16\/wp-content\/uploads\/2016\/03\/fundo_A4_completo-219x300.png 219w, https:\/\/wordpress.educom.pt\/TIC-Portugal-16\/wp-content\/uploads\/2016\/03\/fundo_A4_completo-768x1054.png 768w, https:\/\/wordpress.educom.pt\/TIC-Portugal-16\/wp-content\/uploads\/2016\/03\/fundo_A4_completo-746x1024.png 746w, https:\/\/wordpress.educom.pt\/TIC-Portugal-16\/wp-content\/uploads\/2016\/03\/fundo_A4_completo.png 1747w\" sizes=\"(max-width: 219px) 100vw, 219px\" \/><\/a><\/p>\n<h6>Cartaz:<\/h6>\n<p><a href=\"https:\/\/wordpress.educom.pt\/TIC-Portugal-16\/wp-content\/uploads\/2016\/03\/cartaz_v03_print_1.pdf\" target=\"_blank\" rel=\"attachment wp-att-2297\"><img decoding=\"async\" loading=\"lazy\" class=\"alignnone size-medium wp-image-2297\" src=\"https:\/\/wordpress.educom.pt\/TIC-Portugal-16\/wp-content\/uploads\/2016\/03\/cartaz_thumbnail-212x300.png\" alt=\"cartaz_thumbnail\" width=\"212\" height=\"300\" \/><\/a><\/p>\n","protected":false},"excerpt":{"rendered":"<p>Imagens para sites: Cabe\u00e7alho\u00a0com T\u00edtulo, \u00a0Sub-t\u00edtulo\u00a0e logo EDUCOM Cabe\u00e7alho\u00a0com T\u00edtulo, \u00a0Sub-t\u00edtulo\u00a0e logo EDUCOM (Alternativo) Apenas fundo de cabe\u00e7alho Outras imagens: Imagens de fundo para apresenta\u00e7\u00f5es ou desktop Imagem de fundo A4 Cartaz:<\/p>\n","protected":false},"author":2,"featured_media":0,"parent":0,"menu_order":0,"comment_status":"closed","ping_status":"closed","template":"","meta":[],"_links":{"self":[{"href":"https:\/\/wordpress.educom.pt\/TIC-Portugal-16\/wp-json\/wp\/v2\/pages\/2289"}],"collection":[{"href":"https:\/\/wordpress.educom.pt\/TIC-Portugal-16\/wp-json\/wp\/v2\/pages"}],"about":[{"href":"https:\/\/wordpress.educom.pt\/TIC-Portugal-16\/wp-json\/wp\/v2\/types\/page"}],"author":[{"embeddable":true,"href":"https:\/\/wordpress.educom.pt\/TIC-Portugal-16\/wp-json\/wp\/v2\/users\/2"}],"replies":[{"embeddable":true,"href":"https:\/\/wordpress.educom.pt\/TIC-Portugal-16\/wp-json\/wp\/v2\/comments?post=2289"}],"version-history":[{"count":7,"href":"https:\/\/wordpress.educom.pt\/TIC-Portugal-16\/wp-json\/wp\/v2\/pages\/2289\/revisions"}],"predecessor-version":[{"id":2308,"href":"https:\/\/wordpress.educom.pt\/TIC-Portugal-16\/wp-json\/wp\/v2\/pages\/2289\/revisions\/2308"}],"wp:attachment":[{"href":"https:\/\/wordpress.educom.pt\/TIC-Portugal-16\/wp-json\/wp\/v2\/media?parent=2289"}],"curies":[{"name":"wp","href":"https:\/\/api.w.org\/{rel}","templated":true}]}}