{"id":2310,"date":"2016-03-31T17:22:49","date_gmt":"2016-03-31T17:22:49","guid":{"rendered":"http:\/\/wordpress.educom.pt\/TIC-Portugal-16\/?page_id=2310"},"modified":"2016-06-24T08:40:25","modified_gmt":"2016-06-24T08:40:25","slug":"programa-em-mangualde","status":"publish","type":"page","link":"https:\/\/wordpress.educom.pt\/TIC-Portugal-16\/programa-em-mangualde\/","title":{"rendered":"Programa em Mangualde"},"content":{"rendered":"<p>9.15 Rece\u00e7\u00e3o dos participantes<\/p>\n<p><strong>9.30 Sess\u00e3o de Abertura (videoconfer\u00eancia)<\/strong><\/p>\n<ul>\n<li>Presidente da Educom; Director da FCT-UNL, Doutor Fernando Santana (a confirmar); Secret\u00e1rio de Estado da Educa\u00e7\u00e3o, Jo\u00e3o Costa.<\/li>\n<li>Vice-presidente da Educom (a partir de VRSA); Diretor da ESVRSA, (a confirmar); Delegado Regional do Algarve da Dire\u00e7\u00e3o-Geral dos Estabelecimentos Escolares, Francisco Marques.<\/li>\n<li>Centros de Compet\u00eancia TIC associados \u00e0 iniciativa (a partir dos diversos Centros).<\/li>\n<\/ul>\n<p><strong>10.00 Confer\u00eancia pelo Professor <a href=\"https:\/\/wordpress.educom.pt\/TIC-Portugal-16\/biografias\/\">Fernando Albuquerque Costa<\/a> do Instituto de Educa\u00e7\u00e3o da Universidade de Lisboa: <em><a href=\"https:\/\/wordpress.educom.pt\/TIC-Portugal-16\/resumo\/\">O Desafio da Inclus\u00e3o Digital dos Adultos em Portugal<\/a>.<\/em><\/strong> (videoconfer\u00eancia)<\/p>\n<p><strong>11.00 Intervalo (Coffee break)<\/strong><\/p>\n<p><strong>11.30 Comunica\u00e7\u00f5es e Partilha de Boas Pr\u00e1ticas<\/strong><\/p>\n<ul>\n<li>EduFor Innov@tive Classroom Lab(1) (Jos\u00e9 Miguel Sousa)<\/li>\n<li>Programa\u00e7\u00e3o no 1.\u00ba Ciclo do Ensino B\u00e1sico \u2013 o caso do AE de Mangualde (Manuel Figueiredo)<\/li>\n<li>Managing for @ School of Success \u2013 um KA2 Erasmus+ envolvendo Diretores de Escola (Isabel Serra)<\/li>\n<li>Aprendizagem colaborativa em rede com eTwinning (Maria Piedade Silva)<\/li>\n<li>Geogaming: os alunos no centro de uma comunidade de investiga\u00e7\u00e3o (projeto ENAbLE) (V\u00e2nia Carlos)<\/li>\n<li>Aprendizagem online ao longo da vida: o caso de um curso PLE em Skype para adultos! (Maria Jos\u00e9 Loureiro)<\/li>\n<li>APPS for Good &#8211; Usar a tecnologia ao servi\u00e7o da comunidade (Maria Piedade Silva)<\/li>\n<li>MI-GO, uma abordagem inicial \u00e0 programa\u00e7\u00e3o (Filipe Moreira)<\/li>\n<li>Escola online &#8211; desafios e preocupa\u00e7\u00f5es (Nuno Oliveira)<\/li>\n<li>App &#8211; aplica\u00e7\u00f5es, percursos e peixinhos\u00a0(Susana Vasconcelos)<\/li>\n<li>TIC no ato de ensino: aplica\u00e7\u00e3o do modelo pedag\u00f3gico 7E\u00a0(Maria Elvira Rodrigues)<\/li>\n<\/ul>\n<p><strong>12.30 Almo\u00e7o (livre)<\/strong><\/p>\n<p><strong>14.00 &#8211; 15.45 &#8211; Visita ao ICL e Workshops\u00a0<\/strong><\/p>\n<p><strong>WS1 \u2013 \u201cScratch no 1\u00ba Ciclo do Ensino B\u00e1sico\u201d<\/strong> (Cristina Gon\u00e7alves, Lu\u00edsa Figueiredo, Sara Conde)<br \/>\n<strong>WS2 \u2013 \u201cFlipped Classroom \/ Sala de Aula Invertida\u201d<\/strong> (Anabela Fernandes, Maria Jos\u00e9 Rodrigues)<br \/>\n<strong>WS3 \u2013 \u201cPrograma\u00e7\u00e3o em Rob\u00f3tica\u201d<\/strong> (Jo\u00e3o \u00d4las)<br \/>\n<strong>WS4 \u2013 \u201cO QR-Code a servi\u00e7o da educa\u00e7\u00e3o\u201d<\/strong> (Pedro Gomes)<\/p>\n<p><strong>16.00 &#8211; 17.15 Workshops\u00a0<\/strong><\/p>\n<p><strong>WS5 &#8211; \u201cAprender a criar a rede social da tua escola com o SAPO Campus\u201d<\/strong> (Carlos Santos)<br \/>\n<strong>WS6 &#8211; APP Inventor<\/strong> (Filipe Moreira)<br \/>\n<strong>WS7 &#8211; \u201cImaginar e criar e gamificar\u201d<\/strong> (Jo\u00e3o Marques)<br \/>\n<strong>WS8 &#8211; \u201cScratch JR\u201d<\/strong> (Filipa Carneiro, Susana Virg\u00edlio)<\/p>\n<p><strong>17.15 Intervalo (Coffee break)<\/strong><\/p>\n<p><strong>17.30 Mesa Redonda: coordenadores dos CC TIC participantes <\/strong>(videoconfer\u00eancia)<\/p>\n<p><strong>18.50\/ 19.00 Encerramento<\/strong><\/p>\n<ul>\n<li>Presidente da Educom; Vice-presidente da Educom; Sub-director da FCT Professor Doutor Jos\u00e9 J\u00falio Alferes (a confirmar); Diretor Geral da Dire\u00e7\u00e3o-Geral de Educa\u00e7\u00e3o, Jos\u00e9 V\u00edtor Pedroso.<\/li>\n<\/ul>\n<p>&nbsp;<\/p>\n<p>(1) Sala de Aula do Futuro inaugurada na ES Felismina Alc\u00e2ntara a 11 de maio.<\/p>\n","protected":false},"excerpt":{"rendered":"<p>9.15 Rece\u00e7\u00e3o dos participantes 9.30 Sess\u00e3o de Abertura (videoconfer\u00eancia) Presidente da Educom; Director da FCT-UNL, Doutor Fernando Santana (a confirmar); Secret\u00e1rio de Estado da Educa\u00e7\u00e3o, Jo\u00e3o Costa. Vice-presidente da Educom (a partir de VRSA); Diretor da ESVRSA, (a confirmar); Delegado Regional do Algarve da Dire\u00e7\u00e3o-Geral dos Estabelecimentos Escolares, Francisco Marques. Centros de Compet\u00eancia TIC associados &hellip; <a href=\"https:\/\/wordpress.educom.pt\/TIC-Portugal-16\/programa-em-mangualde\/\" class=\"more-link\">Continuar a ler <span class=\"screen-reader-text\">Programa em Mangualde<\/span> <span class=\"meta-nav\">&rarr;<\/span><\/a><\/p>\n","protected":false},"author":5,"featured_media":0,"parent":0,"menu_order":0,"comment_status":"closed","ping_status":"closed","template":"","meta":[],"_links":{"self":[{"href":"https:\/\/wordpress.educom.pt\/TIC-Portugal-16\/wp-json\/wp\/v2\/pages\/2310"}],"collection":[{"href":"https:\/\/wordpress.educom.pt\/TIC-Portugal-16\/wp-json\/wp\/v2\/pages"}],"about":[{"href":"https:\/\/wordpress.educom.pt\/TIC-Portugal-16\/wp-json\/wp\/v2\/types\/page"}],"author":[{"embeddable":true,"href":"https:\/\/wordpress.educom.pt\/TIC-Portugal-16\/wp-json\/wp\/v2\/users\/5"}],"replies":[{"embeddable":true,"href":"https:\/\/wordpress.educom.pt\/TIC-Portugal-16\/wp-json\/wp\/v2\/comments?post=2310"}],"version-history":[{"count":8,"href":"https:\/\/wordpress.educom.pt\/TIC-Portugal-16\/wp-json\/wp\/v2\/pages\/2310\/revisions"}],"predecessor-version":[{"id":8492,"href":"https:\/\/wordpress.educom.pt\/TIC-Portugal-16\/wp-json\/wp\/v2\/pages\/2310\/revisions\/8492"}],"wp:attachment":[{"href":"https:\/\/wordpress.educom.pt\/TIC-Portugal-16\/wp-json\/wp\/v2\/media?parent=2310"}],"curies":[{"name":"wp","href":"https:\/\/api.w.org\/{rel}","templated":true}]}}