{"id":2313,"date":"2016-03-31T17:39:21","date_gmt":"2016-03-31T17:39:21","guid":{"rendered":"http:\/\/wordpress.educom.pt\/TIC-Portugal-16\/?page_id=2313"},"modified":"2016-03-31T18:07:35","modified_gmt":"2016-03-31T18:07:35","slug":"informacoes-uteis-em-mangualdeaveiro","status":"publish","type":"page","link":"https:\/\/wordpress.educom.pt\/TIC-Portugal-16\/informacoes-uteis-em-mangualdeaveiro\/","title":{"rendered":"Informa\u00e7\u00f5es \u00fateis em Mangualde"},"content":{"rendered":"<h3>Contactos<\/h3>\n<p><span style=\"font-family: verdana, sans-serif;\">Centro de Compet\u00eancia TIC da Universidade de Aveiro<\/span><\/p>\n<p>Departamento de Educa\u00e7\u00e3o, Campus de Santiago<br \/>\n3810-193 AVEIRO, PORTUGAL<\/p>\n<p>n\u00ba interno <strong>22807<\/strong><br \/>\nn\u00ba gabinete\u00a0<strong>234 378 155<\/strong><br \/>\nn\u00ba telem\u00f3vel\u00a0<strong>91 9399018<\/strong><\/p>\n<h3><\/h3>\n<h3>Localiza\u00e7\u00e3o<\/h3>\n<p>LOCAL \u2013 ESPA\u00c7OS DO ENCONTRO<\/p>\n<p><b>MANGUALDE<\/b><\/p>\n<p><b><\/b>Escola Secund\u00e1ria Felismina Alc\u00e2ntara<br \/>\nRua Aristides de Sousa Mendes<br \/>\n3534-003\u00a0Mangualde<\/p>\n<p><iframe loading=\"lazy\" style=\"border: 0;\" src=\"https:\/\/www.google.com\/maps\/embed?pb=!1m18!1m12!1m3!1d3029.282822768275!2d-7.7555335850607925!3d40.601583252300976!2m3!1f0!2f0!3f0!3m2!1i1024!2i768!4f13.1!3m3!1m2!1s0xd3ccb54987b4b37%3A0x8c647c5e40516574!2sEscola+Secundaria+Dra.+Felismina+Alcantara!5e0!3m2!1spt-PT!2spt!4v1459445859158\" width=\"400\" height=\"300\" frameborder=\"0\" allowfullscreen=\"allowfullscreen\"><\/iframe><\/p>\n<p><img decoding=\"async\" src=\"http:\/\/wordpress.educom.pt\/TIC-Portugal-14\/wp-content\/uploads\/2014\/04\/15769776_RJm6F.jpeg\" alt=\"15769776_RJm6F\" \/><\/p>\n","protected":false},"excerpt":{"rendered":"<p>Contactos Centro de Compet\u00eancia TIC da Universidade de Aveiro Departamento de Educa\u00e7\u00e3o, Campus de Santiago 3810-193 AVEIRO, PORTUGAL n\u00ba interno 22807 n\u00ba gabinete\u00a0234 378 155 n\u00ba telem\u00f3vel\u00a091 9399018 Localiza\u00e7\u00e3o LOCAL \u2013 ESPA\u00c7OS DO ENCONTRO MANGUALDE Escola Secund\u00e1ria Felismina Alc\u00e2ntara Rua Aristides de Sousa Mendes 3534-003\u00a0Mangualde<\/p>\n","protected":false},"author":5,"featured_media":0,"parent":0,"menu_order":0,"comment_status":"closed","ping_status":"closed","template":"","meta":[],"_links":{"self":[{"href":"https:\/\/wordpress.educom.pt\/TIC-Portugal-16\/wp-json\/wp\/v2\/pages\/2313"}],"collection":[{"href":"https:\/\/wordpress.educom.pt\/TIC-Portugal-16\/wp-json\/wp\/v2\/pages"}],"about":[{"href":"https:\/\/wordpress.educom.pt\/TIC-Portugal-16\/wp-json\/wp\/v2\/types\/page"}],"author":[{"embeddable":true,"href":"https:\/\/wordpress.educom.pt\/TIC-Portugal-16\/wp-json\/wp\/v2\/users\/5"}],"replies":[{"embeddable":true,"href":"https:\/\/wordpress.educom.pt\/TIC-Portugal-16\/wp-json\/wp\/v2\/comments?post=2313"}],"version-history":[{"count":4,"href":"https:\/\/wordpress.educom.pt\/TIC-Portugal-16\/wp-json\/wp\/v2\/pages\/2313\/revisions"}],"predecessor-version":[{"id":2317,"href":"https:\/\/wordpress.educom.pt\/TIC-Portugal-16\/wp-json\/wp\/v2\/pages\/2313\/revisions\/2317"}],"wp:attachment":[{"href":"https:\/\/wordpress.educom.pt\/TIC-Portugal-16\/wp-json\/wp\/v2\/media?parent=2313"}],"curies":[{"name":"wp","href":"https:\/\/api.w.org\/{rel}","templated":true}]}}