{"id":2328,"date":"2016-04-04T09:45:16","date_gmt":"2016-04-04T09:45:16","guid":{"rendered":"http:\/\/wordpress.educom.pt\/TIC-Portugal-16\/?page_id=2328"},"modified":"2016-04-04T10:03:39","modified_gmt":"2016-04-04T10:03:39","slug":"informacoes-uteis-em-braganca","status":"publish","type":"page","link":"https:\/\/wordpress.educom.pt\/TIC-Portugal-16\/informacoes-uteis-em-braganca\/","title":{"rendered":"Informa\u00e7\u00f5es \u00fateis em Bragan\u00e7a"},"content":{"rendered":"<h3>Contactos<\/h3>\n<p>Telefone: 273 330 650<br \/>\nEmail: <a href=\"mailto:tic.pt16braganca@gmail.com\">tic.pt16braganca@gmail.com<\/a><\/p>\n<p>Para mais informa\u00e7\u00f5es consulte a <a href=\"https:\/\/ticportugal16braganca.wordpress.com\/informacoes\/\">p\u00e1gina<\/a>.<\/p>\n<h3>Localiza\u00e7\u00e3o<\/h3>\n<p>LOCAL \u2013 ESPA\u00c7OS DO ENCONTRO<\/p>\n<p><b>BRAGAN\u00c7A<\/b><\/p>\n<div class=\"place-name\">Instituto Polit\u00e9cnico de Bragan\u00e7a<\/div>\n<div class=\"address\">Escola Superior de Educa\u00e7\u00e3o de Bragan\u00e7a<\/div>\n<div class=\"address\">Campus de Santa Apol\u00f3nia<\/div>\n<div class=\"address\">5300-252 Bragan\u00e7a, Portugal<\/div>\n<div class=\"address\"><\/div>\n<div class=\"address\"><\/div>\n<p><iframe loading=\"lazy\" style=\"border: 0;\" src=\"https:\/\/www.google.com\/maps\/embed?pb=!1m14!1m8!1m3!1d23796.74150462026!2d-6.769643!3d41.793991!3m2!1i1024!2i768!4f13.1!3m3!1m2!1s0x0%3A0x89b5f181dd60f22f!2sInstituto+Polit%C3%A9cnico+de+Bragan%C3%A7a+-+Escola+Superior+de+Educa%C3%A7%C3%A3o!5e0!3m2!1spt-PT!2spt!4v1459763300994\" width=\"400\" height=\"300\" frameborder=\"0\" allowfullscreen=\"allowfullscreen\"><\/iframe><\/p>\n<p>Coordenadores locais:<\/p>\n<p>Manuel Meirinhos\u00a0(<a href=\"mailto:meirinhos@ipb.pt\">meirinhos@ipb.pt<\/a>)<br \/>\nRaquel Patr\u00edcio (<a href=\"mailto:raquel@ipb.pt\">raquel@ipb.pt<\/a>)<\/p>\n<p><b><a href=\"http:\/\/wordpress.educom.pt\/TIC-Portugal-15\/wp-content\/uploads\/2015\/04\/logo.jpg\"><img decoding=\"async\" loading=\"lazy\" class=\"alignnone size-full wp-image-910\" src=\"http:\/\/wordpress.educom.pt\/TIC-Portugal-15\/wp-content\/uploads\/2015\/04\/logo.jpg\" alt=\"logo\" width=\"262\" height=\"48\" \/><\/a><\/b><\/p>\n","protected":false},"excerpt":{"rendered":"<p>Contactos Telefone: 273 330 650 Email: tic.pt16braganca@gmail.com Para mais informa\u00e7\u00f5es consulte a p\u00e1gina. Localiza\u00e7\u00e3o LOCAL \u2013 ESPA\u00c7OS DO ENCONTRO BRAGAN\u00c7A Instituto Polit\u00e9cnico de Bragan\u00e7a Escola Superior de Educa\u00e7\u00e3o de Bragan\u00e7a Campus de Santa Apol\u00f3nia 5300-252 Bragan\u00e7a, Portugal Coordenadores locais: Manuel Meirinhos\u00a0(meirinhos@ipb.pt) Raquel Patr\u00edcio (raquel@ipb.pt)<\/p>\n","protected":false},"author":5,"featured_media":0,"parent":0,"menu_order":0,"comment_status":"closed","ping_status":"closed","template":"","meta":[],"_links":{"self":[{"href":"https:\/\/wordpress.educom.pt\/TIC-Portugal-16\/wp-json\/wp\/v2\/pages\/2328"}],"collection":[{"href":"https:\/\/wordpress.educom.pt\/TIC-Portugal-16\/wp-json\/wp\/v2\/pages"}],"about":[{"href":"https:\/\/wordpress.educom.pt\/TIC-Portugal-16\/wp-json\/wp\/v2\/types\/page"}],"author":[{"embeddable":true,"href":"https:\/\/wordpress.educom.pt\/TIC-Portugal-16\/wp-json\/wp\/v2\/users\/5"}],"replies":[{"embeddable":true,"href":"https:\/\/wordpress.educom.pt\/TIC-Portugal-16\/wp-json\/wp\/v2\/comments?post=2328"}],"version-history":[{"count":9,"href":"https:\/\/wordpress.educom.pt\/TIC-Portugal-16\/wp-json\/wp\/v2\/pages\/2328\/revisions"}],"predecessor-version":[{"id":2338,"href":"https:\/\/wordpress.educom.pt\/TIC-Portugal-16\/wp-json\/wp\/v2\/pages\/2328\/revisions\/2338"}],"wp:attachment":[{"href":"https:\/\/wordpress.educom.pt\/TIC-Portugal-16\/wp-json\/wp\/v2\/media?parent=2328"}],"curies":[{"name":"wp","href":"https:\/\/api.w.org\/{rel}","templated":true}]}}