{"id":2344,"date":"2016-04-07T11:16:31","date_gmt":"2016-04-07T11:16:31","guid":{"rendered":"http:\/\/wordpress.educom.pt\/TIC-Portugal-16\/?page_id=2344"},"modified":"2016-06-15T21:39:53","modified_gmt":"2016-06-15T21:39:53","slug":"informacoes-uteis-em-coimbra","status":"publish","type":"page","link":"https:\/\/wordpress.educom.pt\/TIC-Portugal-16\/informacoes-uteis-em-coimbra\/","title":{"rendered":"Informa\u00e7\u00f5es \u00fateis em Coimbra"},"content":{"rendered":"<h3>Contactos<\/h3>\n<p><a href=\"http:\/\/www.softciencias.mocho.pt\/\" target=\"_blank\"><span style=\"font-family: verdana, sans-serif;\">Centro de Compet\u00eancia TIC &#8211;\u00a0Softci\u00eancias<\/span><\/a><\/p>\n<p><span class=\"Apple-style-span\">Departamento de F\u00edsica da Faculdade de Ci\u00eancias e Tecnologia da Universidade<br \/>\n3000-516 COIMBRA<\/span><\/p>\n<p><span class=\"Apple-style-span\"><strong>Telefone:<\/strong>\u00a0239410620<br \/>\n<strong>Email:<\/strong>\u00a0<a href=\"mailto:softciencias@gmail.com\">softciencias@gmail.com<\/a><\/span><\/p>\n<p><strong>Softci\u00eancias<\/strong> no Facebook<br \/>\n<a href=\"https:\/\/www.facebook.com\/Softciencias\" target=\"_blank\">https:\/\/www.facebook.com\/Softciencias<\/a><\/p>\n<p><strong>CFAE Nova \u00c1gora<\/strong><br \/>\n<a href=\"http:\/\/www.cfagora.pt\/\">http:\/\/www.cfagora.pt\/<\/a><\/p>\n<h3><\/h3>\n<h3>Localiza\u00e7\u00e3o<\/h3>\n<p>LOCAL \u2013 ESPA\u00c7OS DO ENCONTRO<\/p>\n<p><a href=\"http:\/\/nautilus.fis.uc.pt\/rc\/\">R\u00f3mulo \u2013 Centro Ci\u00eancia Viva da Universidade de Coimbra<\/a><\/p>\n<p>R\/C do Departamento de F\u00edsica da FCTUC<\/p>\n<p><iframe loading=\"lazy\" style=\"border: 0;\" src=\"https:\/\/www.google.com\/maps\/embed?pb=!1m18!1m12!1m3!1d3047.0560568500096!2d-8.426650684610427!3d40.20781597939002!2m3!1f0!2f0!3f0!3m2!1i1024!2i768!4f13.1!3m3!1m2!1s0xd22f9098f98004b%3A0xf74b13602c7f2de3!2sDepartamento+de+F%C3%ADsica+da+Universidade+de+Coimbra!5e0!3m2!1spt-PT!2spt!4v1460027577375\" width=\"400\" height=\"300\" frameborder=\"0\" allowfullscreen=\"allowfullscreen\"><\/iframe><\/p>\n<p>Autocarros diretos 28 e 34<\/p>\n<p>Autocarros que param perto (Arcos do Jardim): 5, 11, 24, 24T, 103<\/p>\n<p>Para quem chega de carro \u00e9 aconselh\u00e1vel parar num parque de estacionamento e deslocar-se de autocarro. N\u00e3o h\u00e1 estacionamento junto \u00e0 Universidade. H\u00e1 tarifas especiais para quem estaciona nos Parques da Ecovia e que d\u00e3o acesso gratuito aos autocarros (2 desloca\u00e7\u00f5es + Estacionamento 2.60 \u20ac).<\/p>\n<p><a href=\"http:\/\/www.smtuc.pt\/ecovia\/index.php\">http:\/\/www.smtuc.pt\/ecovia\/index.php<\/a><\/p>\n<p><strong>Almo\u00e7o<\/strong><\/p>\n<p>H\u00e1 v\u00e1rios restaurantes econ\u00f3micos perto do local:<\/p>\n<p>Restaurante Justi\u00e7a e Paz &#8211; <a href=\"http:\/\/www.justicaepaz.com\/restaurante-e-bar-servicos.php\">http:\/\/www.justicaepaz.com\/restaurante-e-bar-servicos.php<\/a><\/p>\n<p>Restaurante Loggia (Museu Machado de Castro) &#8211; <a href=\"http:\/\/www.loggia.pt\/?page_id=62\">http:\/\/www.loggia.pt\/?page_id=62<\/a><\/p>\n<p>Caf\u00e9 Coura\u00e7a &#8211; <a href=\"https:\/\/www.facebook.com\/cafecouraca\/\">https:\/\/www.facebook.com\/cafecouraca\/<\/a><\/p>\n<p>Restaurante Col\u00e9gio de Jesus &#8211; <a href=\"http:\/\/www.uc.pt\/sasuc\/Pesquisa_Rapida\/Alimentacao\/Unidades_Alimentares\/Colegio_de_Jesus\">http:\/\/www.uc.pt\/sasuc\/Pesquisa_Rapida\/Alimentacao\/Unidades_Alimentares\/Colegio_de_Jesus<\/a><\/p>\n<p>&nbsp;<\/p>\n<p style=\"text-align: left;\"><img decoding=\"async\" loading=\"lazy\" class=\" wp-image-914 alignleft\" src=\"http:\/\/wordpress.educom.pt\/TIC-Portugal-15\/wp-content\/uploads\/2015\/04\/cctic_softc.jpg\" alt=\"cctic_softc\" width=\"179\" height=\"179\" \/><a href=\"http:\/\/wordpress.educom.pt\/TIC-Portugal-15\/wp-content\/uploads\/2015\/04\/unnamed.jpg\"><img decoding=\"async\" loading=\"lazy\" class=\"alignnone wp-image-960\" src=\"http:\/\/wordpress.educom.pt\/TIC-Portugal-15\/wp-content\/uploads\/2015\/04\/unnamed.jpg\" alt=\"unnamed\" width=\"162\" height=\"132\" \/>\u00a0 \u00a0 \u00a0 \u00a0 \u00a0 <img decoding=\"async\" loading=\"lazy\" class=\"wp-image-8388 alignnone\" src=\"https:\/\/wordpress.educom.pt\/TIC-Portugal-16\/wp-content\/uploads\/2016\/04\/Nova_agora_quadrado-1-300x300.jpg\" alt=\"Nova_agora_quadrado (1)\" width=\"125\" height=\"125\" srcset=\"https:\/\/wordpress.educom.pt\/TIC-Portugal-16\/wp-content\/uploads\/2016\/04\/Nova_agora_quadrado-1-300x300.jpg 300w, https:\/\/wordpress.educom.pt\/TIC-Portugal-16\/wp-content\/uploads\/2016\/04\/Nova_agora_quadrado-1-150x150.jpg 150w, https:\/\/wordpress.educom.pt\/TIC-Portugal-16\/wp-content\/uploads\/2016\/04\/Nova_agora_quadrado-1.jpg 500w\" sizes=\"(max-width: 125px) 100vw, 125px\" \/><\/a><\/p>\n<p style=\"text-align: left;\">\n","protected":false},"excerpt":{"rendered":"<p>Contactos Centro de Compet\u00eancia TIC &#8211;\u00a0Softci\u00eancias Departamento de F\u00edsica da Faculdade de Ci\u00eancias e Tecnologia da Universidade 3000-516 COIMBRA Telefone:\u00a0239410620 Email:\u00a0softciencias@gmail.com Softci\u00eancias no Facebook https:\/\/www.facebook.com\/Softciencias CFAE Nova \u00c1gora http:\/\/www.cfagora.pt\/ Localiza\u00e7\u00e3o LOCAL \u2013 ESPA\u00c7OS DO ENCONTRO R\u00f3mulo \u2013 Centro Ci\u00eancia Viva da Universidade de Coimbra R\/C do Departamento de F\u00edsica da FCTUC Autocarros diretos 28 e &hellip; <a href=\"https:\/\/wordpress.educom.pt\/TIC-Portugal-16\/informacoes-uteis-em-coimbra\/\" class=\"more-link\">Continuar a ler <span class=\"screen-reader-text\">Informa\u00e7\u00f5es \u00fateis em Coimbra<\/span> <span class=\"meta-nav\">&rarr;<\/span><\/a><\/p>\n","protected":false},"author":5,"featured_media":0,"parent":0,"menu_order":0,"comment_status":"closed","ping_status":"closed","template":"","meta":[],"_links":{"self":[{"href":"https:\/\/wordpress.educom.pt\/TIC-Portugal-16\/wp-json\/wp\/v2\/pages\/2344"}],"collection":[{"href":"https:\/\/wordpress.educom.pt\/TIC-Portugal-16\/wp-json\/wp\/v2\/pages"}],"about":[{"href":"https:\/\/wordpress.educom.pt\/TIC-Portugal-16\/wp-json\/wp\/v2\/types\/page"}],"author":[{"embeddable":true,"href":"https:\/\/wordpress.educom.pt\/TIC-Portugal-16\/wp-json\/wp\/v2\/users\/5"}],"replies":[{"embeddable":true,"href":"https:\/\/wordpress.educom.pt\/TIC-Portugal-16\/wp-json\/wp\/v2\/comments?post=2344"}],"version-history":[{"count":6,"href":"https:\/\/wordpress.educom.pt\/TIC-Portugal-16\/wp-json\/wp\/v2\/pages\/2344\/revisions"}],"predecessor-version":[{"id":8391,"href":"https:\/\/wordpress.educom.pt\/TIC-Portugal-16\/wp-json\/wp\/v2\/pages\/2344\/revisions\/8391"}],"wp:attachment":[{"href":"https:\/\/wordpress.educom.pt\/TIC-Portugal-16\/wp-json\/wp\/v2\/media?parent=2344"}],"curies":[{"name":"wp","href":"https:\/\/api.w.org\/{rel}","templated":true}]}}