{"id":2349,"date":"2016-04-07T11:33:00","date_gmt":"2016-04-07T11:33:00","guid":{"rendered":"http:\/\/wordpress.educom.pt\/TIC-Portugal-16\/?page_id=2349"},"modified":"2016-06-22T14:00:40","modified_gmt":"2016-06-22T14:00:40","slug":"programa-em-coimbra","status":"publish","type":"page","link":"https:\/\/wordpress.educom.pt\/TIC-Portugal-16\/programa-em-coimbra\/","title":{"rendered":"Programa em Coimbra"},"content":{"rendered":"<p style=\"text-align: right;\"><strong>\u00a0<\/strong><\/p>\n<p>9.00 Rece\u00e7\u00e3o dos participantes<\/p>\n<p><strong>9.30 Sess\u00e3o de Abertura<\/strong><\/p>\n<ul>\n<li>Presidente da Educom; Director da FCT-UNL, Doutor Fernando Santana (a confirmar); Secret\u00e1rio de Estado da Educa\u00e7\u00e3o, Jo\u00e3o Costa.<\/li>\n<li>Vice-presidente da Educom (a partir de VRSA); Diretor da ESVRSA, (a confirmar); Delegado Regional do Algarve da Dire\u00e7\u00e3o-Geral dos Estabelecimentos Escolares, Francisco Marques.<\/li>\n<li>Centros de Compet\u00eancia TIC associados \u00e0 iniciativa (a partir dos diversos Centros).<\/li>\n<\/ul>\n<p><strong>10.00 Confer\u00eancia pelo Professor <a href=\"https:\/\/wordpress.educom.pt\/TIC-Portugal-16\/biografias\/\">Fernando Albuquerque Costa<\/a> do Instituto de Educa\u00e7\u00e3o da Universidade de Lisboa: <em><a href=\"https:\/\/wordpress.educom.pt\/TIC-Portugal-16\/resumo\/\">O Desafio da Inclus\u00e3o Digital dos Adultos em Portugal<\/a>.<\/em><\/strong><\/p>\n<p><strong>11.00 Intervalo (Coffee break)<\/strong><\/p>\n<p><strong>11.30 Comunica\u00e7\u00f5es e Partilha de Boas Pr\u00e1ticas<\/strong><\/p>\n<ul>\n<li>Compet\u00eancias digitais para professores: formar os parceiros da biblioteca escolar (Isabel Bernardo, Florinda Carvalho, Gra\u00e7a Silva e Jo\u00e3o Paulo Martins)<\/li>\n<li>Atividades de Aprendizagem com Dispositivos M\u00f3veis na Aula de Filosofia (Isabel Bernardo)<\/li>\n<li>Mobile Learning e a Aprendizagem de uma L\u00edngua Estrangeira (Concei\u00e7\u00e3o Malh\u00f3 Gomes)<\/li>\n<li>\u00c1lgebra Linear e Processamento de Imagem: uma nova abordagem de ensino (C.M.R. Caridade)<\/li>\n<li>A Li\u00e7\u00e3o Sobre uma Cabra e uns Arcos de Circunfer\u00eancia (Arm\u00e9nio Ant\u00f3nio Silva Correia)<\/li>\n<li>Apps For Good, a diferen\u00e7a na din\u00e2mica da sala de aula do S\u00e9c. XXI ( F\u00e1tima Silva e<br \/>\nCl\u00e1udia Marques)<\/li>\n<li>Virtual Caching no Parque Verde da ESL \u2013 Ler com Ci\u00eancia ( Berta Bemhaja)<\/li>\n<li>Apps For Good (Laurentina Soares)<\/li>\n<\/ul>\n<p><strong>13.00 Almo\u00e7o livre<\/strong><\/p>\n<p><strong>14.00 Workshops\u00a0<\/strong><\/p>\n<p><strong>WS1 &#8211; Dispositivos m\u00f3veis no desenvolvimento de projetos educativos &#8211; <\/strong>Melhorar a compet\u00eancia digital e a aprendizagem m\u00fatua colaborativa entre jovens europeus com o <em>eTwinning<\/em>. Dinamizado por<span class=\"Apple-converted-space\">\u00a0<\/span><b>Miguela Fernandes<\/b><span class=\"Apple-converted-space\">\u00a0<\/span>e<span class=\"Apple-converted-space\">\u00a0<\/span><b>Marco Neves<\/b><\/p>\n<p><strong>WS2 \u2013 Cria\u00e7\u00e3o de aplicativos para Android com o MIT App Inventor <\/strong>Dinamizado por\u00a0<strong>Jo\u00e3o Leal (ANPRI)<\/strong><\/p>\n<p><strong>WS3 \u2013 Todos podem programar com Scratch! <\/strong>Dinamizado por<strong> C\u00e2ndida Pereira<\/strong><\/p>\n<p><strong>WS4 \u2013<\/strong> <strong>Introdu\u00e7\u00e3o ao Arduino\/Genuino<\/strong>. Dinamizado por,\u00a0<strong>Jo\u00e3o S\u00e1 e Paulo Gomes (ANPRI)<\/strong><\/p>\n<p><strong>17.30 Intervalo (Coffee break)<\/strong><\/p>\n<p><strong>18.00 Confer\u00eancia pelo Professor <a href=\"http:\/\/www.cienciaviva.pt\/projectos\/contociencia\/investigador.asp\">Alexandre Quintanilha<\/a> professor jubilado do Instituto de Ci\u00eancias Biom\u00e9dicas Abel Salazar: <em>Melhoramento Humano &#8211; Os novos desafios da \u00c9tica numa sociedade tecnol\u00f3gica e em r\u00e1pida mudan\u00e7a<\/em>.<\/strong><\/p>\n","protected":false},"excerpt":{"rendered":"<p>\u00a0 9.00 Rece\u00e7\u00e3o dos participantes 9.30 Sess\u00e3o de Abertura Presidente da Educom; Director da FCT-UNL, Doutor Fernando Santana (a confirmar); Secret\u00e1rio de Estado da Educa\u00e7\u00e3o, Jo\u00e3o Costa. Vice-presidente da Educom (a partir de VRSA); Diretor da ESVRSA, (a confirmar); Delegado Regional do Algarve da Dire\u00e7\u00e3o-Geral dos Estabelecimentos Escolares, Francisco Marques. Centros de Compet\u00eancia TIC associados &hellip; <a href=\"https:\/\/wordpress.educom.pt\/TIC-Portugal-16\/programa-em-coimbra\/\" class=\"more-link\">Continuar a ler <span class=\"screen-reader-text\">Programa em Coimbra<\/span> <span class=\"meta-nav\">&rarr;<\/span><\/a><\/p>\n","protected":false},"author":5,"featured_media":0,"parent":0,"menu_order":0,"comment_status":"closed","ping_status":"closed","template":"","meta":[],"_links":{"self":[{"href":"https:\/\/wordpress.educom.pt\/TIC-Portugal-16\/wp-json\/wp\/v2\/pages\/2349"}],"collection":[{"href":"https:\/\/wordpress.educom.pt\/TIC-Portugal-16\/wp-json\/wp\/v2\/pages"}],"about":[{"href":"https:\/\/wordpress.educom.pt\/TIC-Portugal-16\/wp-json\/wp\/v2\/types\/page"}],"author":[{"embeddable":true,"href":"https:\/\/wordpress.educom.pt\/TIC-Portugal-16\/wp-json\/wp\/v2\/users\/5"}],"replies":[{"embeddable":true,"href":"https:\/\/wordpress.educom.pt\/TIC-Portugal-16\/wp-json\/wp\/v2\/comments?post=2349"}],"version-history":[{"count":13,"href":"https:\/\/wordpress.educom.pt\/TIC-Portugal-16\/wp-json\/wp\/v2\/pages\/2349\/revisions"}],"predecessor-version":[{"id":8481,"href":"https:\/\/wordpress.educom.pt\/TIC-Portugal-16\/wp-json\/wp\/v2\/pages\/2349\/revisions\/8481"}],"wp:attachment":[{"href":"https:\/\/wordpress.educom.pt\/TIC-Portugal-16\/wp-json\/wp\/v2\/media?parent=2349"}],"curies":[{"name":"wp","href":"https:\/\/api.w.org\/{rel}","templated":true}]}}