{"id":5347,"date":"2016-04-14T10:41:51","date_gmt":"2016-04-14T10:41:51","guid":{"rendered":"http:\/\/wordpress.educom.pt\/TIC-Portugal-16\/?page_id=5347"},"modified":"2016-06-24T08:51:28","modified_gmt":"2016-06-24T08:51:28","slug":"programa-em-setubal","status":"publish","type":"page","link":"https:\/\/wordpress.educom.pt\/TIC-Portugal-16\/programa-em-setubal\/","title":{"rendered":"Programa em Set\u00fabal"},"content":{"rendered":"<p>&nbsp;<\/p>\n<p><strong>9.30 Sess\u00e3o de Abertura<\/strong><\/p>\n<ul>\n<li>Presidente da Educom; Director da FCT-UNL, Doutor Fernando Santana (a confirmar); Secret\u00e1rio de Estado da Educa\u00e7\u00e3o, Jo\u00e3o Costa.<\/li>\n<li>Vice-presidente da Educom (a partir de VRSA); Diretor da ESVRSA, (a confirmar); Delegado Regional do Algarve da Dire\u00e7\u00e3o-Geral dos Estabelecimentos Escolares, Francisco Marques.<\/li>\n<li>Centros de Compet\u00eancia TIC associados \u00e0 iniciativa (a partir dos diversos Centros).<\/li>\n<\/ul>\n<p><strong>10.00 Confer\u00eancia pelo Professor <a href=\"https:\/\/wordpress.educom.pt\/TIC-Portugal-16\/biografias\/\">Fernando Albuquerque Costa<\/a> do Instituto de Educa\u00e7\u00e3o da Universidade de Lisboa: <em><a href=\"https:\/\/wordpress.educom.pt\/TIC-Portugal-16\/resumo\/\">O Desafio da Inclus\u00e3o Digital dos Adultos em Portugal<\/a>.<\/em><\/strong><\/p>\n<p><strong>11.00 Intervalo (Coffee break)<\/strong><\/p>\n<p><strong>11.30 Comunica\u00e7\u00f5es e Partilha de Boas Pr\u00e1ticas <\/strong><\/p>\n<p><em><strong>Arduino e Scratch &#8211; uma experi\u00eancia<\/strong><\/em>\u00a0(Ana Carneirinho, Escola Secund\u00e1ria D. Jo\u00e3o II)<br \/>\n<em><strong>Apps for Good \u2013 Apps que mudam o mundo<\/strong><\/em>\u00a0(Paulo Torcato e Maria Teresa Ferreira, Escola Secund\u00e1ria Arco \u00cdris)<br \/>\n<em><strong>Projeto GO! &#8211; Mobilidade na Educa\u00e7\u00e3o<\/strong><\/em>\u00a0(Ant\u00f3nio Rodrigues, CCTIC Entre Mar e Serra)<br \/>\n<strong><em>O futuro passa por aqui!<\/em><\/strong> (Felicidade Alves, Agrupamento de Escolas do Barreiro)<br \/>\n<strong><em>Jogos Digitais na Educa\u00e7\u00e3o<\/em><\/strong> (Carla Ventura,\u00a0<span lang=\"pt-PT\">Magic Bit Solutions)<br \/>\n<\/span><\/p>\n<p><strong>13.00 Almo\u00e7o livre<\/strong><\/p>\n<p><strong>14.00 Workshops <\/strong><\/p>\n<p><strong>WS1 &#8211; Introdu\u00e7\u00e3o \u00e0 programa\u00e7\u00e3o de Arduino em Scratch<\/strong> (Ana Carneirinho, Escola Secund\u00e1ria D. Jo\u00e3o II)<br \/>\n<strong>WS2 &#8211; Aplica\u00e7\u00f5es para telem\u00f3vel Android com MIT APP Inventor<\/strong> (Ros\u00e1rio Rodrigues, ESE\/IPS e Jo\u00e3o Torres, CCTIC-ESE\/IPS)<br \/>\n<strong>WS3 &#8211; \u201cO ROBOT AJUDA!\u201d <\/strong>(Paulo Torcato e Raul Coutinho, Escola Secund\u00e1ria Arco \u00cdris)<br \/>\n<strong>WS4 &#8211; Arduino e companhia<\/strong> (Lu\u00eds Dourado e M\u00e1rio Afonso, Escola Secund\u00e1ria Augusto Cabrita)<br \/>\n<strong>WS5 \u2013 Programa\u00e7\u00e3o de Drones e aplica\u00e7\u00f5es de Intera\u00e7\u00e3o com o territ\u00f3rio<\/strong> (Lu\u00eds Pinheiro e Jos\u00e9 Manteigas, CCTIC Entre Mar e Serra)<br \/>\n<strong>WS6 \u2013 Programa\u00e7\u00e3o com Scratch no 1.\u00ba Ciclo do Ensino B\u00e1sico<\/strong> (Miguel Figueiredo, CCTIC &#8211; ESE\/IPS e Helena Romano, CPCJ &#8211; Set\u00fabal)<br \/>\n<strong>WS7 &#8211;\u00a0<\/strong> <span lang=\"pt-PT\"><strong>Experimenta\u00e7\u00e3o de jogos educativos da Magic Bit em Tablets<\/strong> (<\/span><span lang=\"pt-PT\">Carla Ventura e Francisco Fernandes, Magic Bit Solutions)<\/span><br \/>\n<strong>WS8 &#8211; Pensamento computacional na Escola: estrate\u0301gias de trabalho educativo sem recurso aos computadores<\/strong> (Rui Gon\u00e7alo Espadeiro &#8211; CCTIC da Universidade de \u00c9vora)<\/p>\n<p><strong>17.00 Intervalo (Coffee break)<\/strong><\/p>\n<p><strong>17.30 Mesa Redonda: coordenadores dos CC TIC participantes<\/strong><\/p>\n<p><strong>18.50\/ 19.00 Encerramento<\/strong><\/p>\n<ul>\n<li>Presidente da Educom; Vice-presidente da Educom; Sub-director da FCT Professor Doutor Jos\u00e9 J\u00falio Alferes (a confirmar); Diretor Geral da Dire\u00e7\u00e3o-Geral de Educa\u00e7\u00e3o, Jos\u00e9 V\u00edtor Pedroso.<\/li>\n<\/ul>\n","protected":false},"excerpt":{"rendered":"<p>&nbsp; 9.30 Sess\u00e3o de Abertura Presidente da Educom; Director da FCT-UNL, Doutor Fernando Santana (a confirmar); Secret\u00e1rio de Estado da Educa\u00e7\u00e3o, Jo\u00e3o Costa. Vice-presidente da Educom (a partir de VRSA); Diretor da ESVRSA, (a confirmar); Delegado Regional do Algarve da Dire\u00e7\u00e3o-Geral dos Estabelecimentos Escolares, Francisco Marques. Centros de Compet\u00eancia TIC associados \u00e0 iniciativa (a partir &hellip; <a href=\"https:\/\/wordpress.educom.pt\/TIC-Portugal-16\/programa-em-setubal\/\" class=\"more-link\">Continuar a ler <span class=\"screen-reader-text\">Programa em Set\u00fabal<\/span> <span class=\"meta-nav\">&rarr;<\/span><\/a><\/p>\n","protected":false},"author":5,"featured_media":0,"parent":0,"menu_order":0,"comment_status":"closed","ping_status":"closed","template":"","meta":[],"_links":{"self":[{"href":"https:\/\/wordpress.educom.pt\/TIC-Portugal-16\/wp-json\/wp\/v2\/pages\/5347"}],"collection":[{"href":"https:\/\/wordpress.educom.pt\/TIC-Portugal-16\/wp-json\/wp\/v2\/pages"}],"about":[{"href":"https:\/\/wordpress.educom.pt\/TIC-Portugal-16\/wp-json\/wp\/v2\/types\/page"}],"author":[{"embeddable":true,"href":"https:\/\/wordpress.educom.pt\/TIC-Portugal-16\/wp-json\/wp\/v2\/users\/5"}],"replies":[{"embeddable":true,"href":"https:\/\/wordpress.educom.pt\/TIC-Portugal-16\/wp-json\/wp\/v2\/comments?post=5347"}],"version-history":[{"count":16,"href":"https:\/\/wordpress.educom.pt\/TIC-Portugal-16\/wp-json\/wp\/v2\/pages\/5347\/revisions"}],"predecessor-version":[{"id":8493,"href":"https:\/\/wordpress.educom.pt\/TIC-Portugal-16\/wp-json\/wp\/v2\/pages\/5347\/revisions\/8493"}],"wp:attachment":[{"href":"https:\/\/wordpress.educom.pt\/TIC-Portugal-16\/wp-json\/wp\/v2\/media?parent=5347"}],"curies":[{"name":"wp","href":"https:\/\/api.w.org\/{rel}","templated":true}]}}