{"id":5356,"date":"2016-04-15T13:23:13","date_gmt":"2016-04-15T13:23:13","guid":{"rendered":"http:\/\/wordpress.educom.pt\/TIC-Portugal-16\/?page_id=5356"},"modified":"2016-06-17T15:01:36","modified_gmt":"2016-06-17T15:01:36","slug":"ws-1-vila-real-de-santo-antonio","status":"publish","type":"page","link":"https:\/\/wordpress.educom.pt\/TIC-Portugal-16\/ws-1-vila-real-de-santo-antonio\/","title":{"rendered":"WS1 &#8211; Vila Real de Santo Ant\u00f3nio"},"content":{"rendered":"<p><strong>WS1 &#8211; <em>Tablets<\/em> e<em> smartphones<\/em> em contexto educativo &#8211; quando? e como?<\/strong><strong>\u00a0(David Costa, Escola E. B. 1 de Marchil &#8211; Faro)<\/strong> (Sala MM)<\/p>\n<p>Neste workshop, vamos desenvolver atividades educativas com recurso aos <em>smartphones<\/em> e\/ou <em>tablets<\/em>. Com a utiliza\u00e7\u00e3o de c\u00f3digos QR e formul\u00e1rios <em>online<\/em>, vamos p\u00f4r em pr\u00e1tica um conjunto de atividades que propiciam a utiliza\u00e7\u00e3o dos dispositivos m\u00f3veis em contexto educativo, independentemente do n\u00edvel de ensino ou da disciplina.<\/p>\n<p><strong>Material necess\u00e1rio<\/strong>:<em> smartphone<\/em> e\/ou <em>tablet<\/em> com c\u00e2mara.<\/p>\n","protected":false},"excerpt":{"rendered":"<p>WS1 &#8211; Tablets e smartphones em contexto educativo &#8211; quando? e como?\u00a0(David Costa, Escola E. B. 1 de Marchil &#8211; Faro) (Sala MM) Neste workshop, vamos desenvolver atividades educativas com recurso aos smartphones e\/ou tablets. Com a utiliza\u00e7\u00e3o de c\u00f3digos QR e formul\u00e1rios online, vamos p\u00f4r em pr\u00e1tica um conjunto de atividades que propiciam a &hellip; <a href=\"https:\/\/wordpress.educom.pt\/TIC-Portugal-16\/ws-1-vila-real-de-santo-antonio\/\" class=\"more-link\">Continuar a ler <span class=\"screen-reader-text\">WS1 &#8211; Vila Real de Santo Ant\u00f3nio<\/span> <span class=\"meta-nav\">&rarr;<\/span><\/a><\/p>\n","protected":false},"author":5,"featured_media":0,"parent":0,"menu_order":0,"comment_status":"closed","ping_status":"closed","template":"","meta":[],"_links":{"self":[{"href":"https:\/\/wordpress.educom.pt\/TIC-Portugal-16\/wp-json\/wp\/v2\/pages\/5356"}],"collection":[{"href":"https:\/\/wordpress.educom.pt\/TIC-Portugal-16\/wp-json\/wp\/v2\/pages"}],"about":[{"href":"https:\/\/wordpress.educom.pt\/TIC-Portugal-16\/wp-json\/wp\/v2\/types\/page"}],"author":[{"embeddable":true,"href":"https:\/\/wordpress.educom.pt\/TIC-Portugal-16\/wp-json\/wp\/v2\/users\/5"}],"replies":[{"embeddable":true,"href":"https:\/\/wordpress.educom.pt\/TIC-Portugal-16\/wp-json\/wp\/v2\/comments?post=5356"}],"version-history":[{"count":8,"href":"https:\/\/wordpress.educom.pt\/TIC-Portugal-16\/wp-json\/wp\/v2\/pages\/5356\/revisions"}],"predecessor-version":[{"id":8419,"href":"https:\/\/wordpress.educom.pt\/TIC-Portugal-16\/wp-json\/wp\/v2\/pages\/5356\/revisions\/8419"}],"wp:attachment":[{"href":"https:\/\/wordpress.educom.pt\/TIC-Portugal-16\/wp-json\/wp\/v2\/media?parent=5356"}],"curies":[{"name":"wp","href":"https:\/\/api.w.org\/{rel}","templated":true}]}}