{"id":5363,"date":"2016-04-15T13:38:54","date_gmt":"2016-04-15T13:38:54","guid":{"rendered":"http:\/\/wordpress.educom.pt\/TIC-Portugal-16\/?page_id=5363"},"modified":"2016-04-15T13:59:49","modified_gmt":"2016-04-15T13:59:49","slug":"ws-2-vila-real-de-santo-antonio","status":"publish","type":"page","link":"https:\/\/wordpress.educom.pt\/TIC-Portugal-16\/ws-2-vila-real-de-santo-antonio\/","title":{"rendered":"WS 2 &#8211; Vila Real de Santo Ant\u00f3nio"},"content":{"rendered":"<p><strong>WS2 &#8211; Introdu\u00e7\u00e3o \u00e0 rob\u00f3tica virtual e programa\u00e7\u00e3o no ensino b\u00e1sico e secund\u00e1rio<\/strong> <strong>(Cristina Conchinha, finalista do doutoramento pela FCT da Universidade Nova de Lisboa)<\/strong> (Sala &#8211; TIC 1)<\/p>\n<p>Neste workshop os professores ir\u00e3o aprender a programar o simulador de rob\u00f3tica <em>RoboMind\u00ae<\/em>. O <em>RoboMind\u00ae<\/em> \u00e9 um programa de computador que simula a intera\u00e7\u00e3o com um robot virtual, que dever\u00e1 executar diferentes tarefas adequado a todos os n\u00edveis de escolaridade desde o 1.\u00ba ciclo ao ensino secund\u00e1rio, dado que o programa permite programar atrav\u00e9s de comandos textuais simples, de um controlo remoto e\/ou atrav\u00e9s do menu inserir.<\/p>\n<p><strong>Material necess\u00e1rio<\/strong>:<i>\u00a0<\/i>computador com o <em>RoboMind<\/em>\u00a0instalado.<\/p>\n","protected":false},"excerpt":{"rendered":"<p>WS2 &#8211; Introdu\u00e7\u00e3o \u00e0 rob\u00f3tica virtual e programa\u00e7\u00e3o no ensino b\u00e1sico e secund\u00e1rio (Cristina Conchinha, finalista do doutoramento pela FCT da Universidade Nova de Lisboa) (Sala &#8211; TIC 1) Neste workshop os professores ir\u00e3o aprender a programar o simulador de rob\u00f3tica RoboMind\u00ae. O RoboMind\u00ae \u00e9 um programa de computador que simula a intera\u00e7\u00e3o com um &hellip; <a href=\"https:\/\/wordpress.educom.pt\/TIC-Portugal-16\/ws-2-vila-real-de-santo-antonio\/\" class=\"more-link\">Continuar a ler <span class=\"screen-reader-text\">WS 2 &#8211; Vila Real de Santo Ant\u00f3nio<\/span> <span class=\"meta-nav\">&rarr;<\/span><\/a><\/p>\n","protected":false},"author":5,"featured_media":0,"parent":0,"menu_order":0,"comment_status":"closed","ping_status":"closed","template":"","meta":[],"_links":{"self":[{"href":"https:\/\/wordpress.educom.pt\/TIC-Portugal-16\/wp-json\/wp\/v2\/pages\/5363"}],"collection":[{"href":"https:\/\/wordpress.educom.pt\/TIC-Portugal-16\/wp-json\/wp\/v2\/pages"}],"about":[{"href":"https:\/\/wordpress.educom.pt\/TIC-Portugal-16\/wp-json\/wp\/v2\/types\/page"}],"author":[{"embeddable":true,"href":"https:\/\/wordpress.educom.pt\/TIC-Portugal-16\/wp-json\/wp\/v2\/users\/5"}],"replies":[{"embeddable":true,"href":"https:\/\/wordpress.educom.pt\/TIC-Portugal-16\/wp-json\/wp\/v2\/comments?post=5363"}],"version-history":[{"count":4,"href":"https:\/\/wordpress.educom.pt\/TIC-Portugal-16\/wp-json\/wp\/v2\/pages\/5363\/revisions"}],"predecessor-version":[{"id":5372,"href":"https:\/\/wordpress.educom.pt\/TIC-Portugal-16\/wp-json\/wp\/v2\/pages\/5363\/revisions\/5372"}],"wp:attachment":[{"href":"https:\/\/wordpress.educom.pt\/TIC-Portugal-16\/wp-json\/wp\/v2\/media?parent=5363"}],"curies":[{"name":"wp","href":"https:\/\/api.w.org\/{rel}","templated":true}]}}