{"id":5366,"date":"2016-04-15T13:49:41","date_gmt":"2016-04-15T13:49:41","guid":{"rendered":"http:\/\/wordpress.educom.pt\/TIC-Portugal-16\/?page_id=5366"},"modified":"2016-04-15T14:01:55","modified_gmt":"2016-04-15T14:01:55","slug":"ws3-vila-real-de-santo-antonio","status":"publish","type":"page","link":"https:\/\/wordpress.educom.pt\/TIC-Portugal-16\/ws3-vila-real-de-santo-antonio\/","title":{"rendered":"WS3 &#8211; Vila Real de Santo Ant\u00f3nio"},"content":{"rendered":"<p><strong>WS3 &#8211; O clique entre a educa\u00e7\u00e3o e as tecnologias &#8211; <em>QR Code<\/em> (Cl\u00e1udia Teixeira, Escola Secund\u00e1ria de Vila Real de Santo Ant\u00f3nio)<\/strong> (Sala &#8211; TIC 2)<\/p>\n<p>Neste workshop, vamos utilizar a aplica\u00e7\u00e3o <em>QR Code Reader<\/em> (aplica\u00e7\u00e3o gratuita, de leitura r\u00e1pida de informa\u00e7\u00e3o), que ser\u00e1 instalada nos dispositivos m\u00f3veis atrav\u00e9s da Google Play \u2013 Play Store). Faremos a\u00a0leitura de alguns c\u00f3digos e iremos tamb\u00e9m criar c\u00f3digos para disponibilizar trabalhos dos alunos ou materiais de apoio \u00e0s aulas, podendo ainda partilh\u00e1-los nas redes sociais e\/ou <em>email<\/em>.<br \/>\nAssim, torna-se simples e eficaz ter dispon\u00edvel\u00a0grande quantidade de informa\u00e7\u00e3o, tais como p\u00e1ginas web, mensagens, imagens\u2026 podendo ser acedida em poucos segundos atrav\u00e9s de um clique.<\/p>\n<p><strong>Material necess\u00e1rio<\/strong>: <em>smartphone<\/em> e\/ou<em> tablet<\/em> com c\u00e2mara.<\/p>\n","protected":false},"excerpt":{"rendered":"<p>WS3 &#8211; O clique entre a educa\u00e7\u00e3o e as tecnologias &#8211; QR Code (Cl\u00e1udia Teixeira, Escola Secund\u00e1ria de Vila Real de Santo Ant\u00f3nio) (Sala &#8211; TIC 2) Neste workshop, vamos utilizar a aplica\u00e7\u00e3o QR Code Reader (aplica\u00e7\u00e3o gratuita, de leitura r\u00e1pida de informa\u00e7\u00e3o), que ser\u00e1 instalada nos dispositivos m\u00f3veis atrav\u00e9s da Google Play \u2013 Play &hellip; <a href=\"https:\/\/wordpress.educom.pt\/TIC-Portugal-16\/ws3-vila-real-de-santo-antonio\/\" class=\"more-link\">Continuar a ler <span class=\"screen-reader-text\">WS3 &#8211; Vila Real de Santo Ant\u00f3nio<\/span> <span class=\"meta-nav\">&rarr;<\/span><\/a><\/p>\n","protected":false},"author":5,"featured_media":0,"parent":0,"menu_order":0,"comment_status":"closed","ping_status":"closed","template":"","meta":[],"_links":{"self":[{"href":"https:\/\/wordpress.educom.pt\/TIC-Portugal-16\/wp-json\/wp\/v2\/pages\/5366"}],"collection":[{"href":"https:\/\/wordpress.educom.pt\/TIC-Portugal-16\/wp-json\/wp\/v2\/pages"}],"about":[{"href":"https:\/\/wordpress.educom.pt\/TIC-Portugal-16\/wp-json\/wp\/v2\/types\/page"}],"author":[{"embeddable":true,"href":"https:\/\/wordpress.educom.pt\/TIC-Portugal-16\/wp-json\/wp\/v2\/users\/5"}],"replies":[{"embeddable":true,"href":"https:\/\/wordpress.educom.pt\/TIC-Portugal-16\/wp-json\/wp\/v2\/comments?post=5366"}],"version-history":[{"count":2,"href":"https:\/\/wordpress.educom.pt\/TIC-Portugal-16\/wp-json\/wp\/v2\/pages\/5366\/revisions"}],"predecessor-version":[{"id":5375,"href":"https:\/\/wordpress.educom.pt\/TIC-Portugal-16\/wp-json\/wp\/v2\/pages\/5366\/revisions\/5375"}],"wp:attachment":[{"href":"https:\/\/wordpress.educom.pt\/TIC-Portugal-16\/wp-json\/wp\/v2\/media?parent=5366"}],"curies":[{"name":"wp","href":"https:\/\/api.w.org\/{rel}","templated":true}]}}