{"id":5368,"date":"2016-04-15T13:53:32","date_gmt":"2016-04-15T13:53:32","guid":{"rendered":"http:\/\/wordpress.educom.pt\/TIC-Portugal-16\/?page_id=5368"},"modified":"2016-04-15T14:03:14","modified_gmt":"2016-04-15T14:03:14","slug":"ws4-vila-real-de-santo-antonio","status":"publish","type":"page","link":"https:\/\/wordpress.educom.pt\/TIC-Portugal-16\/ws4-vila-real-de-santo-antonio\/","title":{"rendered":"WS4 &#8211; Vila Real de Santo Ant\u00f3nio"},"content":{"rendered":"<p><strong>WS4 &#8211; Impress\u00e3o 3D para a educa\u00e7\u00e3o (M\u00e1rio Saleiro e Bruna do Carmo, uSmart &#8211; Tecnologias Educativas)<\/strong> (Sala &#8211; TIC 3)<\/p>\n<p>Este workshop tem como principal objetivo dar a conhecer os conceitos e t\u00e9cnicas base da \u00e1rea da impress\u00e3o 3D a docentes de qualquer ciclo de ensino. Pretende-se explorar a m\u00e1quina e os seus componentes e dar a conhecer um software de livre utiliza\u00e7\u00e3o para desenho 3D. Assim, esta experi\u00eancia consistir\u00e1 na proje\u00e7\u00e3o e desenho de uma pe\u00e7a 3D (objeto) e respetiva impress\u00e3o.<br \/>\nNeste workshop, o formador ir\u00e1 tamb\u00e9m mencionar alguns casos de aplica\u00e7\u00e3o pr\u00e1tica da impress\u00e3o 3D nas escolas.<\/p>\n<p>Objetivos da sess\u00e3o:<\/p>\n<ul>\n<li>Compreender o processo de impress\u00e3o 3D e funcionamento da impressora;<\/li>\n<li>Saber desenhar pe\u00e7as 3D para posterior impress\u00e3o;<\/li>\n<li>Saber integrar a impress\u00e3o 3D nos processos de ensino e de aprendizagem dos alunos.<\/li>\n<\/ul>\n","protected":false},"excerpt":{"rendered":"<p>WS4 &#8211; Impress\u00e3o 3D para a educa\u00e7\u00e3o (M\u00e1rio Saleiro e Bruna do Carmo, uSmart &#8211; Tecnologias Educativas) (Sala &#8211; TIC 3) Este workshop tem como principal objetivo dar a conhecer os conceitos e t\u00e9cnicas base da \u00e1rea da impress\u00e3o 3D a docentes de qualquer ciclo de ensino. Pretende-se explorar a m\u00e1quina e os seus componentes &hellip; <a href=\"https:\/\/wordpress.educom.pt\/TIC-Portugal-16\/ws4-vila-real-de-santo-antonio\/\" class=\"more-link\">Continuar a ler <span class=\"screen-reader-text\">WS4 &#8211; Vila Real de Santo Ant\u00f3nio<\/span> <span class=\"meta-nav\">&rarr;<\/span><\/a><\/p>\n","protected":false},"author":5,"featured_media":0,"parent":0,"menu_order":0,"comment_status":"closed","ping_status":"closed","template":"","meta":[],"_links":{"self":[{"href":"https:\/\/wordpress.educom.pt\/TIC-Portugal-16\/wp-json\/wp\/v2\/pages\/5368"}],"collection":[{"href":"https:\/\/wordpress.educom.pt\/TIC-Portugal-16\/wp-json\/wp\/v2\/pages"}],"about":[{"href":"https:\/\/wordpress.educom.pt\/TIC-Portugal-16\/wp-json\/wp\/v2\/types\/page"}],"author":[{"embeddable":true,"href":"https:\/\/wordpress.educom.pt\/TIC-Portugal-16\/wp-json\/wp\/v2\/users\/5"}],"replies":[{"embeddable":true,"href":"https:\/\/wordpress.educom.pt\/TIC-Portugal-16\/wp-json\/wp\/v2\/comments?post=5368"}],"version-history":[{"count":2,"href":"https:\/\/wordpress.educom.pt\/TIC-Portugal-16\/wp-json\/wp\/v2\/pages\/5368\/revisions"}],"predecessor-version":[{"id":5376,"href":"https:\/\/wordpress.educom.pt\/TIC-Portugal-16\/wp-json\/wp\/v2\/pages\/5368\/revisions\/5376"}],"wp:attachment":[{"href":"https:\/\/wordpress.educom.pt\/TIC-Portugal-16\/wp-json\/wp\/v2\/media?parent=5368"}],"curies":[{"name":"wp","href":"https:\/\/api.w.org\/{rel}","templated":true}]}}