{"id":5718,"date":"2016-04-15T15:43:34","date_gmt":"2016-04-15T15:43:34","guid":{"rendered":"http:\/\/wordpress.educom.pt\/TIC-Portugal-16\/?page_id=5718"},"modified":"2016-06-30T18:47:23","modified_gmt":"2016-06-30T18:47:23","slug":"programa-no-monte-de-caparica-2","status":"publish","type":"page","link":"https:\/\/wordpress.educom.pt\/TIC-Portugal-16\/programa-no-monte-de-caparica-2\/","title":{"rendered":"Programa no Monte de Caparica"},"content":{"rendered":"<p style=\"text-align: right;\"><strong><a href=\"https:\/\/wordpress.educom.pt\/TIC-Portugal-16\/wp-content\/uploads\/2016\/04\/programa_monte_caparica.pdf\" rel=\"\">Programa do Monte da Caparica (para Imprimir)<\/a><\/strong><\/p>\n<p>9.00 Rece\u00e7\u00e3o dos participantes (Edif\u00edcio VII &#8211; \u00c1trio)<\/p>\n<p><strong>9.30 Sess\u00e3o de Abertura &#8211; Audit\u00f3rio 1B<\/strong><\/p>\n<ul>\n<li>Secret\u00e1rio de Estado da Educa\u00e7\u00e3o, Jo\u00e3o Costa; Director da FCT-UNL, Fernando Santana (a confirmar); Presidente da Educom, Jo\u00e3o Correia de Freitas<\/li>\n<li>Delegado Regional do Algarve da Dire\u00e7\u00e3o-Geral dos Estabelecimentos Escolares, Francisco Marques; Diretor da ESVRSA, Vitor Junqueira (a confirmar);Vice-presidente da Educom Maria Jo\u00e3o Horta (a partir de Vila Real de Santo Ant\u00f3nio)<\/li>\n<li>Centros de Compet\u00eancia TIC associados \u00e0 iniciativa (a partir dos diversos Centros).<\/li>\n<\/ul>\n<p><strong>10.00 Confer\u00eancia pelo Professor <a href=\"https:\/\/wordpress.educom.pt\/TIC-Portugal-16\/biografias\/\">Fernando Albuquerque Costa<\/a> do Instituto de Educa\u00e7\u00e3o da Universidade de Lisboa: <em><a href=\"https:\/\/wordpress.educom.pt\/TIC-Portugal-16\/resumo\/\">O Desafio da Inclus\u00e3o Digital dos Adultos em Portugal<\/a>. (Audit\u00f3rio 1B)<\/em><\/strong><\/p>\n<p><strong>11.00 Intervalo (Coffee break)<\/strong><\/p>\n<p><strong>11.30 Comunica\u00e7\u00f5es e Partilha de Boas Pr\u00e1ticas\u00a0<\/strong><\/p>\n<p><strong>SALA EDULAB OLAIAS (Audit\u00f3rio 1B)\u00a0<\/strong>&#8211; Modera\u00e7\u00e3o: Margarida Belchior<br \/>\n<strong><em>Integra\u00e7\u00e3o Curricular das TIC: forma\u00e7\u00e3o, reflex\u00e3o, pr\u00e1tica, interven\u00e7\u00e3o e avalia\u00e7\u00e3o em turmas do 1.\u00ba Ciclo<\/em><\/strong><\/p>\n<p>Catarina Brilha da Silva Carvalho<br \/>\nPatr\u00edcia Alexandra Mendes Sardinha<br \/>\nBeatriz do Carmo Cardoso Antunes Fel\u00edcio<br \/>\nSusana \u00c2ngelo Macieira<br \/>\nNuno Miguel Barata Lopes Vicente<br \/>\nIrene de F\u00e1tima Cancela Pombal Pinto<br \/>\n<span data-sheets-value=\"{&quot;1&quot;:2,&quot;2&quot;:&quot;Salom\\u00e9 Tom\\u00e9 Conde&quot;}\" data-sheets-userformat=\"{&quot;2&quot;:515,&quot;3&quot;:{&quot;1&quot;:0},&quot;4&quot;:{&quot;1&quot;:2,&quot;2&quot;:65280},&quot;12&quot;:0}\">Salom\u00e9 Tom\u00e9 Conde<\/span><br \/>\n<span data-sheets-value=\"{&quot;1&quot;:2,&quot;2&quot;:&quot;Lu\\u00edsa Cl\\u00e1udia Rito Cardoso&quot;}\" data-sheets-userformat=\"{&quot;2&quot;:515,&quot;3&quot;:{&quot;1&quot;:0},&quot;4&quot;:{&quot;1&quot;:2,&quot;2&quot;:65280},&quot;12&quot;:0}\">Lu\u00edsa Cl\u00e1udia Rito Cardoso<\/span><br \/>\n<span data-sheets-value=\"{&quot;1&quot;:2,&quot;2&quot;:&quot;Ol\\u00edvia Maria Ferreira&quot;}\" data-sheets-userformat=\"{&quot;2&quot;:513,&quot;3&quot;:{&quot;1&quot;:0},&quot;12&quot;:0}\">Ol\u00edvia Maria Ferreira Nascimento<\/span><br \/>\nC\u00e9u Garcia Miranda<\/p>\n<p><strong>SALA APPS for GOOD\u00a0(Sala 1.9)\u00a0<\/strong>&#8211; Modera\u00e7\u00e3o: V\u00edtor Teodoro<br \/>\n<strong> <em>Desenvolvimento de aplica\u00e7\u00f5es para telem\u00f3veis em projetos transversais ao curr\u00edculo<\/em><\/strong><\/p>\n<p>Matilde Buisel,\u00a0Jo\u00e3o Afonso e\u00a0Salvador Neto<em><strong> (Apps for Good &#8211; Uma nova forma de ensinar Tecnologia);<\/strong><\/em><br \/>\n<span data-sheets-value=\"{&quot;1&quot;:2,&quot;2&quot;:&quot;Maria Antonieta Pereira da Rocha&quot;}\" data-sheets-userformat=\"{&quot;2&quot;:513,&quot;3&quot;:{&quot;1&quot;:0},&quot;12&quot;:0}\">Antonieta Rocha,\u00a0<\/span>Cl\u00e1udia Costa, Elsa Mota e Teresa Cardoso <em><strong>(O projeto Apps for Good em cursos profissionais &#8211; relato de uma experi\u00eancia);<\/strong><\/em><br \/>\nEquipa de alunos da Escola de Santo Ant\u00f3nio (vencedores do Pr\u00e9mio Nacional Apps for Good, 2014\/2015)<\/p>\n<p><strong>SALA Khan Academy\u00a0(Sala 1.10)<\/strong>&#8211; Modera\u00e7\u00e3o:\u00a0Fernando Reis<br \/>\n<strong><em>Plataforma de trabalho e recursos educativos da Khan Academy<\/em><\/strong><\/p>\n<p>Ana Catarina Gra\u00e7a,\u00a0In\u00e1cio Mira e\u00a0Daniel Freitas (Funda\u00e7\u00e3o Portugal Telecom)<br \/>\nDuarte Peixeiro Nifo e Rui Pedro Janu\u00e1rio (Col\u00e9gio de Santa Maria)<br \/>\nMaria Teresa Mendes e\u00a0Sofia Isabel S\u00e1 (Associa\u00e7\u00e3o Florescer)<br \/>\nMiguel Castro (Agrupamento de Escolas de S\u00e3o Jo\u00e3o da Talha)<\/p>\n<p><strong>SALA Literacias Digitais\u00a0(Sala 1.11)<\/strong>&#8211; Modera\u00e7\u00e3o: Adelaide Silva<br \/>\n<em>Educar para as literacias digitais<\/em><\/p>\n<p>Helena Felizardo<em><strong> (Literacia sociodigital, numa escola orientada para o futuro)<\/strong><\/em>;<br \/>\nManuel Moreira<em><strong> (O cinema de anima\u00e7\u00e3o e as tecnologias digitais &#8211; Como realizar mini-filmes numa aula de 90 minutos);<\/strong><\/em><br \/>\nS\u00edlvia Couvaneiro, Ana Esteves e Neuza Pedro<em><strong>\u00a0(<span data-sheets-value=\"{&quot;1&quot;:2,&quot;2&quot;:&quot;\\&quot;How I survived a no-tech day\\&quot; - Projeto de v\\u00eddeo na aula de Ingl\\u00eas&quot;}\" data-sheets-userformat=\"{&quot;2&quot;:513,&quot;3&quot;:{&quot;1&quot;:0},&quot;12&quot;:0}\">&#8220;How I survived a no-tech day&#8221; &#8211; Projeto de v\u00eddeo na aula de Ingl\u00eas);<\/span><\/strong><\/em><br \/>\nS\u00edlvia Couvaneiro, Jo\u00e3o Henriques e Neuza Pedro <strong><em>(&#8220;Robin Hood&#8221; &#8211; Projeto de livro digital na aula de Ingl\u00eas)<\/em><\/strong><\/p>\n<p><strong>SALA Projetos TIC \u00a0(Sala 1.12)\u00a0<\/strong>&#8211; Modera\u00e7\u00e3o:\u00a0Rita Zurrapa<\/p>\n<p>Sim\u00e3o Lomba <em><strong>(Tecnologias Digitais e Trabalho Colaborativo com o Guided Inquiry)<\/strong><\/em>;<br \/>\nHenrique Santos e Cristina Pinto <em><strong>(&#8220;Ver com as M\u00e3os, Olhar com o Cora\u00e7\u00e3o&#8221;)<\/strong><\/em>;<br \/>\nAnabela Correia, Sandra Silva e Paula Nunes <em><strong>(Dani aprende a Programar);<\/strong><\/em><br \/>\nCarlos Almeida <em><strong>(Robotis &#8211; Clube de Rob\u00f3tica do Agrupamento de Escolas D.Dinis)<\/strong><\/em><\/p>\n<p><strong>SALA Projetos TIC 2 (Sala 1.13)\u00a0<\/strong>&#8211; Modera\u00e7\u00e3o:\u00a0L\u00edgia Azevedo<\/p>\n<p>Dulce Franco e Esmeralda Santo <em><strong>(As TIC em sala de aula: gerir RED, promover aprendizagens)<\/strong><\/em>;<br \/>\nS\u00e9rgio Leal<em><strong> (As TIC na forma\u00e7\u00e3o de professores em Educa\u00e7\u00e3o para o Empreendedorismo);<\/strong><\/em><br \/>\nMarisa Rapp <strong><em>(<\/em><\/strong><span data-sheets-value=\"{&quot;1&quot;:2,&quot;2&quot;:&quot;Integra\\u00e7\\u00e3o das TIC nas pr\\u00e1ticas dos professores portugueses do 1\\u00b0 e 2\\u00b0 ciclo&quot;}\" data-sheets-userformat=\"{&quot;2&quot;:515,&quot;3&quot;:{&quot;1&quot;:0},&quot;4&quot;:{&quot;1&quot;:2,&quot;2&quot;:16750848},&quot;12&quot;:0}\"><strong><em>Integra\u00e7\u00e3o das TIC nas pr\u00e1ticas dos professores portugueses do 1\u00b0 e 2\u00b0 ciclo);<\/em><\/strong><\/span><br \/>\nEg\u00eddia Azevedo <strong><em>(O papel das TIC no desenvolvimento das compet\u00eancias de sociedade, tecnologia e ci\u00eancia na forma\u00e7\u00e3o de adultos);<\/em><\/strong><br \/>\nCarlos Cunha <em><strong>(Sala de Aula do Futuro (SAFuturo)\u2013 Local ideal para a metodologia Inquiry-based learning)<\/strong><\/em><\/p>\n<p><strong style=\"line-height: 1.5;\">13.00 Almo\u00e7o livre<\/strong><\/p>\n<p><strong>14.00 Workshops\u00a0<\/strong><\/p>\n<p style=\"padding-left: 30px;\"><strong><a href=\"https:\/\/wordpress.educom.pt\/TIC-Portugal-16\/ws1-monte-da-caparica\/\">WS1 \u2010 Sala 1.8\u00a0&#8211;\u00a0Vamos desenhar projetos Europeus? (desenvolvimento de trabalho de projeto e de trabalho colaborativo, na sala de aula, com tecnologias)<\/a> <\/strong>(Rita Zurrapa, Equipa ERTE\/DGE)<\/p>\n<p style=\"padding-left: 30px;\"><strong><a href=\"https:\/\/wordpress.educom.pt\/TIC-Portugal-16\/ws2-monte-da-caparica\/\">WS2 \u2010 Sala 1.9 &#8211; \u00a0&#8220;Aprender, partilhar e comunicar em seguran\u00e7a&#8221; (atividades e jogos na Internet para crian\u00e7as, jovens, pais e professores)<\/a><\/strong> (L\u00edgia Azevedo, Equipa ERTE\/DGE)<\/p>\n<p style=\"padding-left: 30px;\"><strong><a href=\"https:\/\/wordpress.educom.pt\/TIC-Portugal-16\/ws3-monte-da-caparica\/\">WS3 \u2010 Sala 1.10 &#8211;\u00a0Vamos levar os <em>tablets<\/em> e os <em>smartphones<\/em> para a sala de aula? (ferramentas com potencial educativo para utiliza\u00e7\u00e3o em sala de aula)<\/a><\/strong>\u00a0(Jo\u00e3o Mouro, Laborat\u00f3rio de eLearning da FCT\/UNL)<\/p>\n<p style=\"padding-left: 30px;\"><a href=\"https:\/\/wordpress.educom.pt\/TIC-Portugal-16\/ws4-monte-da-caparica\/\"><strong>WS4 \u2010 Lab.2.1\u00a0&#8211;\u00a0Vamos criar aplica\u00e7\u00f5es (<em>apps<\/em>) para dispositivos m\u00f3veis? (projetos de cidadania centrados na codifica\u00e7\u00e3o e no desenvolvimento de aplica\u00e7\u00f5es para dispositivos m\u00f3veis) <\/strong><\/a>(Matilde Buisel e Eduardo Matos, Equipa Apps for Good\/ Microsoft)<\/p>\n<p><strong>17.00 Intervalo (Coffee break)<\/strong><\/p>\n<p><strong>17.30 Mesa Redonda: coordenadores dos CC TIC participantes &#8211;\u00a0Audit\u00f3rio 1B<\/strong><\/p>\n<p><strong>18.50\/ 19.00 Encerramento (Audit\u00f3rio 1B)<\/strong><\/p>\n<ul>\n<li>Presidente da Educom; Vice-presidente da Educom; Sub-director da FCT Jos\u00e9 J\u00falio Alferes (a confirmar); Diretor Geral da Dire\u00e7\u00e3o-Geral de Educa\u00e7\u00e3o, Jos\u00e9 V\u00edtor Pedroso<\/li>\n<\/ul>\n<p style=\"text-align: right;\"><strong><a href=\"https:\/\/wordpress.educom.pt\/TIC-Portugal-16\/wp-content\/uploads\/2016\/04\/programa_monte_caparica.pdf\" rel=\"\">Programa do Monte da Caparica (para Imprimir)<\/a><\/strong><\/p>\n","protected":false},"excerpt":{"rendered":"<p>Programa do Monte da Caparica (para Imprimir) 9.00 Rece\u00e7\u00e3o dos participantes (Edif\u00edcio VII &#8211; \u00c1trio) 9.30 Sess\u00e3o de Abertura &#8211; Audit\u00f3rio 1B Secret\u00e1rio de Estado da Educa\u00e7\u00e3o, Jo\u00e3o Costa; Director da FCT-UNL, Fernando Santana (a confirmar); Presidente da Educom, Jo\u00e3o Correia de Freitas Delegado Regional do Algarve da Dire\u00e7\u00e3o-Geral dos Estabelecimentos Escolares, Francisco Marques; Diretor &hellip; <a href=\"https:\/\/wordpress.educom.pt\/TIC-Portugal-16\/programa-no-monte-de-caparica-2\/\" class=\"more-link\">Continuar a ler <span class=\"screen-reader-text\">Programa no Monte de Caparica<\/span> <span class=\"meta-nav\">&rarr;<\/span><\/a><\/p>\n","protected":false},"author":5,"featured_media":0,"parent":0,"menu_order":0,"comment_status":"closed","ping_status":"closed","template":"","meta":[],"_links":{"self":[{"href":"https:\/\/wordpress.educom.pt\/TIC-Portugal-16\/wp-json\/wp\/v2\/pages\/5718"}],"collection":[{"href":"https:\/\/wordpress.educom.pt\/TIC-Portugal-16\/wp-json\/wp\/v2\/pages"}],"about":[{"href":"https:\/\/wordpress.educom.pt\/TIC-Portugal-16\/wp-json\/wp\/v2\/types\/page"}],"author":[{"embeddable":true,"href":"https:\/\/wordpress.educom.pt\/TIC-Portugal-16\/wp-json\/wp\/v2\/users\/5"}],"replies":[{"embeddable":true,"href":"https:\/\/wordpress.educom.pt\/TIC-Portugal-16\/wp-json\/wp\/v2\/comments?post=5718"}],"version-history":[{"count":52,"href":"https:\/\/wordpress.educom.pt\/TIC-Portugal-16\/wp-json\/wp\/v2\/pages\/5718\/revisions"}],"predecessor-version":[{"id":8549,"href":"https:\/\/wordpress.educom.pt\/TIC-Portugal-16\/wp-json\/wp\/v2\/pages\/5718\/revisions\/8549"}],"wp:attachment":[{"href":"https:\/\/wordpress.educom.pt\/TIC-Portugal-16\/wp-json\/wp\/v2\/media?parent=5718"}],"curies":[{"name":"wp","href":"https:\/\/api.w.org\/{rel}","templated":true}]}}