{"id":6333,"date":"2016-04-19T08:35:30","date_gmt":"2016-04-19T08:35:30","guid":{"rendered":"http:\/\/wordpress.educom.pt\/TIC-Portugal-16\/?page_id=6333"},"modified":"2016-06-21T09:04:16","modified_gmt":"2016-06-21T09:04:16","slug":"programa-em-santarem","status":"publish","type":"page","link":"https:\/\/wordpress.educom.pt\/TIC-Portugal-16\/programa-em-santarem\/","title":{"rendered":"Programa em Santar\u00e9m"},"content":{"rendered":"<p>&nbsp;<\/p>\n<p><strong>9.30 Sess\u00e3o de Abertura<\/strong><\/p>\n<ul>\n<li>Presidente da Educom; Director da FCT-UNL, Doutor Fernando Santana (a confirmar); Secret\u00e1rio de Estado da Educa\u00e7\u00e3o, Jo\u00e3o Costa.<\/li>\n<li>Vice-presidente da Educom (a partir de VRSA); Diretor da ESVRSA, (a confirmar); Delegado Regional do Algarve da Dire\u00e7\u00e3o-Geral dos Estabelecimentos Escolares, Francisco Marques.<\/li>\n<li>Centros de Compet\u00eancia TIC associados \u00e0 iniciativa (a partir dos diversos Centros).<\/li>\n<\/ul>\n<p><strong>10.00 Confer\u00eancia pelo Professor <a href=\"https:\/\/wordpress.educom.pt\/TIC-Portugal-16\/biografias\/\">Fernando Albuquerque Costa<\/a> do Instituto de Educa\u00e7\u00e3o da Universidade de Lisboa: <em><a href=\"https:\/\/wordpress.educom.pt\/TIC-Portugal-16\/resumo\/\">O Desafio da Inclus\u00e3o Digital dos Adultos em Portugal<\/a>.<\/em><\/strong><\/p>\n<p><strong>11.00 Intervalo (Coffee break)<\/strong><\/p>\n<p><strong>11.30 Boas Pr\u00e1ticas com o <em>eTwinning<\/em> &#8211; medos e desafios &#8211; <\/strong>Anabela Br\u00edgida, embaixadora <em>eTwinning<\/em> Lisboa e Vale do Tejo (+ escola com boa pr\u00e1tica a confirmar)<\/p>\n<p><strong>11.50 Programas e projetos internacionais nas escolas do ensino b\u00e1sico e secund\u00e1rio &#8211; boas pr\u00e1ticas (em defini\u00e7\u00e3o)<\/strong><\/p>\n<p><strong>12.10\u00a0<\/strong>A definir (Jo\u00e3o Carlos Sousa, DGE)<\/p>\n<p><strong>12.45 Debate<\/strong><\/p>\n<p><strong>13.00 Almo\u00e7o livre<\/strong><\/p>\n<p><strong>14.00 Workshops<\/strong><\/p>\n<p><strong>WS1 \u2013 eTwinning &#8211; formar e incluir<\/strong> (Anabela Br\u00edgida, Embaixadora eTwinning Lisboa e Vale do Tejo )(Sala 1A)<\/p>\n<p><strong>WS2 \u2013 Navega\u00e7\u00e3o Segura na Internet &#8211; Riscos e Desafios<\/strong> (em defini\u00e7\u00e3o) (Sala \u2013 41)<\/p>\n<p><strong>17.00 Intervalo (Coffee break)<\/strong><\/p>\n<p><strong>17.30 Mesa Redonda: coordenadores dos CC TIC participantes<\/strong><\/p>\n<p><strong>18.50\/ 19.00 Encerramento<\/strong><\/p>\n<ul>\n<li>Presidente da Educom; Vice-presidente da Educom; Sub-director da FCT Professor Doutor Jos\u00e9 J\u00falio Alferes (a confirmar); Diretor Geral da Dire\u00e7\u00e3o-Geral de Educa\u00e7\u00e3o, Jos\u00e9 V\u00edtor Pedroso.<\/li>\n<\/ul>\n","protected":false},"excerpt":{"rendered":"<p>&nbsp; 9.30 Sess\u00e3o de Abertura Presidente da Educom; Director da FCT-UNL, Doutor Fernando Santana (a confirmar); Secret\u00e1rio de Estado da Educa\u00e7\u00e3o, Jo\u00e3o Costa. Vice-presidente da Educom (a partir de VRSA); Diretor da ESVRSA, (a confirmar); Delegado Regional do Algarve da Dire\u00e7\u00e3o-Geral dos Estabelecimentos Escolares, Francisco Marques. Centros de Compet\u00eancia TIC associados \u00e0 iniciativa (a partir &hellip; <a href=\"https:\/\/wordpress.educom.pt\/TIC-Portugal-16\/programa-em-santarem\/\" class=\"more-link\">Continuar a ler <span class=\"screen-reader-text\">Programa em Santar\u00e9m<\/span> <span class=\"meta-nav\">&rarr;<\/span><\/a><\/p>\n","protected":false},"author":5,"featured_media":0,"parent":0,"menu_order":0,"comment_status":"closed","ping_status":"closed","template":"","meta":[],"_links":{"self":[{"href":"https:\/\/wordpress.educom.pt\/TIC-Portugal-16\/wp-json\/wp\/v2\/pages\/6333"}],"collection":[{"href":"https:\/\/wordpress.educom.pt\/TIC-Portugal-16\/wp-json\/wp\/v2\/pages"}],"about":[{"href":"https:\/\/wordpress.educom.pt\/TIC-Portugal-16\/wp-json\/wp\/v2\/types\/page"}],"author":[{"embeddable":true,"href":"https:\/\/wordpress.educom.pt\/TIC-Portugal-16\/wp-json\/wp\/v2\/users\/5"}],"replies":[{"embeddable":true,"href":"https:\/\/wordpress.educom.pt\/TIC-Portugal-16\/wp-json\/wp\/v2\/comments?post=6333"}],"version-history":[{"count":7,"href":"https:\/\/wordpress.educom.pt\/TIC-Portugal-16\/wp-json\/wp\/v2\/pages\/6333\/revisions"}],"predecessor-version":[{"id":8457,"href":"https:\/\/wordpress.educom.pt\/TIC-Portugal-16\/wp-json\/wp\/v2\/pages\/6333\/revisions\/8457"}],"wp:attachment":[{"href":"https:\/\/wordpress.educom.pt\/TIC-Portugal-16\/wp-json\/wp\/v2\/media?parent=6333"}],"curies":[{"name":"wp","href":"https:\/\/api.w.org\/{rel}","templated":true}]}}