{"id":6343,"date":"2016-04-19T09:16:58","date_gmt":"2016-04-19T09:16:58","guid":{"rendered":"http:\/\/wordpress.educom.pt\/TIC-Portugal-16\/?page_id=6343"},"modified":"2016-04-19T09:19:11","modified_gmt":"2016-04-19T09:19:11","slug":"informacoes-uteis-em-santarem","status":"publish","type":"page","link":"https:\/\/wordpress.educom.pt\/TIC-Portugal-16\/informacoes-uteis-em-santarem\/","title":{"rendered":"Informa\u00e7\u00f5es \u00fateis em Santar\u00e9m"},"content":{"rendered":"<p><del><\/del><\/p>\n<h3>Contacto<\/h3>\n<p><a href=\"http:\/\/cctic.ese.ipsantarem.pt\/cctic\/index.php\">Centro de Compet\u00eancia TIC da E.S.E. de Santar\u00e9m<\/a><\/p>\n<p>Complexo Andaluz, Apartado 131\u00a0 *\u00a0 2001-902 Santar\u00e9m &#8211; Portugal<\/p>\n<p>Tel\u00a0<strong>243 309 180\u00a0<\/strong> * Fax\u00a0<strong>243 309 187<\/strong><\/p>\n<p>Email\u00a0<strong>cctic@ese.ipsantarem.pt\u00a0 \u00a0<\/strong><\/p>\n<p>&nbsp;<\/p>\n<p><del><a href=\"http:\/\/wordpress.educom.pt\/TIC-Portugal-14\/wp-content\/uploads\/2014\/04\/logo_cctic.png\"><img decoding=\"async\" loading=\"lazy\" class=\"alignnone size-full wp-image-280\" src=\"http:\/\/wordpress.educom.pt\/TIC-Portugal-14\/wp-content\/uploads\/2014\/04\/logo_cctic.png\" alt=\"logo_cctic\" width=\"195\" height=\"95\" \/><\/a><\/p>\n<p><\/del><\/p>\n","protected":false},"excerpt":{"rendered":"<p>Contacto Centro de Compet\u00eancia TIC da E.S.E. de Santar\u00e9m Complexo Andaluz, Apartado 131\u00a0 *\u00a0 2001-902 Santar\u00e9m &#8211; Portugal Tel\u00a0243 309 180\u00a0 * Fax\u00a0243 309 187 Email\u00a0cctic@ese.ipsantarem.pt\u00a0 \u00a0 &nbsp;<\/p>\n","protected":false},"author":5,"featured_media":0,"parent":0,"menu_order":0,"comment_status":"closed","ping_status":"closed","template":"","meta":[],"_links":{"self":[{"href":"https:\/\/wordpress.educom.pt\/TIC-Portugal-16\/wp-json\/wp\/v2\/pages\/6343"}],"collection":[{"href":"https:\/\/wordpress.educom.pt\/TIC-Portugal-16\/wp-json\/wp\/v2\/pages"}],"about":[{"href":"https:\/\/wordpress.educom.pt\/TIC-Portugal-16\/wp-json\/wp\/v2\/types\/page"}],"author":[{"embeddable":true,"href":"https:\/\/wordpress.educom.pt\/TIC-Portugal-16\/wp-json\/wp\/v2\/users\/5"}],"replies":[{"embeddable":true,"href":"https:\/\/wordpress.educom.pt\/TIC-Portugal-16\/wp-json\/wp\/v2\/comments?post=6343"}],"version-history":[{"count":2,"href":"https:\/\/wordpress.educom.pt\/TIC-Portugal-16\/wp-json\/wp\/v2\/pages\/6343\/revisions"}],"predecessor-version":[{"id":6347,"href":"https:\/\/wordpress.educom.pt\/TIC-Portugal-16\/wp-json\/wp\/v2\/pages\/6343\/revisions\/6347"}],"wp:attachment":[{"href":"https:\/\/wordpress.educom.pt\/TIC-Portugal-16\/wp-json\/wp\/v2\/media?parent=6343"}],"curies":[{"name":"wp","href":"https:\/\/api.w.org\/{rel}","templated":true}]}}