{"id":6345,"date":"2016-04-19T09:17:27","date_gmt":"2016-04-19T09:17:27","guid":{"rendered":"http:\/\/wordpress.educom.pt\/TIC-Portugal-16\/?page_id=6345"},"modified":"2016-04-19T09:21:22","modified_gmt":"2016-04-19T09:21:22","slug":"informacoes-uteis-em-setubal","status":"publish","type":"page","link":"https:\/\/wordpress.educom.pt\/TIC-Portugal-16\/informacoes-uteis-em-setubal\/","title":{"rendered":"Informa\u00e7\u00f5es \u00fateis em Set\u00fabal"},"content":{"rendered":"<div>\n<h3>Contacto<\/h3>\n<p><strong><span class=\"Apple-style-span\" style=\"font-size: medium;\"><span class=\"Apple-style-span\"><a title=\"Centro de Compet\u00eancia TIC \u2013 ESE\/IPS\" href=\"http:\/\/projectos.ese.ips.pt\/cctic\/\" rel=\"home\">Centro de Compet\u00eancia TIC \u2013 ESE\/IPS<\/a><\/span><\/span><\/strong><br \/>\nCampus do Instituto Polit\u00e9cnico de Set\u00fabal, Estefanilha . 2914-504 Set\u00fabal, Portugal<\/p>\n<\/div>\n<div>\n<p>Tel\u00a0<strong>265 710 800<\/strong>\u00a0* Fax\u00a0<strong>265 710 810<\/strong><br \/>\nTel\u00a0<strong>265 710 840 (CCTIC)<\/strong><br \/>\nEmail\u00a0<strong>cctic@ese.ips.pt<\/strong><\/p>\n<p><b>\u00a0<\/b><\/p>\n<div><img decoding=\"async\" loading=\"lazy\" class=\"alignnone wp-image-282\" src=\"http:\/\/wordpress.educom.pt\/TIC-Portugal-14\/wp-content\/uploads\/2014\/04\/setubal.jpg\" alt=\"setubal\" width=\"186\" height=\"102\" \/><a href=\"http:\/\/wordpress.educom.pt\/TIC-Portugal-14\/wp-content\/uploads\/2014\/04\/ESE_centro.jpg\"><img decoding=\"async\" loading=\"lazy\" class=\"alignnone wp-image-283\" src=\"http:\/\/wordpress.educom.pt\/TIC-Portugal-14\/wp-content\/uploads\/2014\/04\/ESE_centro-300x208.jpg\" alt=\"ESE_centro\" width=\"264\" height=\"183\" \/><\/a><\/div>\n<\/div>\n","protected":false},"excerpt":{"rendered":"<p>Contacto Centro de Compet\u00eancia TIC \u2013 ESE\/IPS Campus do Instituto Polit\u00e9cnico de Set\u00fabal, Estefanilha . 2914-504 Set\u00fabal, Portugal Tel\u00a0265 710 800\u00a0* Fax\u00a0265 710 810 Tel\u00a0265 710 840 (CCTIC) Email\u00a0cctic@ese.ips.pt \u00a0<\/p>\n","protected":false},"author":5,"featured_media":0,"parent":0,"menu_order":0,"comment_status":"closed","ping_status":"closed","template":"","meta":[],"_links":{"self":[{"href":"https:\/\/wordpress.educom.pt\/TIC-Portugal-16\/wp-json\/wp\/v2\/pages\/6345"}],"collection":[{"href":"https:\/\/wordpress.educom.pt\/TIC-Portugal-16\/wp-json\/wp\/v2\/pages"}],"about":[{"href":"https:\/\/wordpress.educom.pt\/TIC-Portugal-16\/wp-json\/wp\/v2\/types\/page"}],"author":[{"embeddable":true,"href":"https:\/\/wordpress.educom.pt\/TIC-Portugal-16\/wp-json\/wp\/v2\/users\/5"}],"replies":[{"embeddable":true,"href":"https:\/\/wordpress.educom.pt\/TIC-Portugal-16\/wp-json\/wp\/v2\/comments?post=6345"}],"version-history":[{"count":2,"href":"https:\/\/wordpress.educom.pt\/TIC-Portugal-16\/wp-json\/wp\/v2\/pages\/6345\/revisions"}],"predecessor-version":[{"id":6349,"href":"https:\/\/wordpress.educom.pt\/TIC-Portugal-16\/wp-json\/wp\/v2\/pages\/6345\/revisions\/6349"}],"wp:attachment":[{"href":"https:\/\/wordpress.educom.pt\/TIC-Portugal-16\/wp-json\/wp\/v2\/media?parent=6345"}],"curies":[{"name":"wp","href":"https:\/\/api.w.org\/{rel}","templated":true}]}}