{"id":6354,"date":"2016-04-19T09:25:03","date_gmt":"2016-04-19T09:25:03","guid":{"rendered":"http:\/\/wordpress.educom.pt\/TIC-Portugal-16\/?page_id=6354"},"modified":"2016-05-05T11:13:58","modified_gmt":"2016-05-05T11:13:58","slug":"informacoes-uteis-em-evora","status":"publish","type":"page","link":"https:\/\/wordpress.educom.pt\/TIC-Portugal-16\/informacoes-uteis-em-evora\/","title":{"rendered":"Informa\u00e7\u00f5es \u00fateis em \u00c9vora"},"content":{"rendered":"<h3>Contacto<\/h3>\n<p>Universidade de \u00c9vora &#8211; Centro de Compet\u00eancia TIC<\/p>\n<p><span class=\"Apple-style-span\" style=\"font-weight: normal;\">Telefone\u00a0<\/span><strong><span class=\"Apple-style-span\" style=\"font-weight: normal;\"><strong>\u00a0266768050<\/strong><\/span><\/strong><\/p>\n<p>Email\u00a0\u00a0<strong>minerva@uevora.pt<\/strong><a href=\"mailto:cctic@ese.ipsantarem.pt\"><br \/>\n<\/a><\/p>\n<p>&nbsp;<\/p>\n<h3>Localiza\u00e7\u00e3o<\/h3>\n<p>LOCAL &#8211; ESPA\u00c7OS DO ENCONTRO<\/p>\n<p><strong>\u00c9VORA<\/strong><\/p>\n<div>\n<p>Col\u00e9gio do Esp\u00edrito Santo &#8211; Universidade de \u00c9vora<\/p>\n<\/div>\n<div><\/div>\n<p><iframe loading=\"lazy\" src=\"https:\/\/maps.google.com\/maps?client=safari&amp;oe=UTF-8&amp;ie=UTF8&amp;q=Universidade+de+%C3%89vora&amp;fb=1&amp;hq=&amp;cid=11628905694793117131&amp;hnear=&amp;ll=38.57331,-7.903919&amp;spn=0.006295,0.006295&amp;t=m&amp;output=embed\" width=\"425\" height=\"350\" frameborder=\"0\" marginwidth=\"0\" marginheight=\"0\" scrolling=\"no\"><\/iframe><br \/>\n<small><a style=\"color: #0000ff; text-align: left;\" href=\"https:\/\/maps.google.com\/maps?client=safari&amp;oe=UTF-8&amp;ie=UTF8&amp;q=Universidade+de+%C3%89vora&amp;fb=1&amp;hq=&amp;cid=11628905694793117131&amp;hnear=&amp;ll=38.57331,-7.903919&amp;spn=0.006295,0.006295&amp;t=m&amp;source=embed\">Ver mapa maior<\/a><\/small><\/p>\n<div>\n<h3><a href=\"http:\/\/wordpress.educom.pt\/TIC-Portugal-14\/wp-content\/uploads\/2014\/04\/ccticue_novo_logo.jpg\"><img decoding=\"async\" loading=\"lazy\" src=\"http:\/\/wordpress.educom.pt\/TIC-Portugal-14\/wp-content\/uploads\/2014\/04\/ccticue_novo_logo-300x99.jpg\" alt=\"ccticue_novo_logo\" width=\"300\" height=\"99\" \/><\/a><\/h3>\n<\/div>\n","protected":false},"excerpt":{"rendered":"<p>Contacto Universidade de \u00c9vora &#8211; Centro de Compet\u00eancia TIC Telefone\u00a0\u00a0266768050 Email\u00a0\u00a0minerva@uevora.pt &nbsp; Localiza\u00e7\u00e3o LOCAL &#8211; ESPA\u00c7OS DO ENCONTRO \u00c9VORA Col\u00e9gio do Esp\u00edrito Santo &#8211; Universidade de \u00c9vora Ver mapa maior<\/p>\n","protected":false},"author":5,"featured_media":0,"parent":0,"menu_order":0,"comment_status":"closed","ping_status":"closed","template":"","meta":[],"_links":{"self":[{"href":"https:\/\/wordpress.educom.pt\/TIC-Portugal-16\/wp-json\/wp\/v2\/pages\/6354"}],"collection":[{"href":"https:\/\/wordpress.educom.pt\/TIC-Portugal-16\/wp-json\/wp\/v2\/pages"}],"about":[{"href":"https:\/\/wordpress.educom.pt\/TIC-Portugal-16\/wp-json\/wp\/v2\/types\/page"}],"author":[{"embeddable":true,"href":"https:\/\/wordpress.educom.pt\/TIC-Portugal-16\/wp-json\/wp\/v2\/users\/5"}],"replies":[{"embeddable":true,"href":"https:\/\/wordpress.educom.pt\/TIC-Portugal-16\/wp-json\/wp\/v2\/comments?post=6354"}],"version-history":[{"count":3,"href":"https:\/\/wordpress.educom.pt\/TIC-Portugal-16\/wp-json\/wp\/v2\/pages\/6354\/revisions"}],"predecessor-version":[{"id":7476,"href":"https:\/\/wordpress.educom.pt\/TIC-Portugal-16\/wp-json\/wp\/v2\/pages\/6354\/revisions\/7476"}],"wp:attachment":[{"href":"https:\/\/wordpress.educom.pt\/TIC-Portugal-16\/wp-json\/wp\/v2\/media?parent=6354"}],"curies":[{"name":"wp","href":"https:\/\/api.w.org\/{rel}","templated":true}]}}