{"id":6357,"date":"2016-04-19T09:28:03","date_gmt":"2016-04-19T09:28:03","guid":{"rendered":"http:\/\/wordpress.educom.pt\/TIC-Portugal-16\/?page_id=6357"},"modified":"2016-04-19T09:28:03","modified_gmt":"2016-04-19T09:28:03","slug":"informacoes-uteis-em-lisboa","status":"publish","type":"page","link":"https:\/\/wordpress.educom.pt\/TIC-Portugal-16\/informacoes-uteis-em-lisboa\/","title":{"rendered":"Informa\u00e7\u00f5es \u00fateis em Lisboa"},"content":{"rendered":"<h3>Contactos<\/h3>\n<p><span class=\"Apple-style-span\" style=\"font-family: verdana, sans-serif;\"><a href=\"http:\/\/c2ti.ie.ul.pt\/\" target=\"_blank\">C2Ti &#8211; Centro de Compet\u00eancias em Tecnologias e Inova\u00e7\u00e3o<\/a><br \/>\n<\/span><\/p>\n<p><span class=\"Apple-style-span\">Instituto de Educa\u00e7\u00e3o \u2013 Universidade de Lisboa<br \/>\nEdif\u00edcio C6 \u2013 Piso 2, sala 6.2.42<br \/>\nCampo Grande<br \/>\n1749-016 Lisboa<br \/>\nTelefone: 21 794 36 91<br \/>\nE-mail:\u00a0<a href=\"mailto:c2ti@ie.ul.pt\">c2ti@ie.ulisboa.pt<\/a><\/span><\/p>\n<div id=\"pgc-12-0-1\" class=\"panel-grid-cell\"><\/div>\n<h3>Localiza\u00e7\u00e3o<\/h3>\n<p>LOCAL \u2013 ESPA\u00c7OS DO ENCONTRO<\/p>\n<p>Instituto de Educa\u00e7\u00e3o \u2013 Universidade de Lisboa<br \/>\nCampo Grande<br \/>\n1749-016 Lisboa<\/p>\n<p><b><span class=\"Apple-style-span\"><a href=\"http:\/\/wordpress.educom.pt\/TIC-Portugal-15\/wp-content\/uploads\/2015\/04\/lisboa_logo_pequeno.jpg\"><img decoding=\"async\" loading=\"lazy\" class=\"alignnone size-full wp-image-918\" src=\"http:\/\/wordpress.educom.pt\/TIC-Portugal-15\/wp-content\/uploads\/2015\/04\/lisboa_logo_pequeno.jpg\" alt=\"lisboa_logo_pequeno\" width=\"200\" height=\"96\" \/><\/a><\/span><\/b><\/p>\n","protected":false},"excerpt":{"rendered":"<p>Contactos C2Ti &#8211; Centro de Compet\u00eancias em Tecnologias e Inova\u00e7\u00e3o Instituto de Educa\u00e7\u00e3o \u2013 Universidade de Lisboa Edif\u00edcio C6 \u2013 Piso 2, sala 6.2.42 Campo Grande 1749-016 Lisboa Telefone: 21 794 36 91 E-mail:\u00a0c2ti@ie.ulisboa.pt Localiza\u00e7\u00e3o LOCAL \u2013 ESPA\u00c7OS DO ENCONTRO Instituto de Educa\u00e7\u00e3o \u2013 Universidade de Lisboa Campo Grande 1749-016 Lisboa<\/p>\n","protected":false},"author":5,"featured_media":0,"parent":0,"menu_order":0,"comment_status":"closed","ping_status":"closed","template":"","meta":[],"_links":{"self":[{"href":"https:\/\/wordpress.educom.pt\/TIC-Portugal-16\/wp-json\/wp\/v2\/pages\/6357"}],"collection":[{"href":"https:\/\/wordpress.educom.pt\/TIC-Portugal-16\/wp-json\/wp\/v2\/pages"}],"about":[{"href":"https:\/\/wordpress.educom.pt\/TIC-Portugal-16\/wp-json\/wp\/v2\/types\/page"}],"author":[{"embeddable":true,"href":"https:\/\/wordpress.educom.pt\/TIC-Portugal-16\/wp-json\/wp\/v2\/users\/5"}],"replies":[{"embeddable":true,"href":"https:\/\/wordpress.educom.pt\/TIC-Portugal-16\/wp-json\/wp\/v2\/comments?post=6357"}],"version-history":[{"count":1,"href":"https:\/\/wordpress.educom.pt\/TIC-Portugal-16\/wp-json\/wp\/v2\/pages\/6357\/revisions"}],"predecessor-version":[{"id":6358,"href":"https:\/\/wordpress.educom.pt\/TIC-Portugal-16\/wp-json\/wp\/v2\/pages\/6357\/revisions\/6358"}],"wp:attachment":[{"href":"https:\/\/wordpress.educom.pt\/TIC-Portugal-16\/wp-json\/wp\/v2\/media?parent=6357"}],"curies":[{"name":"wp","href":"https:\/\/api.w.org\/{rel}","templated":true}]}}