{"id":7645,"date":"2016-06-14T08:51:47","date_gmt":"2016-06-14T08:51:47","guid":{"rendered":"http:\/\/wordpress.educom.pt\/TIC-Portugal-16\/?page_id=7645"},"modified":"2016-06-24T12:00:29","modified_gmt":"2016-06-24T12:00:29","slug":"programa-em-braga","status":"publish","type":"page","link":"https:\/\/wordpress.educom.pt\/TIC-Portugal-16\/programa-em-braga\/","title":{"rendered":"Programa em Braga"},"content":{"rendered":"<p>&nbsp;<\/p>\n<p><strong>Programa comum partilhado por videoconfer\u00eancia:<\/strong><\/p>\n<p>MANH\u00c3 (das 9.30 \u00e0s 11:00) E FINAL DE TARDE (das 17.30 \u00e0s 19.00) EM VIDEOCONFER\u00caNCIA MULTIPONTO<\/p>\n<p><strong>9.30 Sess\u00e3o de Abertura<\/strong><\/p>\n<ul>\n<li>Presidente da Educom; Director da FCT-UNL, Doutor Fernando Santana (a confirmar); Secret\u00e1rio de Estado da Educa\u00e7\u00e3o, Jo\u00e3o Costa.<\/li>\n<li>Vice-presidente da Educom (a partir de VRSA); Diretor da ESVRSA, (a confirmar); Delegado Regional do Algarve da Dire\u00e7\u00e3o-Geral dos Estabelecimentos Escolares, Francisco Marques.<\/li>\n<li>Centros de Compet\u00eancia TIC associados \u00e0 iniciativa (a partir dos diversos Centros).<\/li>\n<\/ul>\n<p><strong>10.00 Confer\u00eancia pelo Professor <a href=\"https:\/\/wordpress.educom.pt\/TIC-Portugal-16\/biografias\/\">Fernando Albuquerque Costa<\/a> do Instituto de Educa\u00e7\u00e3o da Universidade de Lisboa: <em><a href=\"https:\/\/wordpress.educom.pt\/TIC-Portugal-16\/resumo\/\">O Desafio da Inclus\u00e3o Digital dos Adultos em Portugal<\/a>.<\/em><\/strong><\/p>\n<p><strong>11.00 Intervalo (Coffee break)<\/strong><\/p>\n<p><strong>11.30 Comunica\u00e7\u00f5es e Partilha de Boas Pr\u00e1ticas<\/strong><\/p>\n<ul>\n<li>CRIAN\u00c7AS PRIME1R\u00ba: Programa para a realiza\u00e7\u00e3o e promo\u00e7\u00e3o do cinema de anima\u00e7\u00e3o nas escolas do 1\u00ba ciclo do ensino b\u00e1sico \u00a0(Paulo Fernandes)<\/li>\n<li>N\u00fameros e opera\u00e7\u00f5es utilizando livros interativos multim\u00e9dia &#8211; um estudo de caso na sala dos 3 anos (Rui Jo\u00e3o Ramalho e Sara Pimenta)<\/li>\n<\/ul>\n<p><strong>13.00 Almo\u00e7o livre<\/strong><\/p>\n<p><strong>14.00 Workshops\u00a0<\/strong><\/p>\n<p><strong><a href=\"https:\/\/wordpress.educom.pt\/TIC-Portugal-16\/ws1-braga\/\">WS1 &#8211; Integra\u00e7\u00e3o de elementos \u00e1udio e v\u00eddeo legendados no Microsoft PowerPoint<\/a><\/strong><\/p>\n<p><strong><a href=\"https:\/\/wordpress.educom.pt\/TIC-Portugal-16\/ws2-braga\/\">WS2 &#8211; Iniciativa &#8220;Laborat\u00f3rios de Aprendizagem\/Future Classroom Lab (EUN)&#8221;<\/a><\/strong><\/p>\n<p><strong>17.00 Intervalo (Coffee break)<\/strong><\/p>\n<p><strong>17.30 Mesa Redonda: coordenadores dos CC TIC participantes<\/strong><\/p>\n<p><strong>18.50\/ 19.00 Encerramento<\/strong><\/p>\n<ul>\n<li>Presidente da Educom; Vice-presidente da Educom; Sub-director da FCT Professor Doutor Jos\u00e9 J\u00falio Alferes (a confirmar); Diretor Geral da Dire\u00e7\u00e3o-Geral de Educa\u00e7\u00e3o, Jos\u00e9 V\u00edtor Pedroso.<\/li>\n<\/ul>\n","protected":false},"excerpt":{"rendered":"<p>&nbsp; Programa comum partilhado por videoconfer\u00eancia: MANH\u00c3 (das 9.30 \u00e0s 11:00) E FINAL DE TARDE (das 17.30 \u00e0s 19.00) EM VIDEOCONFER\u00caNCIA MULTIPONTO 9.30 Sess\u00e3o de Abertura Presidente da Educom; Director da FCT-UNL, Doutor Fernando Santana (a confirmar); Secret\u00e1rio de Estado da Educa\u00e7\u00e3o, Jo\u00e3o Costa. Vice-presidente da Educom (a partir de VRSA); Diretor da ESVRSA, (a &hellip; <a href=\"https:\/\/wordpress.educom.pt\/TIC-Portugal-16\/programa-em-braga\/\" class=\"more-link\">Continuar a ler <span class=\"screen-reader-text\">Programa em Braga<\/span> <span class=\"meta-nav\">&rarr;<\/span><\/a><\/p>\n","protected":false},"author":5,"featured_media":0,"parent":0,"menu_order":0,"comment_status":"closed","ping_status":"closed","template":"","meta":[],"_links":{"self":[{"href":"https:\/\/wordpress.educom.pt\/TIC-Portugal-16\/wp-json\/wp\/v2\/pages\/7645"}],"collection":[{"href":"https:\/\/wordpress.educom.pt\/TIC-Portugal-16\/wp-json\/wp\/v2\/pages"}],"about":[{"href":"https:\/\/wordpress.educom.pt\/TIC-Portugal-16\/wp-json\/wp\/v2\/types\/page"}],"author":[{"embeddable":true,"href":"https:\/\/wordpress.educom.pt\/TIC-Portugal-16\/wp-json\/wp\/v2\/users\/5"}],"replies":[{"embeddable":true,"href":"https:\/\/wordpress.educom.pt\/TIC-Portugal-16\/wp-json\/wp\/v2\/comments?post=7645"}],"version-history":[{"count":10,"href":"https:\/\/wordpress.educom.pt\/TIC-Portugal-16\/wp-json\/wp\/v2\/pages\/7645\/revisions"}],"predecessor-version":[{"id":8498,"href":"https:\/\/wordpress.educom.pt\/TIC-Portugal-16\/wp-json\/wp\/v2\/pages\/7645\/revisions\/8498"}],"wp:attachment":[{"href":"https:\/\/wordpress.educom.pt\/TIC-Portugal-16\/wp-json\/wp\/v2\/media?parent=7645"}],"curies":[{"name":"wp","href":"https:\/\/api.w.org\/{rel}","templated":true}]}}