{"id":7651,"date":"2016-06-14T09:03:36","date_gmt":"2016-06-14T09:03:36","guid":{"rendered":"http:\/\/wordpress.educom.pt\/TIC-Portugal-16\/?page_id=7651"},"modified":"2016-06-14T12:02:35","modified_gmt":"2016-06-14T12:02:35","slug":"ws1-braga","status":"publish","type":"page","link":"https:\/\/wordpress.educom.pt\/TIC-Portugal-16\/ws1-braga\/","title":{"rendered":"WS1 &#8211; Braga"},"content":{"rendered":"<p><strong>WS1<\/strong> &#8211; <strong>Integra\u00e7\u00e3o de elementos \u00e1udio e v\u00eddeo legendados no Microsoft PowerPoint<\/strong><\/p>\n<p>Formador: Lu\u00eds Valente<\/p>\n<p>Objetivos:<\/p>\n<p>&#8211; Integrar o suplemento STAMP no Microsoft PowerPoint (10 e 13)<\/p>\n<p>&#8211; Legendar elementos de \u00e1udio e v\u00eddeo utilizando ficheiros de legendas externos<\/p>\n<p>&#8211; Utilizar v\u00eddeo e \u00e1udio com legendas em apresenta\u00e7\u00f5es do Microsoft PowerPoint<\/p>\n<p>Resumo:<\/p>\n<p>Com este Workshop pretende-se apresentar o <em>Sub-titling Text Add-in for Microsoft PowerPoint<\/em> de forma a enriquecer as apresenta\u00e7\u00f5es que integrem v\u00eddeo ou \u00e1udio, atrav\u00e9s da adi\u00e7\u00e3o de legendas. A capacidade de adicionar legendas a elementos multim\u00e9dia permite, por exemplo, apresentar a tradu\u00e7\u00e3o de elementos v\u00eddeo e \u00e1udio que originalmente est\u00e3o numa l\u00edngua diferente, ou apresentar de forma redundante a transcri\u00e7\u00e3o de pe\u00e7as no mesmo idioma.<\/p>\n<p>O Workshop permitir\u00e1 aos participantes um breve contacto com <em>software<\/em> <em>open source<\/em> para edi\u00e7\u00e3o de legendas e a convers\u00e3o de ficheiros de legendas standard (<em>subtitles<\/em>) em formatos capazes de serem incorporados no PowerPoint atrav\u00e9s do suplemento STAMP.<\/p>\n<p>Requisitos:<\/p>\n<p>Os participantes devem ser utilizadores regulares do Microsoft PowerPoint 10 ou 13;<\/p>\n<p>Devem trazer os seus computadores pessoais e ter permiss\u00e3o de administra\u00e7\u00e3o;<\/p>\n<p>Devem descarregar previamente o <em>software<\/em> de edi\u00e7\u00e3o de subt\u00edtulos \u201cSubtitle Edit 3.4\u201d e o add-in STAMP dispon\u00edveis nos seguintes endere\u00e7os:<\/p>\n<p>SE 3.4: <a href=\"https:\/\/github.com\/SubtitleEdit\/subtitleedit\/releases\">https:\/\/github.com\/SubtitleEdit\/subtitleedit\/releases<\/a><\/p>\n<p>STAMP: <a href=\"https:\/\/sourceforge.net\/projects\/stamp-addin\/\">https:\/\/sourceforge.net\/projects\/stamp-addin\/<\/a><\/p>\n<p>N.\u00ba m\u00e1ximo de participantes: 20<\/p>\n<p>&nbsp;<\/p>\n<p>&nbsp;<\/p>\n","protected":false},"excerpt":{"rendered":"<p>WS1 &#8211; Integra\u00e7\u00e3o de elementos \u00e1udio e v\u00eddeo legendados no Microsoft PowerPoint Formador: Lu\u00eds Valente Objetivos: &#8211; Integrar o suplemento STAMP no Microsoft PowerPoint (10 e 13) &#8211; Legendar elementos de \u00e1udio e v\u00eddeo utilizando ficheiros de legendas externos &#8211; Utilizar v\u00eddeo e \u00e1udio com legendas em apresenta\u00e7\u00f5es do Microsoft PowerPoint Resumo: Com este Workshop &hellip; <a href=\"https:\/\/wordpress.educom.pt\/TIC-Portugal-16\/ws1-braga\/\" class=\"more-link\">Continuar a ler <span class=\"screen-reader-text\">WS1 &#8211; Braga<\/span> <span class=\"meta-nav\">&rarr;<\/span><\/a><\/p>\n","protected":false},"author":5,"featured_media":0,"parent":0,"menu_order":0,"comment_status":"closed","ping_status":"closed","template":"","meta":[],"_links":{"self":[{"href":"https:\/\/wordpress.educom.pt\/TIC-Portugal-16\/wp-json\/wp\/v2\/pages\/7651"}],"collection":[{"href":"https:\/\/wordpress.educom.pt\/TIC-Portugal-16\/wp-json\/wp\/v2\/pages"}],"about":[{"href":"https:\/\/wordpress.educom.pt\/TIC-Portugal-16\/wp-json\/wp\/v2\/types\/page"}],"author":[{"embeddable":true,"href":"https:\/\/wordpress.educom.pt\/TIC-Portugal-16\/wp-json\/wp\/v2\/users\/5"}],"replies":[{"embeddable":true,"href":"https:\/\/wordpress.educom.pt\/TIC-Portugal-16\/wp-json\/wp\/v2\/comments?post=7651"}],"version-history":[{"count":7,"href":"https:\/\/wordpress.educom.pt\/TIC-Portugal-16\/wp-json\/wp\/v2\/pages\/7651\/revisions"}],"predecessor-version":[{"id":7666,"href":"https:\/\/wordpress.educom.pt\/TIC-Portugal-16\/wp-json\/wp\/v2\/pages\/7651\/revisions\/7666"}],"wp:attachment":[{"href":"https:\/\/wordpress.educom.pt\/TIC-Portugal-16\/wp-json\/wp\/v2\/media?parent=7651"}],"curies":[{"name":"wp","href":"https:\/\/api.w.org\/{rel}","templated":true}]}}