{"id":7653,"date":"2016-06-14T09:04:02","date_gmt":"2016-06-14T09:04:02","guid":{"rendered":"http:\/\/wordpress.educom.pt\/TIC-Portugal-16\/?page_id=7653"},"modified":"2016-06-14T09:10:50","modified_gmt":"2016-06-14T09:10:50","slug":"ws2-braga","status":"publish","type":"page","link":"https:\/\/wordpress.educom.pt\/TIC-Portugal-16\/ws2-braga\/","title":{"rendered":"WS2 &#8211; Braga"},"content":{"rendered":"<p><strong>WS2 &#8211;<\/strong> <strong>Iniciativa &#8220;Laborat\u00f3rios de Aprendizagem\/Future Classroom Lab (EUN)&#8221;<\/strong><\/p>\n<p>Formador: Ana Paula Alves<\/p>\n<p><u>Resumo:<\/u><\/p>\n<p>Ap\u00f3s uma breve apresenta\u00e7\u00e3o da iniciativa \u201cLaborat\u00f3rios de Aprendizagem\u201d promovida, no contexto portugu\u00eas, pela Dire\u00e7\u00e3o-Geral da Educa\u00e7\u00e3o (DGE) atrav\u00e9s da Equipa de Recursos e Tecnologias Educativas (ERTE), os participantes poder\u00e3o experimentar algumas ferramentas digitais (Plickers, Socrative e Aurasma)\u00a0 que apoiam atividades de aprendizagem em ambiente de \u201csala de aula do futuro\u201d.<\/p>\n<p><u>Objetivos: <\/u><\/p>\n<p>&#8211; Conhecer ferramentas digitais que apoiam atividades inovadoras de aprendizagem:<\/p>\n<ul>\n<li>Plickers, para gerir de forma interativa quest\u00f5es de aula;<\/li>\n<li>Socrative, para gerir testes\/quizzes e \u201ccorridas\u201d de perguntas\/respostas entre alunos;<\/li>\n<li>Aurasma, para visualizar e construir \u201cAuras\u201d de apoio a atividades de Realidade Aumentada.<\/li>\n<\/ul>\n<p>&#8211; Refletir sobre a aplica\u00e7\u00e3o pedag\u00f3gica das ferramentas apresentadas nos contextos educativos dos professores.<\/p>\n<p><u>Requisitos:<\/u><\/p>\n<p>Ser\u00e1 aconselh\u00e1vel que os participantes tragam os seus computadores pessoais e dispositivos m\u00f3veis (smartphone\/ tablet).<\/p>\n<p>Plickers <a href=\"https:\/\/www.plickers.com\/\">https:\/\/www.plickers.com\/<\/a><\/p>\n<p>Socrative <a href=\"https:\/\/b.socrative.com\/login\/teacher\/\">https:\/\/b.socrative.com\/login\/teacher\/<\/a><\/p>\n<p>Aurasma <a href=\"https:\/\/www.aurasma.com\/\">https:\/\/www.aurasma.com\/<\/a><\/p>\n<p>N.\u00ba m\u00e1ximo de participantes: 20<\/p>\n","protected":false},"excerpt":{"rendered":"<p>WS2 &#8211; Iniciativa &#8220;Laborat\u00f3rios de Aprendizagem\/Future Classroom Lab (EUN)&#8221; Formador: Ana Paula Alves Resumo: Ap\u00f3s uma breve apresenta\u00e7\u00e3o da iniciativa \u201cLaborat\u00f3rios de Aprendizagem\u201d promovida, no contexto portugu\u00eas, pela Dire\u00e7\u00e3o-Geral da Educa\u00e7\u00e3o (DGE) atrav\u00e9s da Equipa de Recursos e Tecnologias Educativas (ERTE), os participantes poder\u00e3o experimentar algumas ferramentas digitais (Plickers, Socrative e Aurasma)\u00a0 que apoiam atividades &hellip; <a href=\"https:\/\/wordpress.educom.pt\/TIC-Portugal-16\/ws2-braga\/\" class=\"more-link\">Continuar a ler <span class=\"screen-reader-text\">WS2 &#8211; Braga<\/span> <span class=\"meta-nav\">&rarr;<\/span><\/a><\/p>\n","protected":false},"author":5,"featured_media":0,"parent":0,"menu_order":0,"comment_status":"closed","ping_status":"closed","template":"","meta":[],"_links":{"self":[{"href":"https:\/\/wordpress.educom.pt\/TIC-Portugal-16\/wp-json\/wp\/v2\/pages\/7653"}],"collection":[{"href":"https:\/\/wordpress.educom.pt\/TIC-Portugal-16\/wp-json\/wp\/v2\/pages"}],"about":[{"href":"https:\/\/wordpress.educom.pt\/TIC-Portugal-16\/wp-json\/wp\/v2\/types\/page"}],"author":[{"embeddable":true,"href":"https:\/\/wordpress.educom.pt\/TIC-Portugal-16\/wp-json\/wp\/v2\/users\/5"}],"replies":[{"embeddable":true,"href":"https:\/\/wordpress.educom.pt\/TIC-Portugal-16\/wp-json\/wp\/v2\/comments?post=7653"}],"version-history":[{"count":3,"href":"https:\/\/wordpress.educom.pt\/TIC-Portugal-16\/wp-json\/wp\/v2\/pages\/7653\/revisions"}],"predecessor-version":[{"id":7660,"href":"https:\/\/wordpress.educom.pt\/TIC-Portugal-16\/wp-json\/wp\/v2\/pages\/7653\/revisions\/7660"}],"wp:attachment":[{"href":"https:\/\/wordpress.educom.pt\/TIC-Portugal-16\/wp-json\/wp\/v2\/media?parent=7653"}],"curies":[{"name":"wp","href":"https:\/\/api.w.org\/{rel}","templated":true}]}}