{"id":8426,"date":"2016-06-17T15:13:24","date_gmt":"2016-06-17T15:13:24","guid":{"rendered":"http:\/\/wordpress.educom.pt\/TIC-Portugal-16\/?page_id=8426"},"modified":"2016-06-21T08:55:51","modified_gmt":"2016-06-21T08:55:51","slug":"ws2-monte-da-caparica","status":"publish","type":"page","link":"https:\/\/wordpress.educom.pt\/TIC-Portugal-16\/ws2-monte-da-caparica\/","title":{"rendered":"WS2 &#8211; Monte da Caparica"},"content":{"rendered":"<p><strong>WS2 &#8211; \u00a0&#8220;Aprender, partilhar e comunicar em seguran\u00e7a&#8221; (atividades e jogos na Internet para crian\u00e7as, jovens, pais e professores)<\/strong> (L\u00edgia Azevedo, Equipa ERTE\/DGE)<\/p>\n<p>Objetivos:<br \/>\n_ Conhecer a diversidade de recursos educativos digitais e das iniciativas desenvolvidas no \u00e2mbito do projeto SeguraNet e da rede Insafe.<br \/>\n_ Delinear propostas de atividades sobre a utiliza\u00e7\u00e3o segura e cr\u00edtica das tecnologias digitais em contexto educativo.<\/p>\n<p>Resumo:<br \/>\nNeste workshop ser\u00e3o explorados os diversos recursos educativos digitais desenvolvidos no \u00e2mbito do projeto SeguraNet e da rede europeia de Centros Internet Segura \u2013 Insafe.<br \/>\nSer\u00e1 delineada pelos participantes uma proposta de projeto sobre a utiliza\u00e7\u00e3o segura e cr\u00edtica das tecnologias digitais em contexto educativo, bem como a sugest\u00e3o metodol\u00f3gica de implementa\u00e7\u00e3o deste projeto.<br \/>\nDesde 2004 que o Projeto SeguraNet promove formas de navega\u00e7\u00e3o seguras, cr\u00edticas e esclarecidas da Internet e dos dispositivos m\u00f3veis, junto das comunidades educativas.<\/p>\n","protected":false},"excerpt":{"rendered":"<p>WS2 &#8211; \u00a0&#8220;Aprender, partilhar e comunicar em seguran\u00e7a&#8221; (atividades e jogos na Internet para crian\u00e7as, jovens, pais e professores) (L\u00edgia Azevedo, Equipa ERTE\/DGE) Objetivos: _ Conhecer a diversidade de recursos educativos digitais e das iniciativas desenvolvidas no \u00e2mbito do projeto SeguraNet e da rede Insafe. _ Delinear propostas de atividades sobre a utiliza\u00e7\u00e3o segura e &hellip; <a href=\"https:\/\/wordpress.educom.pt\/TIC-Portugal-16\/ws2-monte-da-caparica\/\" class=\"more-link\">Continuar a ler <span class=\"screen-reader-text\">WS2 &#8211; Monte da Caparica<\/span> <span class=\"meta-nav\">&rarr;<\/span><\/a><\/p>\n","protected":false},"author":5,"featured_media":0,"parent":0,"menu_order":0,"comment_status":"closed","ping_status":"closed","template":"","meta":[],"_links":{"self":[{"href":"https:\/\/wordpress.educom.pt\/TIC-Portugal-16\/wp-json\/wp\/v2\/pages\/8426"}],"collection":[{"href":"https:\/\/wordpress.educom.pt\/TIC-Portugal-16\/wp-json\/wp\/v2\/pages"}],"about":[{"href":"https:\/\/wordpress.educom.pt\/TIC-Portugal-16\/wp-json\/wp\/v2\/types\/page"}],"author":[{"embeddable":true,"href":"https:\/\/wordpress.educom.pt\/TIC-Portugal-16\/wp-json\/wp\/v2\/users\/5"}],"replies":[{"embeddable":true,"href":"https:\/\/wordpress.educom.pt\/TIC-Portugal-16\/wp-json\/wp\/v2\/comments?post=8426"}],"version-history":[{"count":4,"href":"https:\/\/wordpress.educom.pt\/TIC-Portugal-16\/wp-json\/wp\/v2\/pages\/8426\/revisions"}],"predecessor-version":[{"id":8451,"href":"https:\/\/wordpress.educom.pt\/TIC-Portugal-16\/wp-json\/wp\/v2\/pages\/8426\/revisions\/8451"}],"wp:attachment":[{"href":"https:\/\/wordpress.educom.pt\/TIC-Portugal-16\/wp-json\/wp\/v2\/media?parent=8426"}],"curies":[{"name":"wp","href":"https:\/\/api.w.org\/{rel}","templated":true}]}}