{"id":8428,"date":"2016-06-17T15:13:57","date_gmt":"2016-06-17T15:13:57","guid":{"rendered":"http:\/\/wordpress.educom.pt\/TIC-Portugal-16\/?page_id=8428"},"modified":"2016-06-26T07:23:09","modified_gmt":"2016-06-26T07:23:09","slug":"ws4-monte-da-caparica","status":"publish","type":"page","link":"https:\/\/wordpress.educom.pt\/TIC-Portugal-16\/ws4-monte-da-caparica\/","title":{"rendered":"WS4 &#8211; Monte da Caparica"},"content":{"rendered":"<p><strong>WS4 \u2013\u00a0Vamos criar aplica\u00e7\u00f5es (<em>apps<\/em>) para dispositivos m\u00f3veis? (projetos de cidadania centrados na codifica\u00e7\u00e3o e no desenvolvimento de aplica\u00e7\u00f5es para dispositivos m\u00f3veis) <\/strong>(Matilde Buisel, Equipa Apps for Good e Eduardo Matos, Microsoft)<\/p>\n<p>O workshop ser\u00e1 sobre um dos programas utilizados no <em>Apps for Good<\/em> \u2013 o <em>Touch Develop<\/em>.<br \/>\nO <em>Touch Develop<\/em> \u00e9 uma ferramenta da <em>Microsoft Research<\/em> e que funciona em qualquer <em>browser<\/em>. Permite desenvolver <em>apps<\/em> simples e jogos para qualquer computador, <em>tablet<\/em> ou telefone (<em>Android, iOS, Windows, Ma, Linux<\/em>). No workshop ser\u00e1 ent\u00e3o dada uma abordagem geral do modelo de desenvolvimento multiplataforma, com o objetivo de capacitar a assist\u00eancia sobre os conceitos necess\u00e1rios para produzirem as suas primeiras <em>apps<\/em>.<\/p>\n","protected":false},"excerpt":{"rendered":"<p>WS4 \u2013\u00a0Vamos criar aplica\u00e7\u00f5es (apps) para dispositivos m\u00f3veis? (projetos de cidadania centrados na codifica\u00e7\u00e3o e no desenvolvimento de aplica\u00e7\u00f5es para dispositivos m\u00f3veis) (Matilde Buisel, Equipa Apps for Good e Eduardo Matos, Microsoft) O workshop ser\u00e1 sobre um dos programas utilizados no Apps for Good \u2013 o Touch Develop. O Touch Develop \u00e9 uma ferramenta da &hellip; <a href=\"https:\/\/wordpress.educom.pt\/TIC-Portugal-16\/ws4-monte-da-caparica\/\" class=\"more-link\">Continuar a ler <span class=\"screen-reader-text\">WS4 &#8211; Monte da Caparica<\/span> <span class=\"meta-nav\">&rarr;<\/span><\/a><\/p>\n","protected":false},"author":5,"featured_media":0,"parent":0,"menu_order":0,"comment_status":"closed","ping_status":"closed","template":"","meta":[],"_links":{"self":[{"href":"https:\/\/wordpress.educom.pt\/TIC-Portugal-16\/wp-json\/wp\/v2\/pages\/8428"}],"collection":[{"href":"https:\/\/wordpress.educom.pt\/TIC-Portugal-16\/wp-json\/wp\/v2\/pages"}],"about":[{"href":"https:\/\/wordpress.educom.pt\/TIC-Portugal-16\/wp-json\/wp\/v2\/types\/page"}],"author":[{"embeddable":true,"href":"https:\/\/wordpress.educom.pt\/TIC-Portugal-16\/wp-json\/wp\/v2\/users\/5"}],"replies":[{"embeddable":true,"href":"https:\/\/wordpress.educom.pt\/TIC-Portugal-16\/wp-json\/wp\/v2\/comments?post=8428"}],"version-history":[{"count":5,"href":"https:\/\/wordpress.educom.pt\/TIC-Portugal-16\/wp-json\/wp\/v2\/pages\/8428\/revisions"}],"predecessor-version":[{"id":8513,"href":"https:\/\/wordpress.educom.pt\/TIC-Portugal-16\/wp-json\/wp\/v2\/pages\/8428\/revisions\/8513"}],"wp:attachment":[{"href":"https:\/\/wordpress.educom.pt\/TIC-Portugal-16\/wp-json\/wp\/v2\/media?parent=8428"}],"curies":[{"name":"wp","href":"https:\/\/api.w.org\/{rel}","templated":true}]}}