{"id":11,"date":"2017-07-04T23:55:36","date_gmt":"2017-07-04T22:55:36","guid":{"rendered":"http:\/\/wordpress.educom.pt\/TIC-Portugal-16\/?page_id=11"},"modified":"2017-07-05T10:47:29","modified_gmt":"2017-07-05T09:47:29","slug":"inscricao","status":"publish","type":"page","link":"https:\/\/wordpress.educom.pt\/TIC-Portugal-17\/inscricao\/","title":{"rendered":"Inscri\u00e7\u00e3o"},"content":{"rendered":"<p><strong>A inscri\u00e7\u00e3o dever\u00e1 ser efetuada nos diversos locais seguindo os links abaixo indicados:\u00a0<\/strong><\/p>\n<p style=\"padding-left: 30px;\">CCTIC Educom &#8211; <span style=\"text-decoration: underline;\">Inscri\u00e7\u00e3o no Monte de Caparica<\/span>\u00a0(encerrado)<\/p>\n<p style=\"padding-left: 30px;\">CCTIC Educom &#8211; <span style=\"text-decoration: underline;\">Inscri\u00e7\u00e3o em Loul\u00e9<\/span>\u00a0(encerrado)<\/p>\n<p style=\"padding-left: 30px;\">CCTIC Univ. Minho &#8211;\u00a0<span style=\"text-decoration: underline;\">Inscri\u00e7\u00e3o em\u00a0Braga <\/span>(encerrado)<\/p>\n<p style=\"padding-left: 30px;\">IPB ESE &#8211; <span style=\"text-decoration: underline;\">Inscri\u00e7\u00e3o em\u00a0Bragan\u00e7a<\/span>\u00a0(encerrado)<\/p>\n<p style=\"padding-left: 30px;\">CCTIC Softci\u00eancias &#8211; <span style=\"text-decoration: underline;\">Inscri\u00e7\u00e3o\u00a0em\u00a0Coimbra<\/span> (encerrado)<\/p>\n<p style=\"padding-left: 30px;\">CCTIC Univ. Aveiro &#8211;<span style=\"text-decoration: underline;\"> Inscri\u00e7\u00e3o em Nelas<\/span>\u00a0(encerrado)<\/p>\n<p style=\"padding-left: 30px;\">CCTIC ESE IPSantar\u00e9m &#8211;<span style=\"text-decoration: underline;\"> Inscri\u00e7\u00e3o em Santar\u00e9m<\/span>\u00a0(encerrado)<\/p>\n<p style=\"padding-left: 30px;\">CCTIC ESE IPSet\u00fabal &#8211;<span style=\"text-decoration: underline;\"> Inscri\u00e7\u00e3o em\u00a0Set\u00fabal<\/span>\u00a0(encerrado)<\/p>\n","protected":false},"excerpt":{"rendered":"<p>A inscri\u00e7\u00e3o dever\u00e1 ser efetuada nos diversos locais seguindo os links abaixo indicados:\u00a0 CCTIC Educom &#8211; Inscri\u00e7\u00e3o no Monte de Caparica\u00a0(encerrado) CCTIC Educom &#8211; Inscri\u00e7\u00e3o em Loul\u00e9\u00a0(encerrado) CCTIC Univ. Minho &#8211;\u00a0Inscri\u00e7\u00e3o em\u00a0Braga (encerrado) IPB ESE &#8211; Inscri\u00e7\u00e3o em\u00a0Bragan\u00e7a\u00a0(encerrado) CCTIC Softci\u00eancias &#8211; Inscri\u00e7\u00e3o\u00a0em\u00a0Coimbra (encerrado) CCTIC Univ. Aveiro &#8211; Inscri\u00e7\u00e3o em Nelas\u00a0(encerrado) CCTIC ESE IPSantar\u00e9m &#8211; Inscri\u00e7\u00e3o &hellip; <a href=\"https:\/\/wordpress.educom.pt\/TIC-Portugal-17\/inscricao\/\" class=\"more-link\">Continuar a ler <span class=\"screen-reader-text\">Inscri\u00e7\u00e3o<\/span> <span class=\"meta-nav\">&rarr;<\/span><\/a><\/p>\n","protected":false},"author":1,"featured_media":0,"parent":0,"menu_order":0,"comment_status":"closed","ping_status":"closed","template":"","meta":[],"_links":{"self":[{"href":"https:\/\/wordpress.educom.pt\/TIC-Portugal-17\/wp-json\/wp\/v2\/pages\/11"}],"collection":[{"href":"https:\/\/wordpress.educom.pt\/TIC-Portugal-17\/wp-json\/wp\/v2\/pages"}],"about":[{"href":"https:\/\/wordpress.educom.pt\/TIC-Portugal-17\/wp-json\/wp\/v2\/types\/page"}],"author":[{"embeddable":true,"href":"https:\/\/wordpress.educom.pt\/TIC-Portugal-17\/wp-json\/wp\/v2\/users\/1"}],"replies":[{"embeddable":true,"href":"https:\/\/wordpress.educom.pt\/TIC-Portugal-17\/wp-json\/wp\/v2\/comments?post=11"}],"version-history":[{"count":41,"href":"https:\/\/wordpress.educom.pt\/TIC-Portugal-17\/wp-json\/wp\/v2\/pages\/11\/revisions"}],"predecessor-version":[{"id":9342,"href":"https:\/\/wordpress.educom.pt\/TIC-Portugal-17\/wp-json\/wp\/v2\/pages\/11\/revisions\/9342"}],"wp:attachment":[{"href":"https:\/\/wordpress.educom.pt\/TIC-Portugal-17\/wp-json\/wp\/v2\/media?parent=11"}],"curies":[{"name":"wp","href":"https:\/\/api.w.org\/{rel}","templated":true}]}}