{"id":13,"date":"2017-04-24T23:59:57","date_gmt":"2017-04-24T23:59:57","guid":{"rendered":"http:\/\/wordpress.educom.pt\/TIC-Portugal-16\/?page_id=13"},"modified":"2017-06-29T18:38:56","modified_gmt":"2017-06-29T17:38:56","slug":"submissao-de-comunicacoes","status":"publish","type":"page","link":"https:\/\/wordpress.educom.pt\/TIC-Portugal-17\/submissao-de-comunicacoes\/","title":{"rendered":"Submiss\u00e3o de Comunica\u00e7\u00f5es"},"content":{"rendered":"<p>A identidade do encontro tem sido, desde a primeira edi\u00e7\u00e3o, centrada na apresenta\u00e7\u00e3o e reflex\u00e3o em torno de <strong>Boas Pr\u00e1ticas com TIC em Educa\u00e7\u00e3o<\/strong>.<\/p>\n<p>Para apresentar uma Boa Pr\u00e1tica em que tenha estado envolvida\/o dever\u00e1 apresentar um resumo com cerca de <strong>250 palavras<\/strong>\u00a0de acordo com o seguinte modelo:<strong>\u00a0<span style=\"color: #800000;\"><a style=\"color: #800000;\" href=\"https:\/\/wordpress.educom.pt\/TIC-Portugal-17\/wp-content\/uploads\/2017\/03\/comunicacao_boas_praticas_TIC@Portugal17.docx\">Comunica\u00e7\u00e3o ou boas pr\u00e1ticas TIC@Portugal&#8217;17<\/a><\/span><\/strong><\/p>\n<p>O ficheiro submetido dever\u00e1 ser um documento de texto, <strong>.docx<\/strong>\u00a0com o seguinte nome: seu_apelido-seu_primeiro_nome, sem acentos (e.g. silva-jose.docx) Caso apresente mais do que uma boa pr\u00e1tica, acrescente um h\u00edfen e um n\u00famero diferenciador ao nome, por exemplo Silva-Jose-1.doc e Silva-Jose-2.doc.<\/p>\n<p>A proposta de boa pr\u00e1tica a apresentar dever\u00e1 conter uma descri\u00e7\u00e3o dos<strong> objetivos<\/strong> que levaram \u00e0 utiliza\u00e7\u00e3o das tecnologias, do <strong>contexto educativo<\/strong> da utiliza\u00e7\u00e3o que pretende apresentar, bem como do <strong>processo desenvolvido<\/strong> e, caso existam, dos <strong>produtos obtidos<\/strong>.<\/p>\n<p>As submiss\u00f5es ser\u00e3o apreciadas pela organiza\u00e7\u00e3o apenas quanto \u00e0 pertin\u00eancia da boa pr\u00e1tica considerada e a conformidade com o modelo solicitado, n\u00e3o se realizando avalia\u00e7\u00e3o cient\u00edfica das mesmas. Cada comiss\u00e3o de organiza\u00e7\u00e3o local \u00e9 aut\u00f3noma nadefini\u00e7\u00e3o de crit\u00e9rios e na escolha das propostas submetidas.<\/p>\n<p>A data limite para submiss\u00e3o de boas pr\u00e1ticas \u00e9 a <strong>12 de junho de 2017<\/strong>.<\/p>\n<p><strong>Antes de submeter uma boa pr\u00e1tica\u00a0<a href=\"https:\/\/wordpress.educom.pt\/TIC-Portugal-17\/inscricao\/\">inscreva-se<\/a> primeiro no encontro.<\/strong><\/p>\n<p><strong>Para proceder \u00e0 submiss\u00e3o de uma boa pr\u00e1tica escolha a localiza\u00e7\u00e3o onde pretende realizar a sua apresenta\u00e7\u00e3o: Programa fechado<\/strong><\/p>\n<p style=\"padding-left: 30px;\">Caso pretenda acompanhar a sua comunica\u00e7\u00e3o com a proje\u00e7\u00e3o de diapositivos poder\u00e1 utilizar\u00a0o modelo do evento dispon\u00edvel para download: <span style=\"text-decoration: underline;\"><a href=\"https:\/\/wordpress.educom.pt\/TIC-Portugal-17\/wp-content\/uploads\/2017\/06\/modelo-de-diapositivos_TIC@PT17.pptx\">modelo-de-diapositivos<\/a><\/span>.<\/p>\n","protected":false},"excerpt":{"rendered":"<p>A identidade do encontro tem sido, desde a primeira edi\u00e7\u00e3o, centrada na apresenta\u00e7\u00e3o e reflex\u00e3o em torno de Boas Pr\u00e1ticas com TIC em Educa\u00e7\u00e3o. Para apresentar uma Boa Pr\u00e1tica em que tenha estado envolvida\/o dever\u00e1 apresentar um resumo com cerca de 250 palavras\u00a0de acordo com o seguinte modelo:\u00a0Comunica\u00e7\u00e3o ou boas pr\u00e1ticas TIC@Portugal&#8217;17 O ficheiro submetido &hellip; <a href=\"https:\/\/wordpress.educom.pt\/TIC-Portugal-17\/submissao-de-comunicacoes\/\" class=\"more-link\">Continuar a ler <span class=\"screen-reader-text\">Submiss\u00e3o de Comunica\u00e7\u00f5es<\/span> <span class=\"meta-nav\">&rarr;<\/span><\/a><\/p>\n","protected":false},"author":1,"featured_media":0,"parent":0,"menu_order":0,"comment_status":"closed","ping_status":"closed","template":"","meta":[],"_links":{"self":[{"href":"https:\/\/wordpress.educom.pt\/TIC-Portugal-17\/wp-json\/wp\/v2\/pages\/13"}],"collection":[{"href":"https:\/\/wordpress.educom.pt\/TIC-Portugal-17\/wp-json\/wp\/v2\/pages"}],"about":[{"href":"https:\/\/wordpress.educom.pt\/TIC-Portugal-17\/wp-json\/wp\/v2\/types\/page"}],"author":[{"embeddable":true,"href":"https:\/\/wordpress.educom.pt\/TIC-Portugal-17\/wp-json\/wp\/v2\/users\/1"}],"replies":[{"embeddable":true,"href":"https:\/\/wordpress.educom.pt\/TIC-Portugal-17\/wp-json\/wp\/v2\/comments?post=13"}],"version-history":[{"count":56,"href":"https:\/\/wordpress.educom.pt\/TIC-Portugal-17\/wp-json\/wp\/v2\/pages\/13\/revisions"}],"predecessor-version":[{"id":9275,"href":"https:\/\/wordpress.educom.pt\/TIC-Portugal-17\/wp-json\/wp\/v2\/pages\/13\/revisions\/9275"}],"wp:attachment":[{"href":"https:\/\/wordpress.educom.pt\/TIC-Portugal-17\/wp-json\/wp\/v2\/media?parent=13"}],"curies":[{"name":"wp","href":"https:\/\/api.w.org\/{rel}","templated":true}]}}