{"id":17,"date":"2017-07-03T00:03:30","date_gmt":"2017-07-02T23:03:30","guid":{"rendered":"http:\/\/wordpress.educom.pt\/TIC-Portugal-16\/?page_id=17"},"modified":"2017-07-06T21:54:24","modified_gmt":"2017-07-06T20:54:24","slug":"programa","status":"publish","type":"page","link":"https:\/\/wordpress.educom.pt\/TIC-Portugal-17\/programa\/","title":{"rendered":"Programa geral"},"content":{"rendered":"<p style=\"text-align: left;\"><strong>9h00 &#8211; Rece\u00e7\u00e3o dos participantes<\/strong><\/p>\n<p style=\"text-align: left;\"><strong>Programa comum partilhado por videoconfer\u00eancia:<\/strong><\/p>\n<p>Manh\u00e3 (das 9h30 \u00e0s 11:00) e final de tarde (das 17h30 \u00e0s 19h00) em videoconfer\u00eancia multiponto.<\/p>\n<p><strong>9h30 Sess\u00e3o de Abertura<\/strong><\/p>\n<p>Monte de Caparica:<\/p>\n<ul>\n<li>Secret\u00e1rio de Estado da Educa\u00e7\u00e3o, Jo\u00e3o Costa; Director da FCT-UNL, Fernando Santana; Presidente da Educom, Jo\u00e3o Correia de Freitas.<\/li>\n<\/ul>\n<p>Loul\u00e9:<\/p>\n<ul>\n<li>Delegado Regional do Algarve da Dire\u00e7\u00e3o-Geral dos Estabelecimentos Escolares, Francisco Marques; Presidente da CM de Loul\u00e9, Vitor Aleixo; Diretor da ESL, Alexandre Costa; Vice-presidente da Educom Maria Jo\u00e3o Horta.<\/li>\n<\/ul>\n<p><strong>10h00 Confer\u00eancia <\/strong>pela <strong><span style=\"text-decoration: underline;\"><a href=\"https:\/\/wordpress.educom.pt\/TIC-Portugal-17\/biografias-2\/\" target=\"_blank\">Dr.\u00aa Teresa Cal\u00e7ada<\/a><\/span>,\u00a0<\/strong>Comiss\u00e1ria Nacional do <strong><span style=\"text-decoration: underline;\"><a href=\"http:\/\/www.planonacionaldeleitura.gov.pt\/\" target=\"_blank\">Plano Nacional de Leitura<\/a><\/span><\/strong><\/p>\n<p><strong>11h00 Intervalo (pausa para caf\u00e9)<\/strong><\/p>\n<p><strong>11h30 Comunica\u00e7\u00f5es e Partilha de Boas Pr\u00e1ticas<\/strong><\/p>\n<p style=\"padding-left: 30px;\">Programas locais: <span style=\"text-decoration: underline;\"><a href=\"https:\/\/wordpress.educom.pt\/TIC-Portugal-17\/programa-monte-de-caparica\/\" target=\"_blank\">Monte de Caparica<\/a><\/span>, <a href=\"https:\/\/wordpress.educom.pt\/TIC-Portugal-17\/programa-em-loule\/\" target=\"_blank\"><span style=\"text-decoration: underline;\">Loul\u00e9<\/span><\/a>, <a href=\"https:\/\/wordpress.educom.pt\/TIC-Portugal-17\/programa-braga\/\" target=\"_blank\"><span style=\"text-decoration: underline;\">Braga<\/span><\/a>, <a href=\"https:\/\/wordpress.educom.pt\/TIC-Portugal-17\/programa-braganca\/\" target=\"_blank\"><span style=\"text-decoration: underline;\">Bragan\u00e7a<\/span><\/a>,\u00a0<span style=\"text-decoration: underline;\"><a href=\"https:\/\/wordpress.educom.pt\/TIC-Portugal-17\/programa-coimbra\/\" target=\"_blank\">Coimbra<\/a><\/span>, <span style=\"text-decoration: underline;\"><a href=\"https:\/\/wordpress.educom.pt\/TIC-Portugal-17\/programa-nelas\/\" target=\"_blank\">Nelas<\/a><\/span>, <span style=\"text-decoration: underline;\"><a href=\"http:\/\/cctic.ese.ipsantarem.pt\/ticportugal\/\" target=\"_blank\">Santar\u00e9m<\/a><\/span> e <a href=\"https:\/\/wordpress.educom.pt\/TIC-Portugal-17\/programa-setubal\/\" target=\"_blank\"><span style=\"text-decoration: underline;\">Set\u00fabal<\/span><\/a>.<\/p>\n<p><strong>13h00 Almo\u00e7o livre<\/strong><\/p>\n<p><strong>14h00 Sess\u00f5es pr\u00e1ticas<\/strong><\/p>\n<p style=\"padding-left: 30px;\">Programas locais: <span style=\"text-decoration: underline;\"><a href=\"https:\/\/wordpress.educom.pt\/TIC-Portugal-17\/programa-monte-de-caparica\/\" target=\"_blank\">Monte de Caparica<\/a><\/span>, <a href=\"https:\/\/wordpress.educom.pt\/TIC-Portugal-17\/programa-em-loule\/\" target=\"_blank\"><span style=\"text-decoration: underline;\">Loul\u00e9<\/span><\/a>, <a href=\"https:\/\/wordpress.educom.pt\/TIC-Portugal-17\/programa-braga\/\" target=\"_blank\"><span style=\"text-decoration: underline;\">Braga<\/span><\/a>, <a href=\"https:\/\/wordpress.educom.pt\/TIC-Portugal-17\/programa-braganca\/\" target=\"_blank\"><span style=\"text-decoration: underline;\">Bragan\u00e7a<\/span><\/a>, <span style=\"text-decoration: underline;\"><a href=\"https:\/\/wordpress.educom.pt\/TIC-Portugal-17\/programa-coimbra\/\" target=\"_blank\">Coimbra<\/a><\/span>, <span style=\"text-decoration: underline;\"><a href=\"https:\/\/wordpress.educom.pt\/TIC-Portugal-17\/programa-nelas\/\" target=\"_blank\">Nelas<\/a><\/span>, <span style=\"text-decoration: underline;\"><a href=\"http:\/\/cctic.ese.ipsantarem.pt\/ticportugal\/\" target=\"_blank\">Santar\u00e9m<\/a><\/span> e <a href=\"https:\/\/wordpress.educom.pt\/TIC-Portugal-17\/programa-setubal\/\" target=\"_blank\"><span style=\"text-decoration: underline;\">Set\u00fabal<\/span><\/a>.<\/p>\n<p><strong>17h15 Mesa Redonda: coordenadores dos CC TIC participantes<\/strong><\/p>\n<p><strong>18h15\/18h30 Encerramento<\/strong><\/p>\n<p>Monte de Caparica<\/p>\n<ul>\n<li>Presidente da Educom,\u00a0Jo\u00e3o Correia de Freitas.<\/li>\n<\/ul>\n<p>Loul\u00e9<\/p>\n<ul>\n<li>Vereadora da Educa\u00e7\u00e3o da CM Loul\u00e9, Ana Machado; Diretor do CFAE do Litoral \u00e0 Serra, Manuel Nora; Vice-presidente da Educom, Maria Jo\u00e3o Horta.<\/li>\n<\/ul>\n","protected":false},"excerpt":{"rendered":"<p>9h00 &#8211; Rece\u00e7\u00e3o dos participantes Programa comum partilhado por videoconfer\u00eancia: Manh\u00e3 (das 9h30 \u00e0s 11:00) e final de tarde (das 17h30 \u00e0s 19h00) em videoconfer\u00eancia multiponto. 9h30 Sess\u00e3o de Abertura Monte de Caparica: Secret\u00e1rio de Estado da Educa\u00e7\u00e3o, Jo\u00e3o Costa; Director da FCT-UNL, Fernando Santana; Presidente da Educom, Jo\u00e3o Correia de Freitas. Loul\u00e9: Delegado Regional &hellip; <a href=\"https:\/\/wordpress.educom.pt\/TIC-Portugal-17\/programa\/\" class=\"more-link\">Continuar a ler <span class=\"screen-reader-text\">Programa geral<\/span> <span class=\"meta-nav\">&rarr;<\/span><\/a><\/p>\n","protected":false},"author":1,"featured_media":0,"parent":0,"menu_order":0,"comment_status":"closed","ping_status":"closed","template":"","meta":[],"_links":{"self":[{"href":"https:\/\/wordpress.educom.pt\/TIC-Portugal-17\/wp-json\/wp\/v2\/pages\/17"}],"collection":[{"href":"https:\/\/wordpress.educom.pt\/TIC-Portugal-17\/wp-json\/wp\/v2\/pages"}],"about":[{"href":"https:\/\/wordpress.educom.pt\/TIC-Portugal-17\/wp-json\/wp\/v2\/types\/page"}],"author":[{"embeddable":true,"href":"https:\/\/wordpress.educom.pt\/TIC-Portugal-17\/wp-json\/wp\/v2\/users\/1"}],"replies":[{"embeddable":true,"href":"https:\/\/wordpress.educom.pt\/TIC-Portugal-17\/wp-json\/wp\/v2\/comments?post=17"}],"version-history":[{"count":55,"href":"https:\/\/wordpress.educom.pt\/TIC-Portugal-17\/wp-json\/wp\/v2\/pages\/17\/revisions"}],"predecessor-version":[{"id":9353,"href":"https:\/\/wordpress.educom.pt\/TIC-Portugal-17\/wp-json\/wp\/v2\/pages\/17\/revisions\/9353"}],"wp:attachment":[{"href":"https:\/\/wordpress.educom.pt\/TIC-Portugal-17\/wp-json\/wp\/v2\/media?parent=17"}],"curies":[{"name":"wp","href":"https:\/\/api.w.org\/{rel}","templated":true}]}}