{"id":8735,"date":"2017-04-28T13:47:47","date_gmt":"2017-04-28T13:47:47","guid":{"rendered":"http:\/\/wordpress.educom.pt\/TIC-Portugal-17\/?page_id=8735"},"modified":"2017-04-28T13:47:47","modified_gmt":"2017-04-28T13:47:47","slug":"submissao-de-comunicacoes-ticportugal17-setubal","status":"publish","type":"page","link":"https:\/\/wordpress.educom.pt\/TIC-Portugal-17\/submissao-de-comunicacoes-ticportugal17-setubal\/","title":{"rendered":"Submiss\u00e3o de comunica\u00e7\u00f5es &#8211; TIC@Portugal&#8217;17 Set\u00fabal"},"content":{"rendered":"<p>[ccf_form id=&#8221;8705&#8243;]<\/p>\n","protected":false},"excerpt":{"rendered":"<p>[ccf_form id=&#8221;8705&#8243;]<\/p>\n","protected":false},"author":9,"featured_media":0,"parent":0,"menu_order":0,"comment_status":"closed","ping_status":"closed","template":"","meta":[],"_links":{"self":[{"href":"https:\/\/wordpress.educom.pt\/TIC-Portugal-17\/wp-json\/wp\/v2\/pages\/8735"}],"collection":[{"href":"https:\/\/wordpress.educom.pt\/TIC-Portugal-17\/wp-json\/wp\/v2\/pages"}],"about":[{"href":"https:\/\/wordpress.educom.pt\/TIC-Portugal-17\/wp-json\/wp\/v2\/types\/page"}],"author":[{"embeddable":true,"href":"https:\/\/wordpress.educom.pt\/TIC-Portugal-17\/wp-json\/wp\/v2\/users\/9"}],"replies":[{"embeddable":true,"href":"https:\/\/wordpress.educom.pt\/TIC-Portugal-17\/wp-json\/wp\/v2\/comments?post=8735"}],"version-history":[{"count":1,"href":"https:\/\/wordpress.educom.pt\/TIC-Portugal-17\/wp-json\/wp\/v2\/pages\/8735\/revisions"}],"predecessor-version":[{"id":8736,"href":"https:\/\/wordpress.educom.pt\/TIC-Portugal-17\/wp-json\/wp\/v2\/pages\/8735\/revisions\/8736"}],"wp:attachment":[{"href":"https:\/\/wordpress.educom.pt\/TIC-Portugal-17\/wp-json\/wp\/v2\/media?parent=8735"}],"curies":[{"name":"wp","href":"https:\/\/api.w.org\/{rel}","templated":true}]}}