{"id":8779,"date":"2017-05-01T21:57:43","date_gmt":"2017-05-01T20:57:43","guid":{"rendered":"http:\/\/wordpress.educom.pt\/TIC-Portugal-17\/?page_id=8779"},"modified":"2017-05-25T09:22:28","modified_gmt":"2017-05-25T08:22:28","slug":"informacoes-uteis-em-coimbra-2","status":"publish","type":"page","link":"https:\/\/wordpress.educom.pt\/TIC-Portugal-17\/informacoes-uteis-em-coimbra-2\/","title":{"rendered":"Informa\u00e7\u00f5es \u00fateis em Coimbra"},"content":{"rendered":"<p><strong>Coimbra<\/strong><\/p>\n<p>Local de realiza\u00e7\u00e3o do TIC@Portugal&#8217;17<\/p>\n<p><iframe loading=\"lazy\" style=\"border: 0;\" src=\"https:\/\/www.google.com\/maps\/embed?pb=!1m18!1m12!1m3!1d6094.50276169767!2d-8.412048261908128!3d40.20347080983746!2m3!1f0!2f0!3f0!3m2!1i1024!2i768!4f13.1!3m3!1m2!1s0xd22f98254db6329%3A0xe8c2035d4ca6925d!2sEscola+Secund%C3%A1ria+De+Avelar+Brotero!5e0!3m2!1spt-PT!2spt!4v1493672121369\" width=\"500\" height=\"400\" frameborder=\"0\" allowfullscreen=\"allowfullscreen\"><\/iframe><\/p>\n<p>&nbsp;<\/p>\n","protected":false},"excerpt":{"rendered":"<p>Coimbra Local de realiza\u00e7\u00e3o do TIC@Portugal&#8217;17 &nbsp;<\/p>\n","protected":false},"author":9,"featured_media":0,"parent":0,"menu_order":0,"comment_status":"closed","ping_status":"closed","template":"","meta":[],"_links":{"self":[{"href":"https:\/\/wordpress.educom.pt\/TIC-Portugal-17\/wp-json\/wp\/v2\/pages\/8779"}],"collection":[{"href":"https:\/\/wordpress.educom.pt\/TIC-Portugal-17\/wp-json\/wp\/v2\/pages"}],"about":[{"href":"https:\/\/wordpress.educom.pt\/TIC-Portugal-17\/wp-json\/wp\/v2\/types\/page"}],"author":[{"embeddable":true,"href":"https:\/\/wordpress.educom.pt\/TIC-Portugal-17\/wp-json\/wp\/v2\/users\/9"}],"replies":[{"embeddable":true,"href":"https:\/\/wordpress.educom.pt\/TIC-Portugal-17\/wp-json\/wp\/v2\/comments?post=8779"}],"version-history":[{"count":3,"href":"https:\/\/wordpress.educom.pt\/TIC-Portugal-17\/wp-json\/wp\/v2\/pages\/8779\/revisions"}],"predecessor-version":[{"id":8840,"href":"https:\/\/wordpress.educom.pt\/TIC-Portugal-17\/wp-json\/wp\/v2\/pages\/8779\/revisions\/8840"}],"wp:attachment":[{"href":"https:\/\/wordpress.educom.pt\/TIC-Portugal-17\/wp-json\/wp\/v2\/media?parent=8779"}],"curies":[{"name":"wp","href":"https:\/\/api.w.org\/{rel}","templated":true}]}}