{"id":8783,"date":"2017-05-01T22:02:47","date_gmt":"2017-05-01T21:02:47","guid":{"rendered":"http:\/\/wordpress.educom.pt\/TIC-Portugal-17\/?page_id=8783"},"modified":"2017-05-01T22:05:15","modified_gmt":"2017-05-01T21:05:15","slug":"informacoes-uteis-em-loule","status":"publish","type":"page","link":"https:\/\/wordpress.educom.pt\/TIC-Portugal-17\/informacoes-uteis-em-loule\/","title":{"rendered":"Informa\u00e7\u00f5es \u00fateis em Loul\u00e9"},"content":{"rendered":"<p>Local de realiza\u00e7\u00e3o do TIC@Portugal&#8217;17: <strong>Escola Secund\u00e1ria de Loul\u00e9<\/strong><\/p>\n<p><iframe loading=\"lazy\" style=\"border: 0;\" src=\"https:\/\/www.google.com\/maps\/embed?pb=!1m18!1m12!1m3!1d3180.451940327643!2d-8.019646584653414!3d37.141951956086764!2m3!1f0!2f0!3f0!3m2!1i1024!2i768!4f13.1!3m3!1m2!1s0xd1ab10550ea2399%3A0xf28f3e45e6e1e889!2sEscola+Secund%C3%A1ria+de+Loul%C3%A9!5e0!3m2!1spt-PT!2spt!4v1493672416938\" width=\"400\" height=\"300\" frameborder=\"0\" allowfullscreen=\"allowfullscreen\"><\/iframe><\/p>\n<p>&nbsp;<\/p>\n","protected":false},"excerpt":{"rendered":"<p>Local de realiza\u00e7\u00e3o do TIC@Portugal&#8217;17: Escola Secund\u00e1ria de Loul\u00e9 &nbsp;<\/p>\n","protected":false},"author":9,"featured_media":0,"parent":0,"menu_order":0,"comment_status":"closed","ping_status":"closed","template":"","meta":[],"_links":{"self":[{"href":"https:\/\/wordpress.educom.pt\/TIC-Portugal-17\/wp-json\/wp\/v2\/pages\/8783"}],"collection":[{"href":"https:\/\/wordpress.educom.pt\/TIC-Portugal-17\/wp-json\/wp\/v2\/pages"}],"about":[{"href":"https:\/\/wordpress.educom.pt\/TIC-Portugal-17\/wp-json\/wp\/v2\/types\/page"}],"author":[{"embeddable":true,"href":"https:\/\/wordpress.educom.pt\/TIC-Portugal-17\/wp-json\/wp\/v2\/users\/9"}],"replies":[{"embeddable":true,"href":"https:\/\/wordpress.educom.pt\/TIC-Portugal-17\/wp-json\/wp\/v2\/comments?post=8783"}],"version-history":[{"count":2,"href":"https:\/\/wordpress.educom.pt\/TIC-Portugal-17\/wp-json\/wp\/v2\/pages\/8783\/revisions"}],"predecessor-version":[{"id":8786,"href":"https:\/\/wordpress.educom.pt\/TIC-Portugal-17\/wp-json\/wp\/v2\/pages\/8783\/revisions\/8786"}],"wp:attachment":[{"href":"https:\/\/wordpress.educom.pt\/TIC-Portugal-17\/wp-json\/wp\/v2\/media?parent=8783"}],"curies":[{"name":"wp","href":"https:\/\/api.w.org\/{rel}","templated":true}]}}