{"id":8790,"date":"2017-05-17T09:53:23","date_gmt":"2017-05-17T08:53:23","guid":{"rendered":"http:\/\/wordpress.educom.pt\/TIC-Portugal-17\/?page_id=8790"},"modified":"2017-05-17T21:46:34","modified_gmt":"2017-05-17T20:46:34","slug":"informacoes-uteis-em-monte-de-caparica","status":"publish","type":"page","link":"https:\/\/wordpress.educom.pt\/TIC-Portugal-17\/informacoes-uteis-em-monte-de-caparica\/","title":{"rendered":"Informa\u00e7\u00f5es \u00fateis em Monte de Caparica"},"content":{"rendered":"<p>Local de realiza\u00e7\u00e3o do TIC@Portugal&#8217;17: <b>Faculdade de Ci\u00eancias e Tecnologia da Universidade Nova de Lisboa<\/b><\/p>\n<p>&nbsp;<\/p>\n<p><iframe loading=\"lazy\" style=\"border: 0;\" src=\"https:\/\/www.google.com\/maps\/embed?pb=!1m18!1m12!1m3!1d4804.683511362323!2d-9.209478611434676!3d38.661483340353826!2m3!1f0!2f0!3f0!3m2!1i1024!2i768!4f13.1!3m3!1m2!1s0xd1ecb2aad877771%3A0xecf5d74bdcdaaa57!2sFaculdade+de+Ci%C3%AAncias+e+Tecnologia+(Universidade+Nova+de+Lisboa)!5e0!3m2!1spt-PT!2spt!4v1495010761675\" width=\"600\" height=\"450\" frameborder=\"0\" allowfullscreen=\"allowfullscreen\"><\/iframe><\/p>\n","protected":false},"excerpt":{"rendered":"<p>Local de realiza\u00e7\u00e3o do TIC@Portugal&#8217;17: Faculdade de Ci\u00eancias e Tecnologia da Universidade Nova de Lisboa &nbsp;<\/p>\n","protected":false},"author":9,"featured_media":0,"parent":0,"menu_order":0,"comment_status":"closed","ping_status":"closed","template":"","meta":[],"_links":{"self":[{"href":"https:\/\/wordpress.educom.pt\/TIC-Portugal-17\/wp-json\/wp\/v2\/pages\/8790"}],"collection":[{"href":"https:\/\/wordpress.educom.pt\/TIC-Portugal-17\/wp-json\/wp\/v2\/pages"}],"about":[{"href":"https:\/\/wordpress.educom.pt\/TIC-Portugal-17\/wp-json\/wp\/v2\/types\/page"}],"author":[{"embeddable":true,"href":"https:\/\/wordpress.educom.pt\/TIC-Portugal-17\/wp-json\/wp\/v2\/users\/9"}],"replies":[{"embeddable":true,"href":"https:\/\/wordpress.educom.pt\/TIC-Portugal-17\/wp-json\/wp\/v2\/comments?post=8790"}],"version-history":[{"count":1,"href":"https:\/\/wordpress.educom.pt\/TIC-Portugal-17\/wp-json\/wp\/v2\/pages\/8790\/revisions"}],"predecessor-version":[{"id":8791,"href":"https:\/\/wordpress.educom.pt\/TIC-Portugal-17\/wp-json\/wp\/v2\/pages\/8790\/revisions\/8791"}],"wp:attachment":[{"href":"https:\/\/wordpress.educom.pt\/TIC-Portugal-17\/wp-json\/wp\/v2\/media?parent=8790"}],"curies":[{"name":"wp","href":"https:\/\/api.w.org\/{rel}","templated":true}]}}