{"id":8794,"date":"2017-05-17T21:45:34","date_gmt":"2017-05-17T20:45:34","guid":{"rendered":"http:\/\/wordpress.educom.pt\/TIC-Portugal-17\/?page_id=8794"},"modified":"2017-05-17T21:45:45","modified_gmt":"2017-05-17T20:45:45","slug":"informacoes-uteis-em-braga-2","status":"publish","type":"page","link":"https:\/\/wordpress.educom.pt\/TIC-Portugal-17\/informacoes-uteis-em-braga-2\/","title":{"rendered":"Informa\u00e7\u00f5es \u00fateis em Braga"},"content":{"rendered":"<p>Local de realiza\u00e7\u00e3o do TIC@Portugal&#8217;17:\u00a0<strong>Instituto de Educa\u00e7\u00e3o da Universidade do Minho, Campus de Gualtar\u00a04710-057 Braga<\/strong><br \/>\n<iframe loading=\"lazy\" style=\"border: 0;\" src=\"https:\/\/www.google.com\/maps\/embed?pb=!1m18!1m12!1m3!1d2985.4534710877024!2d-8.401854984544483!3d41.55942929327483!2m3!1f0!2f0!3f0!3m2!1i1024!2i768!4f13.1!3m3!1m2!1s0xd24fe9c582066a1%3A0x689ccb122249f496!2sInstituto+de+Educa%C3%A7%C3%A3o+da+Universidade+do+Minho!5e0!3m2!1spt-PT!2spt!4v1495053583930\" width=\"600\" height=\"450\" frameborder=\"0\" allowfullscreen=\"allowfullscreen\"><\/iframe><\/p>\n","protected":false},"excerpt":{"rendered":"<p>Local de realiza\u00e7\u00e3o do TIC@Portugal&#8217;17:\u00a0Instituto de Educa\u00e7\u00e3o da Universidade do Minho, Campus de Gualtar\u00a04710-057 Braga<\/p>\n","protected":false},"author":9,"featured_media":0,"parent":0,"menu_order":0,"comment_status":"closed","ping_status":"closed","template":"","meta":[],"_links":{"self":[{"href":"https:\/\/wordpress.educom.pt\/TIC-Portugal-17\/wp-json\/wp\/v2\/pages\/8794"}],"collection":[{"href":"https:\/\/wordpress.educom.pt\/TIC-Portugal-17\/wp-json\/wp\/v2\/pages"}],"about":[{"href":"https:\/\/wordpress.educom.pt\/TIC-Portugal-17\/wp-json\/wp\/v2\/types\/page"}],"author":[{"embeddable":true,"href":"https:\/\/wordpress.educom.pt\/TIC-Portugal-17\/wp-json\/wp\/v2\/users\/9"}],"replies":[{"embeddable":true,"href":"https:\/\/wordpress.educom.pt\/TIC-Portugal-17\/wp-json\/wp\/v2\/comments?post=8794"}],"version-history":[{"count":1,"href":"https:\/\/wordpress.educom.pt\/TIC-Portugal-17\/wp-json\/wp\/v2\/pages\/8794\/revisions"}],"predecessor-version":[{"id":8795,"href":"https:\/\/wordpress.educom.pt\/TIC-Portugal-17\/wp-json\/wp\/v2\/pages\/8794\/revisions\/8795"}],"wp:attachment":[{"href":"https:\/\/wordpress.educom.pt\/TIC-Portugal-17\/wp-json\/wp\/v2\/media?parent=8794"}],"curies":[{"name":"wp","href":"https:\/\/api.w.org\/{rel}","templated":true}]}}