{"id":8841,"date":"2017-05-25T09:25:37","date_gmt":"2017-05-25T08:25:37","guid":{"rendered":"http:\/\/wordpress.educom.pt\/TIC-Portugal-17\/?page_id=8841"},"modified":"2017-05-25T09:32:03","modified_gmt":"2017-05-25T08:32:03","slug":"informacoes-uteis-em-setubal-2","status":"publish","type":"page","link":"https:\/\/wordpress.educom.pt\/TIC-Portugal-17\/informacoes-uteis-em-setubal-2\/","title":{"rendered":"Informa\u00e7\u00f5es \u00fateis em Set\u00fabal"},"content":{"rendered":"<p><strong><span class=\"Apple-style-span\"><a title=\"Centro de Compet\u00eancia TIC \u2013 ESE\/IPS\" href=\"http:\/\/projectos.ese.ips.pt\/cctic\/\" target=\"_blank\" rel=\"home\">Centro de Compet\u00eancia TIC \u2013 ESE\/IPS<\/a><\/span><\/strong><\/p>\n<div>\n<p>Campus do Instituto Polit\u00e9cnico de Set\u00fabal, Estefanilha<br \/>\n2914-504 Set\u00fabal, Portugal<\/p>\n<\/div>\n<div>\n<p>Tel\u00a0<strong>265 710 800<\/strong>\u00a0* Fax\u00a0<strong>265 710 810<\/strong><br \/>\nTel\u00a0<strong>265 710 840 (CCTIC)<\/strong><br \/>\nEmail\u00a0<strong>cctic@ese.ips.pt<\/strong><\/p>\n<\/div>\n<p><iframe loading=\"lazy\" style=\"border: 0;\" src=\"https:\/\/www.google.com\/maps\/embed?pb=!1m18!1m12!1m3!1d1629.853493681357!2d-8.840162632050436!3d38.52210021555442!2m3!1f0!2f0!3f0!3m2!1i1024!2i768!4f13.1!3m3!1m2!1s0xd1937b2c60f8f47%3A0xa0df10aa0caa2efa!2sInstituto+Polit%C3%A9cnico+de+Set%C3%BAbal!5e0!3m2!1spt-PT!2spt!4v1495700402757\" width=\"600\" height=\"450\" frameborder=\"0\" allowfullscreen=\"allowfullscreen\"><\/iframe><\/p>\n","protected":false},"excerpt":{"rendered":"<p>Centro de Compet\u00eancia TIC \u2013 ESE\/IPS Campus do Instituto Polit\u00e9cnico de Set\u00fabal, Estefanilha 2914-504 Set\u00fabal, Portugal Tel\u00a0265 710 800\u00a0* Fax\u00a0265 710 810 Tel\u00a0265 710 840 (CCTIC) Email\u00a0cctic@ese.ips.pt<\/p>\n","protected":false},"author":9,"featured_media":0,"parent":0,"menu_order":0,"comment_status":"closed","ping_status":"closed","template":"","meta":[],"_links":{"self":[{"href":"https:\/\/wordpress.educom.pt\/TIC-Portugal-17\/wp-json\/wp\/v2\/pages\/8841"}],"collection":[{"href":"https:\/\/wordpress.educom.pt\/TIC-Portugal-17\/wp-json\/wp\/v2\/pages"}],"about":[{"href":"https:\/\/wordpress.educom.pt\/TIC-Portugal-17\/wp-json\/wp\/v2\/types\/page"}],"author":[{"embeddable":true,"href":"https:\/\/wordpress.educom.pt\/TIC-Portugal-17\/wp-json\/wp\/v2\/users\/9"}],"replies":[{"embeddable":true,"href":"https:\/\/wordpress.educom.pt\/TIC-Portugal-17\/wp-json\/wp\/v2\/comments?post=8841"}],"version-history":[{"count":3,"href":"https:\/\/wordpress.educom.pt\/TIC-Portugal-17\/wp-json\/wp\/v2\/pages\/8841\/revisions"}],"predecessor-version":[{"id":8846,"href":"https:\/\/wordpress.educom.pt\/TIC-Portugal-17\/wp-json\/wp\/v2\/pages\/8841\/revisions\/8846"}],"wp:attachment":[{"href":"https:\/\/wordpress.educom.pt\/TIC-Portugal-17\/wp-json\/wp\/v2\/media?parent=8841"}],"curies":[{"name":"wp","href":"https:\/\/api.w.org\/{rel}","templated":true}]}}