{"id":8879,"date":"2017-06-01T09:58:06","date_gmt":"2017-06-01T08:58:06","guid":{"rendered":"http:\/\/wordpress.educom.pt\/TIC-Portugal-17\/?page_id=8879"},"modified":"2017-06-01T09:58:06","modified_gmt":"2017-06-01T08:58:06","slug":"biografias-2","status":"publish","type":"page","link":"https:\/\/wordpress.educom.pt\/TIC-Portugal-17\/biografias-2\/","title":{"rendered":"Biografias"},"content":{"rendered":"<p><strong>Teresa Cal\u00e7ada<\/strong><\/p>\n<p>&nbsp;<\/p>\n<p><a href=\"https:\/\/wordpress.educom.pt\/TIC-Portugal-17\/wp-content\/uploads\/2017\/06\/Teresa-Cal\u00e7ada.png\"><img decoding=\"async\" loading=\"lazy\" class=\"alignleft size-full wp-image-8880\" src=\"https:\/\/wordpress.educom.pt\/TIC-Portugal-17\/wp-content\/uploads\/2017\/06\/Teresa-Cal\u00e7ada.png\" alt=\"Teresa Cal\u00e7ada\" width=\"280\" height=\"374\" srcset=\"https:\/\/wordpress.educom.pt\/TIC-Portugal-17\/wp-content\/uploads\/2017\/06\/Teresa-Cal\u00e7ada.png 280w, https:\/\/wordpress.educom.pt\/TIC-Portugal-17\/wp-content\/uploads\/2017\/06\/Teresa-Cal\u00e7ada-225x300.png 225w\" sizes=\"(max-width: 280px) 100vw, 280px\" \/><\/a>\u00a0Licenciada em Filosofia pela Faculdade de Letras da Universidade Cl\u00e1ssica de Lisboa.<\/p>\n<p>Professora de Filosofia do ensino secund\u00e1rio, entre 1973 e 1981. T\u00e9cnica do Instituto Portugu\u00eas do Livro, Minist\u00e9rio da Cultura, desde 1982, onde trabalhou na \u00e1rea do livro e da leitura.<\/p>\n<p>Membro do grupo de trabalho que, em 1986, definiu as bases de uma pol\u00edtica nacional da leitura p\u00fablica, com vista \u00e0 cria\u00e7\u00e3o da Rede de Bibliotecas Municipais. Vice-presidente do Instituto da Biblioteca Nacional e do Livro, cargo que ocupou at\u00e9 1996. Nessa qualidade, foi respons\u00e1vel pela execu\u00e7\u00e3o das pol\u00edticas desenvolvidas no \u00e2mbito da rede de leitura p\u00fablica. Membro do grupo de trabalho interministerial que, em 1996, definiu as bases, os princ\u00edpios orientadores e as linhas de a\u00e7\u00e3o do Programa Rede de Bibliotecas Escolares.<\/p>\n<p>Coordenadora do Gabinete da Rede de Bibliotecas Escolares (RBE), desde 1997 at\u00e9 2013. Nessa qualidade, desempenhou fun\u00e7\u00f5es executivas no primeiro programa nacional de pol\u00edtica p\u00fablica de bibliotecas escolares, criado com o objetivo de instalar bibliotecas em escolas de todos os n\u00edveis de ensino, concebidas como centros multim\u00e9dia, capazes de disponibilizar aos utilizadores os recursos necess\u00e1rios \u00e0 leitura, ao acesso e uso da informa\u00e7\u00e3o em diferentes suportes, com um papel central na forma\u00e7\u00e3o de leitores, na aquisi\u00e7\u00e3o de compet\u00eancias nas m\u00faltiplas literacias, no desenvolvimento pessoal e social, no conhecimento e na cidadania.<\/p>\n<p>Participa\u00e7\u00e3o na conce\u00e7\u00e3o e produ\u00e7\u00e3o das linhas orientadoras do Plano Nacional de Leitura (PNL), entre 2006 e 2013, enquanto membro da Comiss\u00e3o Interministerial de Apoio \u00e0 Execu\u00e7\u00e3o do PNL, em representa\u00e7\u00e3o do Minist\u00e9rio da Educa\u00e7\u00e3o.<\/p>\n<p>Representante de Portugal, no \u00e2mbito do CERLALC (Centro Regional para o Fomento do Livro, na Am\u00e9rica Latina e Caribe), no projeto \u00abRed Iberamericana de Responsables de Pol\u00edticas y Planes Nacionales de Lectura \u2014 Redplanes\u00bb.<\/p>\n<p>Coordenadora de um grupo de investiga\u00e7\u00e3o na \u00e1rea da promo\u00e7\u00e3o da literacia digital dos jovens, designado Projeto MILD (Manual de Instru\u00e7\u00f5es para a Literacia Digital), apoiado e financiado pela Funda\u00e7\u00e3o Calouste Gulbenkian, a decorrer entre 2015 e 2017. Coautora dos livros Ler para ser. Os caminhos antes, durante e depois de aprender a ler, org. Fernanda Leopoldina, Iolanda Ribeiro e Adriana Baptista, e 40 Anos de Pol\u00edticas de Educa\u00e7\u00e3o em Portugal \u2014 Volume II \u2014 Conhecimento, atores e recursos, org. Maria de Lurdes Rodrigues.<\/p>\n<p>Autora de artigos publicados em revistas da especialidade. Participa\u00e7\u00e3o regular em encontros e confer\u00eancias nacionais e internacionais, com comunica\u00e7\u00f5es no \u00e2mbito da leitura e das bibliotecas.<\/p>\n","protected":false},"excerpt":{"rendered":"<p>Teresa Cal\u00e7ada &nbsp; \u00a0Licenciada em Filosofia pela Faculdade de Letras da Universidade Cl\u00e1ssica de Lisboa. Professora de Filosofia do ensino secund\u00e1rio, entre 1973 e 1981. T\u00e9cnica do Instituto Portugu\u00eas do Livro, Minist\u00e9rio da Cultura, desde 1982, onde trabalhou na \u00e1rea do livro e da leitura. Membro do grupo de trabalho que, em 1986, definiu as &hellip; <a href=\"https:\/\/wordpress.educom.pt\/TIC-Portugal-17\/biografias-2\/\" class=\"more-link\">Continuar a ler <span class=\"screen-reader-text\">Biografias<\/span> <span class=\"meta-nav\">&rarr;<\/span><\/a><\/p>\n","protected":false},"author":9,"featured_media":0,"parent":0,"menu_order":0,"comment_status":"closed","ping_status":"closed","template":"","meta":[],"_links":{"self":[{"href":"https:\/\/wordpress.educom.pt\/TIC-Portugal-17\/wp-json\/wp\/v2\/pages\/8879"}],"collection":[{"href":"https:\/\/wordpress.educom.pt\/TIC-Portugal-17\/wp-json\/wp\/v2\/pages"}],"about":[{"href":"https:\/\/wordpress.educom.pt\/TIC-Portugal-17\/wp-json\/wp\/v2\/types\/page"}],"author":[{"embeddable":true,"href":"https:\/\/wordpress.educom.pt\/TIC-Portugal-17\/wp-json\/wp\/v2\/users\/9"}],"replies":[{"embeddable":true,"href":"https:\/\/wordpress.educom.pt\/TIC-Portugal-17\/wp-json\/wp\/v2\/comments?post=8879"}],"version-history":[{"count":1,"href":"https:\/\/wordpress.educom.pt\/TIC-Portugal-17\/wp-json\/wp\/v2\/pages\/8879\/revisions"}],"predecessor-version":[{"id":8881,"href":"https:\/\/wordpress.educom.pt\/TIC-Portugal-17\/wp-json\/wp\/v2\/pages\/8879\/revisions\/8881"}],"wp:attachment":[{"href":"https:\/\/wordpress.educom.pt\/TIC-Portugal-17\/wp-json\/wp\/v2\/media?parent=8879"}],"curies":[{"name":"wp","href":"https:\/\/api.w.org\/{rel}","templated":true}]}}