{"id":8903,"date":"2017-06-06T19:41:41","date_gmt":"2017-06-06T18:41:41","guid":{"rendered":"http:\/\/wordpress.educom.pt\/TIC-Portugal-17\/?page_id=8903"},"modified":"2017-06-06T20:07:39","modified_gmt":"2017-06-06T19:07:39","slug":"informacoes-uteis-em","status":"publish","type":"page","link":"https:\/\/wordpress.educom.pt\/TIC-Portugal-17\/informacoes-uteis-em\/","title":{"rendered":"Informa\u00e7\u00f5es \u00fateis em Nelas"},"content":{"rendered":"<p><strong>Centro de Compet\u00eancia TIC da Universidade de Aveiro<\/strong><br \/>\nProfessora requisitada: Maria Jos\u00e9 Loureiro<br \/>\nDepartamento de Educa\u00e7\u00e3o, Campus de Santiago<br \/>\n3810-193 AVEIRO, PORTUGAL<\/p>\n<p>n.\u00ba interno 22807<br \/>\nn.\u00ba gabinete <a href=\"tel:+351%20234%20378%20155\" target=\"_blank\">+ 351 234 378 155<\/a><br \/>\nn.\u00ba telem\u00f3vel <a href=\"tel:+351%20919%20399%20018\" target=\"_blank\">+ 351 91 9399018<\/a><br \/>\nemail:\u00a0ccticua<wbr \/>@gmail.com<br \/>\nLocal assinalado no mapa: Junta de freguesia de Nelas<br \/>\nPra\u00e7a Do Munic\u00edpio, Edif. Multiusos, Rc, Nelas, Viseu<\/p>\n<p><iframe loading=\"lazy\" style=\"border: 0;\" src=\"https:\/\/www.google.com\/maps\/embed?pb=!1m18!1m12!1m3!1d3032.3688854029024!2d-7.855383884570879!3d40.533438656457065!2m3!1f0!2f0!3f0!3m2!1i1024!2i768!4f13.1!3m3!1m2!1s0xd23320b12b6d765%3A0xa3777ee3990ca472!2sJunta+de+Freguesia+de+Nelas!5e0!3m2!1spt-PT!2spt!4v1496774444265\" width=\"600\" height=\"450\" frameborder=\"0\" allowfullscreen=\"allowfullscreen\"><\/iframe><\/p>\n","protected":false},"excerpt":{"rendered":"<p>Centro de Compet\u00eancia TIC da Universidade de Aveiro Professora requisitada: Maria Jos\u00e9 Loureiro Departamento de Educa\u00e7\u00e3o, Campus de Santiago 3810-193 AVEIRO, PORTUGAL n.\u00ba interno 22807 n.\u00ba gabinete + 351 234 378 155 n.\u00ba telem\u00f3vel + 351 91 9399018 email:\u00a0ccticua@gmail.com Local assinalado no mapa: Junta de freguesia de Nelas Pra\u00e7a Do Munic\u00edpio, Edif. Multiusos, Rc, Nelas, &hellip; <a href=\"https:\/\/wordpress.educom.pt\/TIC-Portugal-17\/informacoes-uteis-em\/\" class=\"more-link\">Continuar a ler <span class=\"screen-reader-text\">Informa\u00e7\u00f5es \u00fateis em Nelas<\/span> <span class=\"meta-nav\">&rarr;<\/span><\/a><\/p>\n","protected":false},"author":9,"featured_media":0,"parent":0,"menu_order":0,"comment_status":"closed","ping_status":"closed","template":"","meta":[],"_links":{"self":[{"href":"https:\/\/wordpress.educom.pt\/TIC-Portugal-17\/wp-json\/wp\/v2\/pages\/8903"}],"collection":[{"href":"https:\/\/wordpress.educom.pt\/TIC-Portugal-17\/wp-json\/wp\/v2\/pages"}],"about":[{"href":"https:\/\/wordpress.educom.pt\/TIC-Portugal-17\/wp-json\/wp\/v2\/types\/page"}],"author":[{"embeddable":true,"href":"https:\/\/wordpress.educom.pt\/TIC-Portugal-17\/wp-json\/wp\/v2\/users\/9"}],"replies":[{"embeddable":true,"href":"https:\/\/wordpress.educom.pt\/TIC-Portugal-17\/wp-json\/wp\/v2\/comments?post=8903"}],"version-history":[{"count":3,"href":"https:\/\/wordpress.educom.pt\/TIC-Portugal-17\/wp-json\/wp\/v2\/pages\/8903\/revisions"}],"predecessor-version":[{"id":8908,"href":"https:\/\/wordpress.educom.pt\/TIC-Portugal-17\/wp-json\/wp\/v2\/pages\/8903\/revisions\/8908"}],"wp:attachment":[{"href":"https:\/\/wordpress.educom.pt\/TIC-Portugal-17\/wp-json\/wp\/v2\/media?parent=8903"}],"curies":[{"name":"wp","href":"https:\/\/api.w.org\/{rel}","templated":true}]}}