{"id":8956,"date":"2017-06-12T14:54:19","date_gmt":"2017-06-12T13:54:19","guid":{"rendered":"http:\/\/wordpress.educom.pt\/TIC-Portugal-17\/?page_id=8956"},"modified":"2017-06-12T15:03:24","modified_gmt":"2017-06-12T14:03:24","slug":"matematica-inclusiva","status":"publish","type":"page","link":"https:\/\/wordpress.educom.pt\/TIC-Portugal-17\/matematica-inclusiva\/","title":{"rendered":"MATEM\u00c1TICA INCLUSIVA"},"content":{"rendered":"<p style=\"text-align: center;\">Cec\u00edlia Martins Fortes Rodrigues<br \/>\ncecilia.rodrigues@aejbv.pt<br \/>\nAgrupamento de Escolas Jos\u00e9 Belchior Viegas<\/p>\n<p>&nbsp;<\/p>\n<p style=\"text-align: justify;\">Com esta comunica\u00e7\u00e3o pretendo dar a conhecer \u00e0 comunidade docente, as atividades matem\u00e1ticas que desenvolvi com um aluno do Agrupamento de Escolas Jos\u00e9 Belchior Viegas, com NEE\u2019S de car\u00e1ter permanente, no \u00e2mbito do mestrado de Educa\u00e7\u00e3o Especial &#8211; Dom\u00ednio Cognitivo e motor.<\/p>\n<p style=\"text-align: justify;\">As atividades s\u00e3o apresentadas sob a forma de jogo interativo, que foi elaborado por mim no PowerPoint, programa acess\u00edvel em todas as escolas.<\/p>\n<p style=\"text-align: justify;\">Estas tarefas podem aumentar ou diminuir de grau de dificuldade, adequando-se, deste modo, ao perfil dos alunos a que se destinam, podendo ser realizadas por alunos, sem NEE ao n\u00edvel da Ed. Pr\u00e9-escolar.<\/p>\n<p style=\"text-align: justify;\">Neste \u201cJogo\u201d a que chamei \u201cAprender Brincando\u201d os conte\u00fados abordados s\u00e3o: n\u00fameros at\u00e9 ao 5, sequ\u00eancias simples, figuras geom\u00e9tricas, tamanhos e cores.<\/p>\n<p style=\"text-align: justify;\">REFER\u00caNCIAS<\/p>\n<p style=\"text-align: justify;\">Costa, M. (2010). Cria\u00e7\u00e3o de recursos digitais para crian\u00e7as com Necessidades Educativas Especiais do Agrupamento de Escolas de Mindelo (Projeto de P\u00f3s-Gradua\u00e7\u00e3o). Escola Superior de Educa\u00e7\u00e3o de Paula Frassinetti, Porto, Portugal.<\/p>\n<p style=\"text-align: justify;\">Gra\u00e7a, J. S. (1995). As novas tecnologias no apoio \u00e0 comunica\u00e7\u00e3o para pessoas com necessidades especiais. Integrar.<\/p>\n<p style=\"text-align: justify;\">Marques, R. (1998). Os desafios da sociedade de informa\u00e7\u00e3o. In R. Marques, M. Skibeck, J. M. Alves, H. Steedman, M. Rangel &amp; F. Pedr\u00f3 (Eds.), Na sociedade de informa\u00e7\u00e3o: O que aprender na escola? (pp. 11-32). Porto: Edi\u00e7\u00f5es ASA.<\/p>\n","protected":false},"excerpt":{"rendered":"<p>Cec\u00edlia Martins Fortes Rodrigues cecilia.rodrigues@aejbv.pt Agrupamento de Escolas Jos\u00e9 Belchior Viegas &nbsp; Com esta comunica\u00e7\u00e3o pretendo dar a conhecer \u00e0 comunidade docente, as atividades matem\u00e1ticas que desenvolvi com um aluno do Agrupamento de Escolas Jos\u00e9 Belchior Viegas, com NEE\u2019S de car\u00e1ter permanente, no \u00e2mbito do mestrado de Educa\u00e7\u00e3o Especial &#8211; Dom\u00ednio Cognitivo e motor. As &hellip; <a href=\"https:\/\/wordpress.educom.pt\/TIC-Portugal-17\/matematica-inclusiva\/\" class=\"more-link\">Continuar a ler <span class=\"screen-reader-text\">MATEM\u00c1TICA INCLUSIVA<\/span> <span class=\"meta-nav\">&rarr;<\/span><\/a><\/p>\n","protected":false},"author":9,"featured_media":0,"parent":0,"menu_order":0,"comment_status":"closed","ping_status":"closed","template":"","meta":[],"_links":{"self":[{"href":"https:\/\/wordpress.educom.pt\/TIC-Portugal-17\/wp-json\/wp\/v2\/pages\/8956"}],"collection":[{"href":"https:\/\/wordpress.educom.pt\/TIC-Portugal-17\/wp-json\/wp\/v2\/pages"}],"about":[{"href":"https:\/\/wordpress.educom.pt\/TIC-Portugal-17\/wp-json\/wp\/v2\/types\/page"}],"author":[{"embeddable":true,"href":"https:\/\/wordpress.educom.pt\/TIC-Portugal-17\/wp-json\/wp\/v2\/users\/9"}],"replies":[{"embeddable":true,"href":"https:\/\/wordpress.educom.pt\/TIC-Portugal-17\/wp-json\/wp\/v2\/comments?post=8956"}],"version-history":[{"count":2,"href":"https:\/\/wordpress.educom.pt\/TIC-Portugal-17\/wp-json\/wp\/v2\/pages\/8956\/revisions"}],"predecessor-version":[{"id":8958,"href":"https:\/\/wordpress.educom.pt\/TIC-Portugal-17\/wp-json\/wp\/v2\/pages\/8956\/revisions\/8958"}],"wp:attachment":[{"href":"https:\/\/wordpress.educom.pt\/TIC-Portugal-17\/wp-json\/wp\/v2\/media?parent=8956"}],"curies":[{"name":"wp","href":"https:\/\/api.w.org\/{rel}","templated":true}]}}