{"id":8983,"date":"2017-06-12T21:21:37","date_gmt":"2017-06-12T20:21:37","guid":{"rendered":"http:\/\/wordpress.educom.pt\/TIC-Portugal-17\/?page_id=8983"},"modified":"2017-06-12T21:21:37","modified_gmt":"2017-06-12T20:21:37","slug":"aprender-a-programar-com-robos","status":"publish","type":"page","link":"https:\/\/wordpress.educom.pt\/TIC-Portugal-17\/aprender-a-programar-com-robos\/","title":{"rendered":"Aprender a programar com rob\u00f4s"},"content":{"rendered":"<p style=\"text-align: center;\">Duarte Duarte, Filipe de Jesus e Paulo Ribeiro<br \/>\ndduarte@es-loule.edu.pt; fjesus@es-loule.edu.pt;<br \/>\npribeiro@es-loule.edu.pt<br \/>\nEscola Secund\u00e1ria de Loul\u00e9<\/p>\n<p>&nbsp;<\/p>\n<p style=\"text-align: justify;\">O crescente reconhecimento da import\u00e2ncia da programa\u00e7\u00e3o computacional no desenvolvimento de compet\u00eancias transversais, como o pensamento anal\u00edtico, a resolu\u00e7\u00e3o de problemas, o trabalho colaborativo e a criatividade, t\u00eam despoletado iniciativas nacionais e mundiais com o prop\u00f3sito de incluir o ensino da programa\u00e7\u00e3o em v\u00e1rias \u00e1reas e n\u00edveis de ensino para al\u00e9m dos cursos espec\u00edficos de inform\u00e1tica. Os &#8220;Clubes de Rob\u00f3tica&#8221; e as iniciativas &#8220;Inicia\u00e7\u00e3o \u00e0 programa\u00e7\u00e3o no primeiro ciclo&#8221;, <em>CodeMove<\/em>, <em>HourOfCode<\/em> ou <em>CodeWeek<\/em> s\u00e3o apenas alguns exemplos.<\/p>\n<p style=\"text-align: justify;\">Esta comunica\u00e7\u00e3o visa apresentar as experiencias desenvolvidas no projeto Erasmus+, a\u00e7\u00e3o chave 2, &#8220;<em>Coding skill development using robotics for young Europeans<\/em>&#8220;, que Escola Secund\u00e1ria de Loul\u00e9 integra, em parceria com a empresa Lituana Robotikos Akademija, duas escolas lituanas e uma escola let\u00e3. No \u00e2mbito deste projeto foram formados 8 professores portugueses, 14 lituanos e 7 let\u00f5es e foram constru\u00eddos materiais educativos e de forma\u00e7\u00e3o para a utiliza\u00e7\u00e3o dos rob\u00f4s EV3 da Lego Education e da metodologia desenvolvida pela Universidade Carnegie Mellon, com o prop\u00f3sito de facilitar a aprendizagem de programa\u00e7\u00e3o nos ensinos secund\u00e1rio e profissional. Os recursos produzidos incluem um conjunto de materiais para aprendizagem aut\u00f3noma de programa\u00e7\u00e3o atrav\u00e9s da rob\u00f3tica, dividido por li\u00e7\u00f5es individuais, um manual de boas pr\u00e1ticas, resultante da aplica\u00e7\u00e3o das experi\u00eancias desenvolvidas em cada uma das escolas parceiras e um curso de forma\u00e7\u00e3o para professores, para que os materiais desenvolvidos e as experi\u00eancias realizadas possam ser disseminados localmente em cada um dos pa\u00edses participantes. Neste sentido, foi j\u00e1 aprovada uma oficina de forma\u00e7\u00e3o para professores portugueses, de 30 horas presenciais mais 30 horas de trabalho aut\u00f3nomo, que ser\u00e1 realizada no ano letivo 2017\/2018.<\/p>\n","protected":false},"excerpt":{"rendered":"<p>Duarte Duarte, Filipe de Jesus e Paulo Ribeiro dduarte@es-loule.edu.pt; fjesus@es-loule.edu.pt; pribeiro@es-loule.edu.pt Escola Secund\u00e1ria de Loul\u00e9 &nbsp; O crescente reconhecimento da import\u00e2ncia da programa\u00e7\u00e3o computacional no desenvolvimento de compet\u00eancias transversais, como o pensamento anal\u00edtico, a resolu\u00e7\u00e3o de problemas, o trabalho colaborativo e a criatividade, t\u00eam despoletado iniciativas nacionais e mundiais com o prop\u00f3sito de incluir o &hellip; <a href=\"https:\/\/wordpress.educom.pt\/TIC-Portugal-17\/aprender-a-programar-com-robos\/\" class=\"more-link\">Continuar a ler <span class=\"screen-reader-text\">Aprender a programar com rob\u00f4s<\/span> <span class=\"meta-nav\">&rarr;<\/span><\/a><\/p>\n","protected":false},"author":9,"featured_media":0,"parent":0,"menu_order":0,"comment_status":"closed","ping_status":"closed","template":"","meta":[],"_links":{"self":[{"href":"https:\/\/wordpress.educom.pt\/TIC-Portugal-17\/wp-json\/wp\/v2\/pages\/8983"}],"collection":[{"href":"https:\/\/wordpress.educom.pt\/TIC-Portugal-17\/wp-json\/wp\/v2\/pages"}],"about":[{"href":"https:\/\/wordpress.educom.pt\/TIC-Portugal-17\/wp-json\/wp\/v2\/types\/page"}],"author":[{"embeddable":true,"href":"https:\/\/wordpress.educom.pt\/TIC-Portugal-17\/wp-json\/wp\/v2\/users\/9"}],"replies":[{"embeddable":true,"href":"https:\/\/wordpress.educom.pt\/TIC-Portugal-17\/wp-json\/wp\/v2\/comments?post=8983"}],"version-history":[{"count":1,"href":"https:\/\/wordpress.educom.pt\/TIC-Portugal-17\/wp-json\/wp\/v2\/pages\/8983\/revisions"}],"predecessor-version":[{"id":8984,"href":"https:\/\/wordpress.educom.pt\/TIC-Portugal-17\/wp-json\/wp\/v2\/pages\/8983\/revisions\/8984"}],"wp:attachment":[{"href":"https:\/\/wordpress.educom.pt\/TIC-Portugal-17\/wp-json\/wp\/v2\/media?parent=8983"}],"curies":[{"name":"wp","href":"https:\/\/api.w.org\/{rel}","templated":true}]}}