{"id":9009,"date":"2017-06-13T11:19:39","date_gmt":"2017-06-13T10:19:39","guid":{"rendered":"http:\/\/wordpress.educom.pt\/TIC-Portugal-17\/?page_id=9009"},"modified":"2017-06-13T11:31:37","modified_gmt":"2017-06-13T10:31:37","slug":"utilizacao-das-tic-e","status":"publish","type":"page","link":"https:\/\/wordpress.educom.pt\/TIC-Portugal-17\/utilizacao-das-tic-e\/","title":{"rendered":"Utiliza\u00e7\u00e3o das TIC e &#8230;"},"content":{"rendered":"<p style=\"text-align: center;\"><strong>Utiliza\u00e7\u00e3o das TIC e da Metodologia de Projeto em Cursos de Educa\u00e7\u00e3o e Forma\u00e7\u00e3o<\/strong><\/p>\n<p style=\"text-align: center;\">Maria Manuela Jacinto do Ros\u00e1rio L\u00facio<br \/>\nmaria.manuela.lucio@gmail.com<br \/>\nAgrupamento de Escolas Professor Paula Nogueira (Olh\u00e3o)<\/p>\n<p style=\"text-align: justify;\">O presente trabalho foi desenvolvido com alunos do 1\u00ba Ano do Curso de Educa\u00e7\u00e3o e Forma\u00e7\u00e3o de Servi\u00e7os Dom\u00e9sticos &#8211; Apoio \u00e0 Fam\u00edlia e \u00e0 Comunidade que frequentaram a Escola EB 2,3 Professor Paula Nogueira no Ano Letivo de 2016-2017, no \u00e2mbito das disciplinas de Gest\u00e3o do Comportamento e de Psicologia.<\/p>\n<p style=\"text-align: justify;\">No decurso do trabalho desenvolvido nestas disciplinas os alunos foram convidados a elaborar um projeto \u00a0sobre o Amor na Adolesc\u00eancia (fase presente das suas vidas), intitulado &#8220;Amor \u00c9\/ Amor N\u00e3o \u00c9&#8221; do qual resultasse um produto final (filme) a partilhar com a Comunidade Educativa, designadamente com os alunos da Escola.<\/p>\n<p style=\"text-align: justify;\">O projeto compreendeu quatro fases. A primeira fase foi dedicada \u00e0 conceptualiza\u00e7\u00e3o (reflex\u00e3o sobre o tema), a segunda fase foi destinada \u00e0 constru\u00e7\u00e3o do produto final (utilizando o MovieMaker), na terceira fase procedeu-se \u00e0 divulga\u00e7\u00e3o do produto final (filme realizado) enquanto que na quarta e \u00faltima fase se procedeu \u00e0 reflex\u00e3o sobre o trabalho desenvolvido (considerando os impactos a n\u00edvel pessoal, na Turma e na Comunidade Educativa).<\/p>\n<p style=\"text-align: justify;\">O presente projeto permitiu uma reflex\u00e3o e partilha de sentimentos sobre este tema da adolesc\u00eancia, selecionar e utilizar recursos dispon\u00edveis, desenvolver compet\u00eancias digitais e obter um feedback muito positivo do trabalho partilhado que favoreceu o aumento da auto-estima e auto-conhecimento dos alunos.<\/p>\n","protected":false},"excerpt":{"rendered":"<p>Utiliza\u00e7\u00e3o das TIC e da Metodologia de Projeto em Cursos de Educa\u00e7\u00e3o e Forma\u00e7\u00e3o Maria Manuela Jacinto do Ros\u00e1rio L\u00facio maria.manuela.lucio@gmail.com Agrupamento de Escolas Professor Paula Nogueira (Olh\u00e3o) O presente trabalho foi desenvolvido com alunos do 1\u00ba Ano do Curso de Educa\u00e7\u00e3o e Forma\u00e7\u00e3o de Servi\u00e7os Dom\u00e9sticos &#8211; Apoio \u00e0 Fam\u00edlia e \u00e0 Comunidade que &hellip; <a href=\"https:\/\/wordpress.educom.pt\/TIC-Portugal-17\/utilizacao-das-tic-e\/\" class=\"more-link\">Continuar a ler <span class=\"screen-reader-text\">Utiliza\u00e7\u00e3o das TIC e &#8230;<\/span> <span class=\"meta-nav\">&rarr;<\/span><\/a><\/p>\n","protected":false},"author":9,"featured_media":0,"parent":0,"menu_order":0,"comment_status":"closed","ping_status":"closed","template":"","meta":[],"_links":{"self":[{"href":"https:\/\/wordpress.educom.pt\/TIC-Portugal-17\/wp-json\/wp\/v2\/pages\/9009"}],"collection":[{"href":"https:\/\/wordpress.educom.pt\/TIC-Portugal-17\/wp-json\/wp\/v2\/pages"}],"about":[{"href":"https:\/\/wordpress.educom.pt\/TIC-Portugal-17\/wp-json\/wp\/v2\/types\/page"}],"author":[{"embeddable":true,"href":"https:\/\/wordpress.educom.pt\/TIC-Portugal-17\/wp-json\/wp\/v2\/users\/9"}],"replies":[{"embeddable":true,"href":"https:\/\/wordpress.educom.pt\/TIC-Portugal-17\/wp-json\/wp\/v2\/comments?post=9009"}],"version-history":[{"count":2,"href":"https:\/\/wordpress.educom.pt\/TIC-Portugal-17\/wp-json\/wp\/v2\/pages\/9009\/revisions"}],"predecessor-version":[{"id":9020,"href":"https:\/\/wordpress.educom.pt\/TIC-Portugal-17\/wp-json\/wp\/v2\/pages\/9009\/revisions\/9020"}],"wp:attachment":[{"href":"https:\/\/wordpress.educom.pt\/TIC-Portugal-17\/wp-json\/wp\/v2\/media?parent=9009"}],"curies":[{"name":"wp","href":"https:\/\/api.w.org\/{rel}","templated":true}]}}