{"id":9114,"date":"2017-06-23T11:39:57","date_gmt":"2017-06-23T10:39:57","guid":{"rendered":"http:\/\/wordpress.educom.pt\/TIC-Portugal-17\/?page_id=9114"},"modified":"2017-06-24T14:29:11","modified_gmt":"2017-06-24T13:29:11","slug":"plataforma-sapo-campus","status":"publish","type":"page","link":"https:\/\/wordpress.educom.pt\/TIC-Portugal-17\/plataforma-sapo-campus\/","title":{"rendered":""},"content":{"rendered":"<p style=\"text-align: center;\"><strong>Plataforma \u201cSapo Campus\u201d<\/strong><\/p>\n<p style=\"text-align: center;\">Paulo Garcez \/ Nuno Mantas<\/p>\n<p style=\"text-align: center;\">paulo.j.garcez@telecom.pt \/ direcao.aeba@gmail.com<\/p>\n<p style=\"text-align: center;\">Funda\u00e7\u00e3o Portugal Telecom\/Agrupamento de Escolas da Boa \u00c1gua<\/p>\n<p>&nbsp;<\/p>\n<p style=\"text-align: justify;\">O SAPO Campus \u00e9 uma plataforma gratuita online de comunica\u00e7\u00e3o e colabora\u00e7\u00e3o, que surgiu em 2012, nos Laborat\u00f3rios do SAPO e na Universidade de Aveiro, para o contexto educativo.<\/p>\n<p style=\"text-align: justify;\">Proporciona um espa\u00e7o de partilha que aproxima os v\u00e1rios intervenientes de uma institui\u00e7\u00e3o, contribuindo para uma melhor e mais eficiente comunica\u00e7\u00e3o entre todos. \u00c9 gratuita, simples e intuitiva e com um design apelativo, permite \u00e0 institui\u00e7\u00e3o personalizar a imagem do espa\u00e7o, integrando nele o seu branding e estabelecendo assim a sua identidade. A privacidade dos utilizadores e dos seus conte\u00fados \u00e9 assegurada pela plataforma e gerida pela institui\u00e7\u00e3o. Permite uma utiliza\u00e7\u00e3o em continuidade, quer na \u00f3tica dos membros do espa\u00e7o, quer na \u00f3tica da institui\u00e7\u00e3o.<\/p>\n<p style=\"text-align: justify;\">A plataforma integra as iniciativas da Funda\u00e7\u00e3o PT para a Educa\u00e7\u00e3o desde 2017. Est\u00e1 a ser utilizada em escolas do primeiro ciclo ao secund\u00e1rio e \u00e9, ainda, a base de utiliza\u00e7\u00e3o para projetos colaborativos em \u00e1reas distintas da da educa\u00e7\u00e3o.<\/p>\n<p style=\"text-align: justify;\">O Agrupamento de Escolas da Boa \u00c1gua iniciou a utiliza\u00e7\u00e3o da plataforma Sapo Campus em 2013, fazendo dela um importante caso de \u201cboas pr\u00e1ticas\u201d, n\u00e3o s\u00f3 para a articula\u00e7\u00e3o aluno-professor e professor-professor, como com os Pais\/Encarregados de Educa\u00e7\u00e3o. Reconhecem-se resultados significativos ao n\u00edvel da melhoria da comunica\u00e7\u00e3o e organiza\u00e7\u00e3o e gest\u00e3o de conte\u00fados, reduzindo a dispers\u00e3o de meios e a utiliza\u00e7\u00e3o de papel.<\/p>\n<p style=\"text-align: justify;\">O SAPO Campus enquadra-se numa das \u00e1reas priorit\u00e1rias da Funda\u00e7\u00e3o PT \u2013 Educa\u00e7\u00e3o, sendo uma das ofertas para as Entidades da Economia Social e para Organismos.<\/p>\n","protected":false},"excerpt":{"rendered":"<p>Plataforma \u201cSapo Campus\u201d Paulo Garcez \/ Nuno Mantas paulo.j.garcez@telecom.pt \/ direcao.aeba@gmail.com Funda\u00e7\u00e3o Portugal Telecom\/Agrupamento de Escolas da Boa \u00c1gua &nbsp; O SAPO Campus \u00e9 uma plataforma gratuita online de comunica\u00e7\u00e3o e colabora\u00e7\u00e3o, que surgiu em 2012, nos Laborat\u00f3rios do SAPO e na Universidade de Aveiro, para o contexto educativo. Proporciona um espa\u00e7o de partilha que &hellip; <a href=\"https:\/\/wordpress.educom.pt\/TIC-Portugal-17\/plataforma-sapo-campus\/\" class=\"more-link\">Continuar a ler <span class=\"screen-reader-text\"><\/span> <span class=\"meta-nav\">&rarr;<\/span><\/a><\/p>\n","protected":false},"author":9,"featured_media":0,"parent":0,"menu_order":0,"comment_status":"closed","ping_status":"closed","template":"","meta":[],"_links":{"self":[{"href":"https:\/\/wordpress.educom.pt\/TIC-Portugal-17\/wp-json\/wp\/v2\/pages\/9114"}],"collection":[{"href":"https:\/\/wordpress.educom.pt\/TIC-Portugal-17\/wp-json\/wp\/v2\/pages"}],"about":[{"href":"https:\/\/wordpress.educom.pt\/TIC-Portugal-17\/wp-json\/wp\/v2\/types\/page"}],"author":[{"embeddable":true,"href":"https:\/\/wordpress.educom.pt\/TIC-Portugal-17\/wp-json\/wp\/v2\/users\/9"}],"replies":[{"embeddable":true,"href":"https:\/\/wordpress.educom.pt\/TIC-Portugal-17\/wp-json\/wp\/v2\/comments?post=9114"}],"version-history":[{"count":2,"href":"https:\/\/wordpress.educom.pt\/TIC-Portugal-17\/wp-json\/wp\/v2\/pages\/9114\/revisions"}],"predecessor-version":[{"id":9143,"href":"https:\/\/wordpress.educom.pt\/TIC-Portugal-17\/wp-json\/wp\/v2\/pages\/9114\/revisions\/9143"}],"wp:attachment":[{"href":"https:\/\/wordpress.educom.pt\/TIC-Portugal-17\/wp-json\/wp\/v2\/media?parent=9114"}],"curies":[{"name":"wp","href":"https:\/\/api.w.org\/{rel}","templated":true}]}}