{"id":9149,"date":"2017-06-26T13:58:38","date_gmt":"2017-06-26T12:58:38","guid":{"rendered":"http:\/\/wordpress.educom.pt\/TIC-Portugal-17\/?page_id=9149"},"modified":"2017-06-26T13:59:42","modified_gmt":"2017-06-26T12:59:42","slug":"partilhas-e-desafios","status":"publish","type":"page","link":"https:\/\/wordpress.educom.pt\/TIC-Portugal-17\/partilhas-e-desafios\/","title":{"rendered":""},"content":{"rendered":"<p style=\"text-align: center;\"><strong>Partilhas e desafios: programa\u00e7\u00e3o no 1.\u00ba ciclo e rob\u00f3tica<\/strong><\/p>\n<p style=\"text-align: center;\">L\u00facia Pinheiro<\/p>\n<p style=\"text-align: center;\">E-mail: <a href=\"mailto:lucia@aeprado.pt\">lucia@aeprado.pt<\/a><\/p>\n<p style=\"text-align: center;\">Agrupamento de Escolas de Prado<\/p>\n<p style=\"text-align: justify;\">O Agrupamento de Escolas de Prado, no \u00e2mbito do Encontro de Professores sobre Utiliza\u00e7\u00e3o Educativa das TIC, TIC@Portugal\u201917, ir\u00e1 apresentar o projeto intitulado &#8220;Partilhas e Desafios: Programa\u00e7\u00e3o no 1\u00ba Ciclo e Rob\u00f3tica&#8221;, que privilegia o racioc\u00ednio e a resolu\u00e7\u00e3o de problemas, valorizando as literacias m\u00faltiplas, o pensamento cr\u00edtico e criativo.<\/p>\n<p style=\"text-align: justify;\">Este projeto vai ao encontro das compet\u00eancias de informa\u00e7\u00e3o e comunica\u00e7\u00e3o na era digital, enquadrado no ambiente educativo da\u00a0Casa\u00a0do\u00a0Conhecimento\u00a0de Vila Verde, em conformidade com o perfil de sa\u00edda do aluno do S\u00e9culo XXI.<\/p>\n<p>&nbsp;<\/p>\n<p>Objetivos:<\/p>\n<ul>\n<li>Promover o Pensamento Computacional e a Literacia Digital<\/li>\n<li>Estimular o Esp\u00edrito Cr\u00edtico<\/li>\n<li>Incentivar a Criatividade<\/li>\n<li>Desenvolver Compet\u00eancias Cognitivas, Sociais e Colaborativas<\/li>\n<\/ul>\n","protected":false},"excerpt":{"rendered":"<p>Partilhas e desafios: programa\u00e7\u00e3o no 1.\u00ba ciclo e rob\u00f3tica L\u00facia Pinheiro E-mail: lucia@aeprado.pt Agrupamento de Escolas de Prado O Agrupamento de Escolas de Prado, no \u00e2mbito do Encontro de Professores sobre Utiliza\u00e7\u00e3o Educativa das TIC, TIC@Portugal\u201917, ir\u00e1 apresentar o projeto intitulado &#8220;Partilhas e Desafios: Programa\u00e7\u00e3o no 1\u00ba Ciclo e Rob\u00f3tica&#8221;, que privilegia o racioc\u00ednio e &hellip; <a href=\"https:\/\/wordpress.educom.pt\/TIC-Portugal-17\/partilhas-e-desafios\/\" class=\"more-link\">Continuar a ler <span class=\"screen-reader-text\"><\/span> <span class=\"meta-nav\">&rarr;<\/span><\/a><\/p>\n","protected":false},"author":9,"featured_media":0,"parent":0,"menu_order":0,"comment_status":"closed","ping_status":"closed","template":"","meta":[],"_links":{"self":[{"href":"https:\/\/wordpress.educom.pt\/TIC-Portugal-17\/wp-json\/wp\/v2\/pages\/9149"}],"collection":[{"href":"https:\/\/wordpress.educom.pt\/TIC-Portugal-17\/wp-json\/wp\/v2\/pages"}],"about":[{"href":"https:\/\/wordpress.educom.pt\/TIC-Portugal-17\/wp-json\/wp\/v2\/types\/page"}],"author":[{"embeddable":true,"href":"https:\/\/wordpress.educom.pt\/TIC-Portugal-17\/wp-json\/wp\/v2\/users\/9"}],"replies":[{"embeddable":true,"href":"https:\/\/wordpress.educom.pt\/TIC-Portugal-17\/wp-json\/wp\/v2\/comments?post=9149"}],"version-history":[{"count":2,"href":"https:\/\/wordpress.educom.pt\/TIC-Portugal-17\/wp-json\/wp\/v2\/pages\/9149\/revisions"}],"predecessor-version":[{"id":9153,"href":"https:\/\/wordpress.educom.pt\/TIC-Portugal-17\/wp-json\/wp\/v2\/pages\/9149\/revisions\/9153"}],"wp:attachment":[{"href":"https:\/\/wordpress.educom.pt\/TIC-Portugal-17\/wp-json\/wp\/v2\/media?parent=9149"}],"curies":[{"name":"wp","href":"https:\/\/api.w.org\/{rel}","templated":true}]}}